{"id":110,"date":"2022-05-26T17:58:01","date_gmt":"2022-05-26T17:58:01","guid":{"rendered":"https:\/\/sobczukbags.com\/?page_id=110"},"modified":"2024-12-29T18:34:48","modified_gmt":"2024-12-29T18:34:48","slug":"about-3","status":"publish","type":"page","link":"https:\/\/sobczukbags.com\/en\/about-3\/","title":{"rendered":"About us"},"content":{"rendered":"<p>[et_pb_section fb_built=&#8221;1&#8243; admin_label=&#8221;section&#8221; _builder_version=&#8221;4.25.1&#8243; custom_margin_tablet=&#8221;&#8221; custom_margin_phone=&#8221;-127px||||false|false&#8221; custom_margin_last_edited=&#8221;on|phone&#8221; global_colors_info=&#8221;{}&#8221;][et_pb_row column_structure=&#8221;1_2,1_2&#8243; _builder_version=&#8221;4.16.1&#8243; _module_preset=&#8221;default&#8221; global_colors_info=&#8221;{}&#8221;][et_pb_column type=&#8221;1_2&#8243; _builder_version=&#8221;4.16.1&#8243; _module_preset=&#8221;default&#8221; global_colors_info=&#8221;{}&#8221;][et_pb_text _builder_version=&#8221;4.16.1&#8243; _module_preset=&#8221;default&#8221; text_font_size=&#8221;15px&#8221; global_colors_info=&#8221;{}&#8221;]<\/p>\n<p><strong>SOBCHUK LUXURY LEATHER GOODS\u00a0<\/strong><\/p>\n<p><span style=\"font-weight: 400;\">The brand was founded in 2015 by artisan Karol Sobczuk, who to this day ensures the quality, mission, and vision of our company.<br \/>We are passionate craftsmen for whom leather goods are not merely products but a story of dedication to excellence, social responsibility, and timeless design.<br \/>The classic design ensures that our products remain timeless, standing out not only for their craftsmanship but also for their elegant style.\u00a0<br \/>In today\u2019s world, where quantity often takes precedence, we focus on uncompromising quality. Our creations not only reflect status but also tell a story of artisanal precision. <br \/>All products are crafted in the Sobczuk workshop in eastern Poland.<br \/><\/span><\/p>\n<p>[\/et_pb_text][\/et_pb_column][et_pb_column type=&#8221;1_2&#8243; _builder_version=&#8221;4.16.1&#8243; _module_preset=&#8221;default&#8221; global_colors_info=&#8221;{}&#8221;][et_pb_image src=&#8221;https:\/\/sobczukbags.com\/wp-content\/uploads\/2024\/04\/prezroczuyste-logo.png&#8221; title_text=&#8221;.&#8221; disabled_on=&#8221;on|off|off&#8221; _builder_version=&#8221;4.16.1&#8243; _module_preset=&#8221;default&#8221; global_colors_info=&#8221;{}&#8221;][\/et_pb_image][\/et_pb_column][\/et_pb_row][et_pb_row column_structure=&#8221;1_2,1_2&#8243; _builder_version=&#8221;4.25.1&#8243; _module_preset=&#8221;default&#8221; custom_margin_tablet=&#8221;&#8221; custom_margin_phone=&#8221;-61px||||false|false&#8221; custom_margin_last_edited=&#8221;on|phone&#8221; global_colors_info=&#8221;{}&#8221;][et_pb_column type=&#8221;1_2&#8243; _builder_version=&#8221;4.16.1&#8243; _module_preset=&#8221;default&#8221; global_colors_info=&#8221;{}&#8221;][et_pb_image src=&#8221;https:\/\/sobczukbags.com\/wp-content\/uploads\/2024\/05\/pict221029_1331590000.jpg&#8221; _builder_version=&#8221;4.16.1&#8243; _module_preset=&#8221;default&#8221; border_radii=&#8221;on|8px|8px|8px|8px&#8221; global_colors_info=&#8221;{}&#8221;][\/et_pb_image][\/et_pb_column][et_pb_column type=&#8221;1_2&#8243; _builder_version=&#8221;4.16.1&#8243; _module_preset=&#8221;default&#8221; global_colors_info=&#8221;{}&#8221;][et_pb_text _builder_version=&#8221;4.27.4&#8243; _module_preset=&#8221;default&#8221; text_line_height=&#8221;1.6em&#8221; hover_enabled=&#8221;0&#8243; global_colors_info=&#8221;{}&#8221; sticky_enabled=&#8221;0&#8243;]<\/p>\n<p><strong>Karol Sobczuk on the creation of the brand<br \/><\/strong><\/p>\n<p>Sewing has been a part of my life since childhood. As a kid, I played a lot of football, but the balls I used would wear out quickly, so I learned to repair them. At the age of thirteen, I would take apart damaged footballs, patch them, and sew them back together so that the stitching was invisible. I even repaired balls for my friends on the field. To this day, I carry scars on my hands from those times.<\/p>\n<p>As a teenager, I bought a scooter that needed a new seat. I took my mom's old sewing machine and my sister's leather jacket to create a seat that looked like the original. My sister still reminds me that I ruined her best leather jacket.<\/p>\n<p>During my school years, I received a Bible as a gift. I decided to make a case for it, using an old jacket from a second-hand shop. These Bible cases became popular, and I began sewing them for friends.<\/p>\n<p>It was then that I dreamed of producing luxury leather goods. Thanks to the experience I gained from sewing Bible cases, I landed a job over 300 kilometers from home, in a small village in central Poland. I moved there and began my journey in leather craftsmanship. During this time, I started collecting tools and my first machines, which allowed me to make bags for my first clients.<\/p>\n<p>I worked for several leathergoods companies in Poland, eventually ending up in London. In London, I opened my own business, rented a small wooden shed, and devoted myself entirely to production. I spent four years there, learning alongside British leather craftsmen.<\/p>\n<p>The time came to return to Poland. I returned to the place where I had repaired footballs as a child. But now, I brought with me the experience of running a business and producing luxury leather goods.<\/p>\n<p>Today, the brand I run is thriving, gaining recognition and a growing base of loyal customers around the world.<\/p>\n<p>[\/et_pb_text][\/et_pb_column][\/et_pb_row][\/et_pb_section][et_pb_section fb_built=&#8221;1&#8243; _builder_version=&#8221;4.25.2&#8243; _module_preset=&#8221;default&#8221; custom_margin=&#8221;-42px||||false|false&#8221; border_width_top=&#8221;3px&#8221; border_color_top=&#8221;#a68e56&#8243; border_style_top=&#8221;double&#8221; global_colors_info=&#8221;{}&#8221;][et_pb_row _builder_version=&#8221;4.25.2&#8243; _module_preset=&#8221;default&#8221; global_colors_info=&#8221;{}&#8221;][et_pb_column type=&#8221;4_4&#8243; _builder_version=&#8221;4.25.2&#8243; _module_preset=&#8221;default&#8221; global_colors_info=&#8221;{}&#8221;][et_pb_text _builder_version=&#8221;4.25.2&#8243; _module_preset=&#8221;default&#8221; text_font=&#8221;|600|||||||&#8221; text_font_size=&#8221;20px&#8221; text_letter_spacing=&#8221;9px&#8221; custom_margin=&#8221;-43px||||false|false&#8221; global_colors_info=&#8221;{}&#8221;]<\/p>\n<p style=\"text-align: center;\">MASS MEDIA ABOUT US<\/p>\n<p>[\/et_pb_text][\/et_pb_column][\/et_pb_row][\/et_pb_section][et_pb_section fb_built=&#8221;1&#8243; _builder_version=&#8221;4.25.2&#8243; _module_preset=&#8221;default&#8221; custom_margin=&#8221;-135px||||false|false&#8221; global_colors_info=&#8221;{}&#8221;][et_pb_row column_structure=&#8221;1_2,1_2&#8243; _builder_version=&#8221;4.25.2&#8243; _module_preset=&#8221;default&#8221; global_colors_info=&#8221;{}&#8221;][et_pb_column type=&#8221;1_2&#8243; _builder_version=&#8221;4.25.2&#8243; _module_preset=&#8221;default&#8221; global_colors_info=&#8221;{}&#8221;][et_pb_image src=&#8221;https:\/\/sobczukbags.com\/wp-content\/uploads\/2024\/06\/TVP3_2016.svg_.png&#8221; title_text=&#8221;TVP3.svg&#8221; _builder_version=&#8221;4.25.2&#8243; _module_preset=&#8221;default&#8221; width=&#8221;43%&#8221; module_alignment=&#8221;center&#8221; global_colors_info=&#8221;{}&#8221;][\/et_pb_image][et_pb_text _builder_version=&#8221;4.25.2&#8243; _module_preset=&#8221;default&#8221; text_font=&#8221;|700|||||||&#8221; text_font_size=&#8221;10px&#8221; text_letter_spacing=&#8221;6px&#8221; custom_margin=&#8221;-16px||||false|false&#8221; global_colors_info=&#8221;{}&#8221;]<\/p>\n<p style=\"text-align: center;\">POLISH TELEVISION<\/p>\n<p>[\/et_pb_text][et_pb_code _builder_version=&#8221;4.25.2&#8243; _module_preset=&#8221;default&#8221; custom_margin=&#8221;-16px||||false|false&#8221; global_colors_info=&#8221;{}&#8221;]<iframe loading=\"lazy\" width=\"560\" height=\"315\" src=\"https:\/\/www.youtube.com\/embed\/v2Da2WYPTsE?si=CNKROLomcCAzOlVD\" title=\"YouTube video player\" frameborder=\"0\" allow=\"accelerometer; autoplay; clipboard-write; encrypted-media; gyroscope; picture-in-picture; web-share\" referrerpolicy=\"strict-origin-when-cross-origin\" allowfullscreen><\/iframe>[\/et_pb_code][\/et_pb_column][et_pb_column type=&#8221;1_2&#8243; _builder_version=&#8221;4.25.2&#8243; _module_preset=&#8221;default&#8221; global_colors_info=&#8221;{}&#8221;][et_pb_image src=&#8221;https:\/\/sobczukbags.com\/wp-content\/uploads\/2024\/07\/goodlife.png&#8221; title_text=&#8221;.&#8221; _builder_version=&#8221;4.25.2&#8243; _module_preset=&#8221;default&#8221; width=&#8221;76%&#8221; module_alignment=&#8221;center&#8221; global_colors_info=&#8221;{}&#8221;][\/et_pb_image][et_pb_text _builder_version=&#8221;4.25.2&#8243; _module_preset=&#8221;default&#8221; text_font=&#8221;|700|||||||&#8221; text_font_size=&#8221;10px&#8221; text_letter_spacing=&#8221;6px&#8221; custom_margin=&#8221;-16px||||false|false&#8221; global_colors_info=&#8221;{}&#8221;]<\/p>\n<p style=\"text-align: center;\">GERMAN LIFESTYLE MAGAZINE<\/p>\n<p>[\/et_pb_text][et_pb_code _builder_version=&#8221;4.25.2&#8243; _module_preset=&#8221;default&#8221; custom_margin=&#8221;-16px||||false|false&#8221; global_colors_info=&#8221;{}&#8221;]<iframe loading=\"lazy\" width=\"560\" height=\"315\" src=\"https:\/\/www.youtube.com\/embed\/8qr1uRc2km0?si=ONjZuiErxm-5smmj\" title=\"YouTube video player\" frameborder=\"0\" allow=\"accelerometer; autoplay; clipboard-write; encrypted-media; gyroscope; picture-in-picture; web-share\" referrerpolicy=\"strict-origin-when-cross-origin\" allowfullscreen><\/iframe>[\/et_pb_code][et_pb_gallery gallery_ids=&#8221;7754,7762,7764,7758&#8243; fullwidth=&#8221;on&#8221; _builder_version=&#8221;4.25.2&#8243; _module_preset=&#8221;default&#8221; global_colors_info=&#8221;{}&#8221;][\/et_pb_gallery][et_pb_toggle title=&#8221;ONE-MAN-SHOW&#8230; (Kliknij by przeczyta\u0107 artyku\u0142)&#8221; toggle_icon=&#8221;&#xe07e;||divi||400&#8243; admin_label=&#8221;Artyku\u0142&#8221; _builder_version=&#8221;4.25.2&#8243; _module_preset=&#8221;default&#8221; global_colors_info=&#8221;{}&#8221;]<\/p>\n<p><span>Being truly cool is possible even in the Polish countryside. The leather goods created by Karol Sobczuk achieve a level of sophistication we couldn\u2019t possibly keep from you.<\/span><\/p>\n<p><span>\u201cSewing has been with me since childhood,\u201d says Karol Sobczuk. His memories of those early beginnings of his craft are particularly amusing. At first, he repaired damaged balls for himself and his teammates, doing it in such a way that the stitches were invisible from the outside. \u201cI still have scars on my hands from that time.\u201d Later, as a teenager, he acquired a moped that needed new upholstery. He sat down at his mother\u2019s old sewing machine and made it from his sister\u2019s best leather jacket. To this day, the designer still hears about it. While in technical school, he made Bible covers from the same material (this was in a small town in eastern Poland), and by the end of school, his plan was born: to produce luxury leather goods.<\/span><\/p>\n<p><span>He worked while learning in several leatherworking studios, completed a leathercraft course, trained in England, and then began developing his own brand: Sobczuk Leather Goods.<\/span><span> Each item, whether a wallet, a tote bag, a women\u2019s handbag, or a men\u2019s weekend travel bag, is exquisite: entirely handcrafted from Tuscan leather and formally aligned with the latest trends. Most importantly, however, they are unique.<\/span><\/p>\n<p><span>\u201cCreated for people who know what they want and prioritize quality, whether in their professional daily lives or while doing grocery shopping,\u201d Sobczuk says. After spending four years in London, the designer opened his leather workshop in 2022 in Siedliska Drugie, near Lublin.<\/span><\/p>\n<p><span>\u201cClassical elegance, and especially interior architecture, are sources of inspiration for me. With furniture, I often pay attention to the stitching or shapes, and I try to translate that into my leather goods. Sometimes I just imagine something, sketch it, and then sew it. There are no rules in this.\u201d <\/p>\n<p>Is this approach typical of Poland, known for its excellent craftsmanship? What does your fashion scene look like? \u201cIt\u2019s diverse. We can combine Slavic traditions with innovations, which leads to unique, Polish products.<\/span><\/p>\n<p><span>We have many distinctive colors and patterns that often appear in fashion designs. Many successful Polish designers draw from our history.\u201d\nAccording to Sobczuk, his own mentality is also a source of inspiration: \u201cWe love craftsmanship. Over the past seven years, the mindset of my compatriots has changed. They are more willing to invest in high-quality products that last for years.\u201d<\/span><\/p>\n<p><span>The Weekender bag costs over 1,000 euros. \u201cThese are the highest-quality leathers in their class. The metal elements come from Italy, the Czech Republic, and even Germany. The zippers are supplied by Italians or Swiss manufacturers, and the lining materials are from Poland,\u201d the designer explains.<\/span><\/p>\n<p><span>Sobczuk is close to hiring his first employees but isn\u2019t rushing. His goal is quality, not quantity. In addition to designing and production, he also handles the restoration of his leather products. Then there\u2019s sales, photo shoots, and brand building\u2026 \u201cI love it! I don\u2019t like monotony.\u201d<\/span><\/p>\n<p>[\/et_pb_toggle][\/et_pb_column][\/et_pb_row][\/et_pb_section]<\/p>","protected":false},"excerpt":{"rendered":"<p>SOBCZUK LUXURY LEATHER GOODS\u00a0 Marka za\u0142o\u017cona zosta\u0142a przez rzemie\u015blnika Karola Sobczuka w 2015 roku, kt\u00f3ry do dzi\u015b dba o jako\u015b\u0107, misj\u0119 i wizj\u0119 naszej marki.Jeste\u015bmy pasjonatami, dla kt\u00f3rych galanteria sk\u00f3rzana to nie tylko produkty, ale historia oddania si\u0119 doskona\u0142o\u015bci, spo\u0142ecznej odpowiedzialno\u015bci i klasycznego designu.Klasyczny design gwarantuje, \u017ce nasze produkty b\u0119d\u0105 ponadczasowe, wyr\u00f3\u017cniaj\u0105ce si\u0119 nie tylko [&hellip;]<\/p>","protected":false},"author":1,"featured_media":0,"parent":0,"menu_order":0,"comment_status":"closed","ping_status":"closed","template":"","meta":{"_et_pb_use_builder":"on","_et_pb_old_content":"<style>\/*! elementor - v3.9.2 - 21-12-2022 *\/\n.elementor-heading-title{padding:0;margin:0;line-height:1}.elementor-widget-heading .elementor-heading-title[class*=elementor-size-]>a{color:inherit;font-size:inherit;line-height:inherit}.elementor-widget-heading .elementor-heading-title.elementor-size-small{font-size:15px}.elementor-widget-heading .elementor-heading-title.elementor-size-medium{font-size:19px}.elementor-widget-heading .elementor-heading-title.elementor-size-large{font-size:29px}.elementor-widget-heading .elementor-heading-title.elementor-size-xl{font-size:39px}.elementor-widget-heading .elementor-heading-title.elementor-size-xxl{font-size:59px}<\/style><h2>Firma Sobczuk<\/h2>\t\t\n\t\t<p>to miejsce, w kt\u00f3rym mi\u0142o\u015bnicy eleganckiej galanterii sk\u00f3rzanej znajd\u0105 to, czego szukaj\u0105. Tutaj jako\u015b\u0107 wykonania jest priorytetem, a ka\u017cdy klient traktowany jest indywidualnie. Ka\u017cdy szczeg\u00f3\u0142 jest perfekcyjnie dopracowany, a sk\u00f3ra wyselekcjonowana z najlepszych garbarni. W ofercie firmy znajdziesz szeroki wyb\u00f3r torebek, portfeli, pask\u00f3w i innych akcesori\u00f3w, kt\u00f3re z pewno\u015bci\u0105 przypadn\u0105 do gustu nawet najbardziej wymagaj\u0105cym osobom.\u00a0<\/p>\t\t\n\t\t\t<style>\/*! elementor - v3.9.2 - 21-12-2022 *\/\n.elementor-widget-image{text-align:center}.elementor-widget-image a{display:inline-block}.elementor-widget-image a img[src$=\".svg\"]{width:48px}.elementor-widget-image img{vertical-align:middle;display:inline-block}<\/style>\t\t\t\t\t\t\t\t\t\t\t\t<img width=\"800\" height=\"534\" src=\"https:\/\/sobczukbags.com\/wp-content\/uploads\/2022\/04\/DSC01583-1024x683.jpg\" alt=\"\" loading=\"lazy\" srcset=\"https:\/\/sobczukbags.com\/wp-content\/uploads\/2022\/04\/DSC01583-1024x683.jpg 1024w, https:\/\/sobczukbags.com\/wp-content\/uploads\/2022\/04\/DSC01583-scaled-600x400.jpg 600w, https:\/\/sobczukbags.com\/wp-content\/uploads\/2022\/04\/DSC01583-300x200.jpg 300w, https:\/\/sobczukbags.com\/wp-content\/uploads\/2022\/04\/DSC01583-768x512.jpg 768w, https:\/\/sobczukbags.com\/wp-content\/uploads\/2022\/04\/DSC01583-1536x1024.jpg 1536w, https:\/\/sobczukbags.com\/wp-content\/uploads\/2022\/04\/DSC01583-2048x1365.jpg 2048w, https:\/\/sobczukbags.com\/wp-content\/uploads\/2022\/04\/DSC01583-1080x720.jpg 1080w, https:\/\/sobczukbags.com\/wp-content\/uploads\/2022\/04\/DSC01583-1280x854.jpg 1280w, https:\/\/sobczukbags.com\/wp-content\/uploads\/2022\/04\/DSC01583-980x653.jpg 980w, https:\/\/sobczukbags.com\/wp-content\/uploads\/2022\/04\/DSC01583-480x320.jpg 480w\" sizes=\"(max-width: 800px) 100vw, 800px\" \/>\t\t\t\t\t\t\t\t\t\t\t\t\t\t\t\n\t\t\t\t\t\t\t\t\t\t\t\t\t\t\t<img width=\"683\" height=\"1024\" src=\"https:\/\/sobczukbags.com\/wp-content\/uploads\/2022\/04\/DSC02264-683x1024.jpg\" alt=\"\" loading=\"lazy\" srcset=\"https:\/\/sobczukbags.com\/wp-content\/uploads\/2022\/04\/DSC02264-683x1024.jpg 683w, https:\/\/sobczukbags.com\/wp-content\/uploads\/2022\/04\/DSC02264-scaled-600x900.jpg 600w, https:\/\/sobczukbags.com\/wp-content\/uploads\/2022\/04\/DSC02264-200x300.jpg 200w, https:\/\/sobczukbags.com\/wp-content\/uploads\/2022\/04\/DSC02264-768x1152.jpg 768w, https:\/\/sobczukbags.com\/wp-content\/uploads\/2022\/04\/DSC02264-1024x1536.jpg 1024w, https:\/\/sobczukbags.com\/wp-content\/uploads\/2022\/04\/DSC02264-1365x2048.jpg 1365w, https:\/\/sobczukbags.com\/wp-content\/uploads\/2022\/04\/DSC02264-1080x1620.jpg 1080w, https:\/\/sobczukbags.com\/wp-content\/uploads\/2022\/04\/DSC02264-1280x1920.jpg 1280w, https:\/\/sobczukbags.com\/wp-content\/uploads\/2022\/04\/DSC02264-980x1470.jpg 980w, https:\/\/sobczukbags.com\/wp-content\/uploads\/2022\/04\/DSC02264-480x720.jpg 480w, https:\/\/sobczukbags.com\/wp-content\/uploads\/2022\/04\/DSC02264-scaled.jpg 1707w\" sizes=\"(max-width: 683px) 100vw, 683px\" \/>\t\t\t\t\t\t\t\t\t\t\t\t\t\t\t\n\t\t\t<h2>Ale to nie wszystko!<\/h2>\t\t\n\t\t<p>S\u0142yniemy r\u00f3wnie\u017c z profesjonalnej obs\u0142ugi i ch\u0119ci spe\u0142nienia wszelkich oczekiwa\u0144 swoich klient\u00f3w. Je\u015bli szukasz miejsca, w kt\u00f3rym jako\u015b\u0107 i indywidualne podej\u015bcie do klienta s\u0105 na pierwszym miejscu, firma Sobczuk jest w\u0142a\u015bnie dla Ciebie. Zanim jednak do nas trafisz, przygotuj si\u0119 na to, \u017ce zakochasz si\u0119 w naszych produktach i obs\u0142udze na tyle, \u017ce b\u0119dziesz chcia\u0142 tu wraca\u0107 jak najcz\u0119\u015bciej!<\/p>","_et_gb_content_width":"","content-type":"","footnotes":""},"class_list":["post-110","page","type-page","status-publish","hentry"],"_links":{"self":[{"href":"https:\/\/sobczukbags.com\/en\/wp-json\/wp\/v2\/pages\/110","targetHints":{"allow":["GET"]}}],"collection":[{"href":"https:\/\/sobczukbags.com\/en\/wp-json\/wp\/v2\/pages"}],"about":[{"href":"https:\/\/sobczukbags.com\/en\/wp-json\/wp\/v2\/types\/page"}],"author":[{"embeddable":true,"href":"https:\/\/sobczukbags.com\/en\/wp-json\/wp\/v2\/users\/1"}],"replies":[{"embeddable":true,"href":"https:\/\/sobczukbags.com\/en\/wp-json\/wp\/v2\/comments?post=110"}],"version-history":[{"count":0,"href":"https:\/\/sobczukbags.com\/en\/wp-json\/wp\/v2\/pages\/110\/revisions"}],"wp:attachment":[{"href":"https:\/\/sobczukbags.com\/en\/wp-json\/wp\/v2\/media?parent=110"}],"curies":[{"name":"wp","href":"https:\/\/api.w.org\/{rel}","templated":true}]}}