{"id":1038,"date":"2024-04-14T14:35:47","date_gmt":"2024-04-14T14:35:47","guid":{"rendered":"https:\/\/sobczukbags.com\/?post_type=product&#038;p=1038"},"modified":"2025-11-03T15:27:48","modified_gmt":"2025-11-03T14:27:48","slug":"protective-tray-black-and-grey-2","status":"publish","type":"product","link":"https:\/\/sobczukbags.com\/en\/product-3\/protective-tray-black-and-grey-2\/","title":{"rendered":"Watch and accessory tray, grey"},"content":{"rendered":"<p>A luxury watch can get scratched when you least expect it. The protective tray for your watch and accessories will protect it perfectly against this! When removing your watch from your hand, place it on the soft protective tray and that's it! This will keep your watch and accessories looking great for a long time. Perfect for travelling! Unfasten the corners, pack the tray flat and use it wherever you want. Whether you are in a hotel, on a business trip or in the office, the protective tray will protect your accessories perfectly.<\/p>","protected":false},"excerpt":{"rendered":"<ul>\n<li>Top leather colours: Grey<\/li>\n<li>Soft, fluffy suede leather<\/li>\n<li>Cow grain leather on the outside - bottom side<\/li>\n<li>Protection of the watch and accessories against scratches<\/li>\n<li>Brass snap snap fasteners<\/li>\n<li>Detachable corners<\/li>\n<li>Dimensions: 26x26x5 cm<\/li>\n<li>Free embossing of monograms\/initials available (optional).<\/li>\n<li>5-year warranty<\/li>\n<li>Unisex product.<\/li>\n<\/ul>","protected":false},"featured_media":4086,"comment_status":"open","ping_status":"closed","template":"","meta":{"_et_pb_use_builder":"on","_et_pb_old_content":"Luksusowy zegarek mo\u017ce ulec zarysowaniu w najmniej oczekiwanym momencie. Tacka ochronna na zegarek i akcesoria doskonale go przed tym zabezpieczy! Zdejmuj\u0105c zegarek z r\u0119ki, umie\u015b\u0107 go na mi\u0119kkiej tacki ochronnej i to wszystko! Dzi\u0119ki temu Tw\u00f3j zegarek i akcesoria b\u0119d\u0105 prezentowa\u0107 si\u0119 \u015bwietnie przez d\u0142ugi czas. Idealna do podr\u00f3\u017cy! Rozepnij rogi, spakuj tack\u0119 na p\u0142asko i u\u017cywaj jej gdziekolwiek chcesz. Bez wzgl\u0119du na to, czy jeste\u015b w hotelu, w podr\u00f3\u017cy s\u0142u\u017cbowej czy w biurze, tacka ochronna doskonale ochroni Twoje akcesoria.","_et_gb_content_width":"","content-type":""},"product_brand":[],"product_cat":[39,216,37],"product_tag":[],"class_list":{"0":"post-1038","1":"product","2":"type-product","3":"status-publish","4":"has-post-thumbnail","6":"product_cat-akcesoria","7":"product_cat-wszystkie-akcesoria","8":"product_cat-wszystkie-produkty","9":"product_shipping_class-l-portfolio-etui-na-laptop-itp","11":"first","12":"onbackorder","13":"taxable","14":"shipping-taxable","15":"purchasable","16":"product-type-variable","17":"has-default-attributes","18":"wvs-archive-product-wrapper"},"wcpa_form_fields":null,"_links":{"self":[{"href":"https:\/\/sobczukbags.com\/en\/wp-json\/wp\/v2\/product\/1038","targetHints":{"allow":["GET"]}}],"collection":[{"href":"https:\/\/sobczukbags.com\/en\/wp-json\/wp\/v2\/product"}],"about":[{"href":"https:\/\/sobczukbags.com\/en\/wp-json\/wp\/v2\/types\/product"}],"replies":[{"embeddable":true,"href":"https:\/\/sobczukbags.com\/en\/wp-json\/wp\/v2\/comments?post=1038"}],"wp:featuredmedia":[{"embeddable":true,"href":"https:\/\/sobczukbags.com\/en\/wp-json\/wp\/v2\/media\/4086"}],"wp:attachment":[{"href":"https:\/\/sobczukbags.com\/en\/wp-json\/wp\/v2\/media?parent=1038"}],"wp:term":[{"taxonomy":"product_brand","embeddable":true,"href":"https:\/\/sobczukbags.com\/en\/wp-json\/wp\/v2\/product_brand?post=1038"},{"taxonomy":"product_cat","embeddable":true,"href":"https:\/\/sobczukbags.com\/en\/wp-json\/wp\/v2\/product_cat?post=1038"},{"taxonomy":"product_tag","embeddable":true,"href":"https:\/\/sobczukbags.com\/en\/wp-json\/wp\/v2\/product_tag?post=1038"}],"curies":[{"name":"wp","href":"https:\/\/api.w.org\/{rel}","templated":true}]}}