{"id":1073,"date":"2024-04-14T18:01:28","date_gmt":"2024-04-14T18:01:28","guid":{"rendered":"https:\/\/sobczukbags.com\/?post_type=product&#038;p=1073"},"modified":"2025-11-08T08:35:31","modified_gmt":"2025-11-08T07:35:31","slug":"laptop-and-document-bag-black-3","status":"publish","type":"product","link":"https:\/\/sobczukbags.com\/en\/product-3\/laptop-and-document-bag-black-3\/","title":{"rendered":"LAPTOP AND DOCUMENT BAG, Dark brown"},"content":{"rendered":"<p><strong>All available leather colours<\/strong>: 1) Black, 2) Navy blue, 3) Dark brown, 4) Maroon, 5) Cognac.<br \/>\nIf you would like to choose a different colour, please enter the name of the colour in the \"Order notes\" field at the last stage of your order.<br \/>\n<img loading=\"lazy\" decoding=\"async\" class=\"alignnone size-full wp-image-10608\" src=\"https:\/\/sobczukbags.com\/wp-content\/uploads\/2024\/09\/Aa-Tekst.png\" alt=\"\" width=\"700\" height=\"150\" srcset=\"https:\/\/sobczukbags.com\/wp-content\/uploads\/2024\/09\/Aa-Tekst.png 700w, https:\/\/sobczukbags.com\/wp-content\/uploads\/2024\/09\/Aa-Tekst-480x103.png 480w\" sizes=\"(min-width: 0px) and (max-width: 480px) 480px, (min-width: 481px) 700px, 100vw\" \/><\/p>\n<p>Bag Ideal for everyday use. Works well for carrying a laptop, documents or everyday items.<br \/>\nIts classic design ensures it never goes out of style. It complements most outfits, from smart casual to business attire, perfectly highlighting your confidence and professionalism.<br \/>\nA strap on the back of the bag allows the bag to be placed comfortably on an airport suitcase.<br \/>\nShoulder strap, features a wide non-slip shoulder strap. Prevents the belt from slipping off the shoulder during travel.<\/p>\n<p>On the back wall inside the bag is a large compartment for a laptop up to 15\" with a snap closure, along with three pen pockets. On the front wall inside the bag is a wallet pocket.<\/p>\n<p>We offer a 7-year warranty on every bag, including free repairs and restoration during this period.<br \/>\nWe also provide post-warranty services to extend the life of your bag.<br \/>\nWith proper care, the product will last for many long years.<\/p>\n<p>In response to the demands of the most discerning users, we follow the philosophy of \"Quiet Luxury,\" meaning we avoid adding visible logos.<\/p>","protected":false},"excerpt":{"rendered":"<ul>\n<li>Leather color: Black<\/li>\n<li>Initials \/ Personalization on the bag tag (optional).<\/li>\n<li>Reliable RiRi zipper. The length allows for easy packing of the bag.<\/li>\n<li>Soft compartment for a 13\u201d or 15\u201d laptop.<\/li>\n<li>Additional inside pocket for a wallet.<\/li>\n<li>Slots for three pens.<\/li>\n<li>Wide, adjustable, full leather shoulder strap with anti-slip coating<\/li>\n<li>Pocket on the back of the bag.<\/li>\n<li>A strap on the back of the bag, allows the bag to be placed comfortably on the airport luggage.<\/li>\n<li>Tag (tag), with details of the bag's owner.<\/li>\n<li>Metal feet at the bottom of the bag protect it from wear and tear.<\/li>\n<li>Inner lining in thick cotton with a beautiful bottle green colour. Leather trims.<\/li>\n<li>No visible brand logo.<\/li>\n<li>Dimensions: 40x31x8.5cm<\/li>\n<li>7-year warranty.<\/li>\n<li>Unisex bag.<\/li>\n<\/ul>","protected":false},"featured_media":11176,"comment_status":"open","ping_status":"closed","template":"","meta":{"_et_pb_use_builder":"","_et_pb_old_content":"","_et_gb_content_width":"","content-type":""},"product_brand":[],"product_cat":[38,37],"product_tag":[],"class_list":{"0":"post-1073","1":"product","2":"type-product","3":"status-publish","4":"has-post-thumbnail","6":"product_cat-torby","7":"product_cat-wszystkie-produkty","8":"product_shipping_class-xl-torby-codzienne-tote-bag-classic-bag-torba-na-laprop-plecak-itp","9":"wcpa_has_options","11":"first","12":"onbackorder","13":"taxable","14":"shipping-taxable","15":"purchasable","16":"product-type-simple"},"wcpa_form_fields":{"wcpaData":{"product":{"product_price":5190,"price_html":"<span class='wmc-cache-pid ' data-wmc_product_id='1073'><span class=\"woocommerce-Price-amount amount\">5190,00<span class=\"woocommerce-Price-currencySymbol\">&#122;&#322;<\/span><\/span><\/span>","original_product_price":5190,"price_including_tax":5190,"price_excluding_tax":4219.512195,"product_id":{"parent":1073,"variation":false},"is_variable":false,"stock_status":"onbackorder","stock_quantity":null,"parent_sku":"","product_attributes":{"pa_torba-na-laptop-kolor-skory":{"is_variation":false,"values":["torba-na-laptop-czarny"]}},"custom_fields":{"wcpa_pcf_monogram_visibility":"show"},"is_taxable":true,"product_name":"Torba na laptop i dokumenty, czer\u0144","hasImage":false},"fields":{"sec_56781439e54c34":{"extra":{"key":"sec_56781439e54c34","section_id":"sec_56781439e54c34","name":"Default","status":1,"toggle":true,"form_id":9345,"form_rules":{"exclude_from_discount":false,"fee_label":"Fee","disp_hide_options_price":false,"disp_show_section_price":false,"disp_show_field_price":true,"layout_option":"standard","pric_use_as_fee":false,"process_fee_as":"woo_fee"},"layout_option":"standard"},"fields":[[{"active":true,"col":6,"relations":[{"operator":false,"rules":[{"operator":false,"rules":{"cl_field":"select_7261061410","cl_relation":"is","cl_val":"hide"}}]}],"cl_rule":"hide","enableCl":true,"price":"","enablePrice":false,"className":"","type":"text","subtype":"text","required":false,"elementId":"text_5247103151","label":"Personalizacja \/ monogram","name":"hide_text_field","value":"","error":false,"placeholder":"J.K \/ J.Kowalski","description":"Wpisz tekst do personalizacji (do 10 znak\u00f3w) lub pozostaw puste pole.","maxlength":"10","repeater":false,"repeater_field_label":"{field_label}","repeater_bind":"","enableDesign":true,"LabelColor":"#000000","DescColor":"#4a4a4a","DescSize":"10","enableWeight":false,"mapToCheckout":false,"tooltip":"Inicja\u0142y b\u0119d\u0105 umieszczone na przywieszce (je\u015bli jest zawarta w produkcie). Tekst powy\u017cej 5 znak\u00f3w b\u0119dzie umieszczomny na korpusie produktu.","gt_translate_keys":["label","placeholder","description","value","tooltip","repeater_field_label"],"price_dependency":false,"cl_dependency":false}]]},"sec_0690eeef1e5a6c":{"extra":{"key":"sec_0690eeef1e5a6c","section_id":"sec_0690eeef1e5a6c","name":"Default","status":1,"cl_rule":"show","enableCl":false,"relations":[],"toggle":true,"title_tag":"h3","show_title":false,"showPrice":"default","form_id":12076,"form_rules":{"exclude_from_discount":false,"fee_label":"Fee","disp_hide_options_price":false,"disp_show_section_price":false,"disp_show_field_price":true,"layout_option":"standard","pric_use_as_fee":false,"process_fee_as":"woo_fee"},"layout_option":"standard"},"fields":[[{"active":true,"col":6,"relations":false,"cl_rule":"show","enableCl":false,"price":"","enablePrice":false,"className":"","label_position":"default","desc_position":"default","type":"select","required":false,"elementId":"select_5863635621","label":"Kolor oku\u0107:","name":"select_5863635621","values":[{"label":"Z\u0142ote","value":"z\u0142ote","selected":true,"tempId":"aco_287","gt_translate_keys":["label"]},{"label":"Srebrne","value":"srebrne","selected":false,"tempId":"aco_288","gt_translate_keys":["label"]},{"label":"Option - 3","value":"Option - 3","selected":false,"tempId":"aco_289","gt_translate_keys":["label"]}],"isWeightTemplate":false,"error":false,"isTemplate":false,"min_quantity":"1","quantity_decimal":false,"quantity_step":"1","quantity_label":"Quantity","repeater_field_label":"{field_label}","repeater_bind":"","dropdown_type":"basic","gt_translate_keys":["label","repeater_field_label","quantity_label"],"price_dependency":false,"cl_dependency":false,"value":""}],[{"active":true,"col":6,"relations":false,"cl_rule":"show","enableCl":false,"price":"","enablePrice":false,"className":"","label_position":"default","desc_position":"default","type":"select","required":false,"elementId":"select_5366261269","label":"Personalizacja","name":"select_5366261269","values":[{"label":"W kolorze oku\u0107","value":"w kolorze oku\u0107","selected":true,"tempId":"aco_1579","gt_translate_keys":["label"]},{"label":"Bez koloru (samo t\u0142oczenie)","value":"bez koloru","selected":false,"tempId":"aco_1580","gt_translate_keys":["label"]}],"isWeightTemplate":false,"error":false,"isTemplate":false,"min_quantity":"1","quantity_decimal":false,"quantity_step":"1","quantity_label":"Quantity","repeater_field_label":"{field_label}","repeater_bind":"","dropdown_type":"basic","gt_translate_keys":["label","repeater_field_label","quantity_label"],"price_dependency":false,"cl_dependency":false,"value":""}],[{"active":true,"col":6,"relations":false,"cl_rule":"show","enableCl":false,"price":"","enablePrice":false,"className":"","label_position":"default","desc_position":"default","type":"select","required":false,"elementId":"select_6412080524","label":"Rozmiar kieszeni na laptop:","name":"select_6412080524","values":[{"label":"13\"","value":"13","selected":true,"tempId":"aco_1086","gt_translate_keys":["label"]},{"label":"15\"","value":"15","selected":false,"tempId":"aco_1087","gt_translate_keys":["label"]}],"isWeightTemplate":false,"error":false,"isTemplate":false,"min_quantity":"1","quantity_decimal":false,"quantity_step":"1","quantity_label":"Quantity","repeater_field_label":"{field_label}","repeater_bind":"","dropdown_type":"basic","gt_translate_keys":["label","repeater_field_label","quantity_label"],"price_dependency":false,"cl_dependency":false,"value":""}]]},"sec_267c098b558d36":{"extra":{"key":"sec_267c098b558d36","section_id":"sec_267c098b558d36","name":"Default","status":1,"cl_rule":"show","enableCl":false,"relations":[],"toggle":true,"title_tag":"h3","show_title":false,"showPrice":"default","form_id":10589,"form_rules":{"exclude_from_discount":false,"fee_label":"Fee","disp_hide_options_price":false,"disp_show_section_price":false,"disp_show_field_price":true,"layout_option":"standard","pric_use_as_fee":false,"process_fee_as":"woo_fee"},"layout_option":"standard"},"fields":[[{"active":true,"col":6,"relations":[{"operator":false,"rules":[{"operator":"AND","rules":{"cl_field":"attribute","cl_relation":"is","cl_val":"bez","cl_field_sub":"pa_wnetrze"}}]}],"cl_rule":"hide","enableCl":true,"price":"","enablePrice":false,"className":"","label_position":"default","desc_position":"default","type":"image-group","required":true,"elementId":"image_6752702441","label":"Kolor podszewki:","name":"image_6752702441","enable_popup":"all","multiple":false,"layOut":"inline","img_selection_type":"outline","disp_type":"squircle","values":[{"label":"Czarny","value":"Czarny","selected":false,"image":"https:\/\/sobczukbags.com\/wp-content\/uploads\/2025\/02\/Zrzut-ekranu-2025-02-26-o-19.20.44-2.jpeg","thumb":"https:\/\/sobczukbags.com\/wp-content\/uploads\/2025\/02\/Zrzut-ekranu-2025-02-26-o-19.20.44-2-150x150.jpeg","tempId":"aco_4411","image_id":10592,"thumb_src":"https:\/\/sobczukbags.com\/wp-content\/uploads\/2025\/02\/Zrzut-ekranu-2025-02-26-o-19.20.44-2-100x100.jpeg","gt_translate_keys":["label"]},{"label":"Granat","value":"Granat","selected":false,"image":"https:\/\/sobczukbags.com\/wp-content\/uploads\/2025\/02\/Zrzut-ekranu-2025-02-26-o-19.23.05-1.jpeg","thumb":"https:\/\/sobczukbags.com\/wp-content\/uploads\/2025\/02\/Zrzut-ekranu-2025-02-26-o-19.23.05-1-150x150.jpeg","tempId":"aco_4412","image_id":10594,"thumb_src":"https:\/\/sobczukbags.com\/wp-content\/uploads\/2025\/02\/Zrzut-ekranu-2025-02-26-o-19.23.05-1-100x100.jpeg","gt_translate_keys":["label"]},{"label":"Bordowy","value":"Bordowy","selected":false,"image":"https:\/\/sobczukbags.com\/wp-content\/uploads\/2025\/02\/Zrzut-ekranu-2025-02-27-o-08.00.10.jpeg","thumb":"https:\/\/sobczukbags.com\/wp-content\/uploads\/2025\/02\/Zrzut-ekranu-2025-02-27-o-08.00.10-150x150.jpeg","tempId":"aco_25","image_id":10590,"thumb_src":"https:\/\/sobczukbags.com\/wp-content\/uploads\/2025\/02\/Zrzut-ekranu-2025-02-27-o-08.00.10-100x100.jpeg","gt_translate_keys":["label"]},{"label":"Ciemna ziele\u0144","value":"Ciemna ziele\u0144","selected":true,"image":"https:\/\/sobczukbags.com\/wp-content\/uploads\/2025\/02\/Zrzut-ekranu-2025-02-26-o-19.20.44.jpeg","thumb":"https:\/\/sobczukbags.com\/wp-content\/uploads\/2025\/02\/Zrzut-ekranu-2025-02-26-o-19.20.44-150x150.jpeg","tempId":"aco_4413","image_id":10593,"thumb_src":"https:\/\/sobczukbags.com\/wp-content\/uploads\/2025\/02\/Zrzut-ekranu-2025-02-26-o-19.20.44-100x100.jpeg","gt_translate_keys":["label"]}],"disp_size_img":{"width":"50","height":"50"},"error":false,"img_preview":false,"img_preview_disable_mobile":false,"description":"","tooltip":"Domy\u015blnie kolor podszewki to \u201eciemnozielony\u201d. Aby go zmieni\u0107, kliknij wybrany kolor.<br \/>\n<br \/>\nPodszewka wykonana jest z bawe\u0142ny z domieszk\u0105 poliestru, z wyj\u0105tkiem koloru \u201eciemna ziele\u0144\u201d, kt\u00f3ry jest w 100% bawe\u0142niany.","repeater":false,"repeater_field_label":"{field_label}","repeater_bind":"","show_as_product_image":false,"enable_product_image":false,"enableClearSelection":false,"options_description":false,"show_selected_option":true,"gt_translate_keys":["label","description","tooltip","repeater_field_label"],"price_dependency":false,"cl_dependency":false,"value":""}]]}},"config":{"price_override":"","enable_recaptcha":false,"bind_quantity":false,"quantity_bind_formula":false,"disp_summ_show_option_price":true,"disp_summ_show_product_price":true,"disp_summ_show_total_price":true,"disp_summ_show_fee":false,"disp_summ_show_discount":false,"summary_title":"","options_total_label":"Options Price","total_label":"Total","options_product_label":"Product Price","fee_label":"Fee","discount_label":"Discount","has_price":true,"has_quantity_formula":false},"mc_unit":1,"tax_rate":1,"tax_rate_real":0.23,"discount":{"percentage":0,"fixed":0},"design":{"conf":{"LabelPosition":"above","DescPosition":"above","UploadField":"custom_1","QuantityFieldStyle":"default"},"css":{"LeftLabelWidth":"120px"}},"formulas":[],"lookuptables":[],"clones":false,"cartKey":false}},"_links":{"self":[{"href":"https:\/\/sobczukbags.com\/en\/wp-json\/wp\/v2\/product\/1073","targetHints":{"allow":["GET"]}}],"collection":[{"href":"https:\/\/sobczukbags.com\/en\/wp-json\/wp\/v2\/product"}],"about":[{"href":"https:\/\/sobczukbags.com\/en\/wp-json\/wp\/v2\/types\/product"}],"replies":[{"embeddable":true,"href":"https:\/\/sobczukbags.com\/en\/wp-json\/wp\/v2\/comments?post=1073"}],"wp:featuredmedia":[{"embeddable":true,"href":"https:\/\/sobczukbags.com\/en\/wp-json\/wp\/v2\/media\/11176"}],"wp:attachment":[{"href":"https:\/\/sobczukbags.com\/en\/wp-json\/wp\/v2\/media?parent=1073"}],"wp:term":[{"taxonomy":"product_brand","embeddable":true,"href":"https:\/\/sobczukbags.com\/en\/wp-json\/wp\/v2\/product_brand?post=1073"},{"taxonomy":"product_cat","embeddable":true,"href":"https:\/\/sobczukbags.com\/en\/wp-json\/wp\/v2\/product_cat?post=1073"},{"taxonomy":"product_tag","embeddable":true,"href":"https:\/\/sobczukbags.com\/en\/wp-json\/wp\/v2\/product_tag?post=1073"}],"curies":[{"name":"wp","href":"https:\/\/api.w.org\/{rel}","templated":true}]}}