{"id":1109,"date":"2024-04-14T19:19:25","date_gmt":"2024-04-14T19:19:25","guid":{"rendered":"https:\/\/sobczukbags.com\/?post_type=product&#038;p=1109"},"modified":"2026-04-13T09:43:48","modified_gmt":"2026-04-13T08:43:48","slug":"tote-bag-brown-2","status":"publish","type":"product","link":"https:\/\/sobczukbags.com\/en\/product-3\/tote-bag-brown-2\/","title":{"rendered":"Tote Bag, dark brown"},"content":{"rendered":"<p>[et_pb_section fb_built=\u201d1\u2033 _builder_version=\u201d4.16\u2033 custom_padding=\u201d0px||||false|false\u201d global_colors_info=\u201d{}\u201d][et_pb_row _builder_version=\u201d4.16\u2033 background_size=\u201dinitial\u201d background_position=\u201dtop_left\u201d background_repeat=\u201drepeat\u201d width=\u201d100%\u201d custom_padding=\u201d0px||0px||false|false\u201d global_colors_info=\u201d{}\u201d][et_pb_column type=\u201d4_4\u2033 _builder_version=\u201d4.16\u2033 custom_padding=\u201d|||\u201d global_colors_info=\u201d{}\u201d custom_padding__hover=\u201d|||\u201d][et_pb_wc_breadcrumb admin_label=\u201dWoo Breadcrumbs\u201d _builder_version=\u201d4.16\u2033 global_colors_info=\u201d{}\u201d][\/et_pb_wc_breadcrumb][et_pb_wc_cart_notice _builder_version=\u201d4.16\u2033 global_colors_info=\u201d{}\u201d][\/et_pb_wc_cart_notice][\/et_pb_column][\/et_pb_row][et_pb_row column_structure=\u201d1_2,1_2\u2033 _builder_version=\u201d4.16\u2033 background_size=\u201dinitial\u201d background_position=\u201dtop_left\u201d background_repeat=\u201drepeat\u201d width=\u201d100%\u201d custom_padding=\u201d0px||||false|false\u201d global_colors_info=\u201d{}\u201d][et_pb_column type=\u201d1_2\u2033 _builder_version=\u201d4.16\u2033 custom_padding=\u201d|||\u201d global_colors_info=\u201d{}\u201d custom_padding__hover=\u201d|||\u201d][et_pb_wc_images _builder_version=\u201d4.16\u2033 global_colors_info=\u201d{}\u201d][\/et_pb_wc_images][\/et_pb_column][et_pb_column type=\u201d1_2\u2033 _builder_version=\u201d4.16\u2033 custom_padding=\u201d|||\u201d global_colors_info=\u201d{}\u201d custom_padding__hover=\u201d|||\u201d][et_pb_wc_title _builder_version=\u201d4.16\u2033 global_colors_info=\u201d{}\u201d][\/et_pb_wc_title][et_pb_wc_rating _builder_version=\u201d4.16\u2033 global_colors_info=\u201d{}\u201d][\/et_pb_wc_rating][et_pb_wc_price _builder_version=\u201d4.16\u2033 global_colors_info=\u201d{}\u201d][\/et_pb_wc_price][et_pb_wc_description _builder_version=\u201d4.16\u2033 global_colors_info=\u201d{}\u201d][\/et_pb_wc_description][et_pb_wc_add_to_cart _builder_version=\u201d4.16\u2033 global_colors_info=\u201d{}\u201d][\/et_pb_wc_add_to_cart][et_pb_wc_meta _builder_version=\u201d4.16\u2033 global_colors_info=\u201d{}\u201d][\/et_pb_wc_meta][\/et_pb_column][\/et_pb_row][et_pb_row _builder_version=\u201d4.16\u2033 background_size=\u201dinitial\u201d background_position=\u201dtop_left\u201d background_repeat=\u201drepeat\u201d width=\u201d100%\u201d global_colors_info=\u201d{}\u201d][et_pb_column type=\u201d4_4\u2033 _builder_version=\u201d4.16\u2033 custom_padding=\u201d|||\u201d global_colors_info=\u201d{}\u201d custom_padding__hover=\u201d|||\u201d][et_pb_wc_tabs _builder_version=\u201d4.16\u2033 global_colors_info=\u201d{}\u201d]\t\t\t\t\t[\/et_pb_wc_tabs][et_pb_wc_upsells _builder_version=\u201d4.16\u2033 global_colors_info=\u201d{}\u201d][\/et_pb_wc_upsells][et_pb_wc_related_products _builder_version=\u201d4.16\u2033 global_colors_info=\u201d{}\u201d][\/et_pb_wc_related_products][\/et_pb_column][\/et_pb_row][\/et_pb_section]<\/p>","protected":false},"excerpt":{"rendered":"<ul>\n<li>Leather Color: Dark Brown<\/li>\n<li>Long handles allow the bag to be worn on the shoulder or by hand.<\/li>\n<li>Two external pockets<\/li>\n<li>Zipper or press snap closure<\/li>\n<li>Available with or without lining<\/li>\n<li>Metal elements made of solid brass or stainless steel<\/li>\n<li>Large internal pocket for wallet or tablet, fastened with a press snap<\/li>\n<li>Large pocket for 16\" laptop<\/li>\n<li>Internal zip pocket (in the version with lining)<\/li>\n<li>Free monogram embossing (personalization).<\/li>\n<li>Dimensions: 40x35x10 cm or 40x35x15 cm<\/li>\n<li>No visible brand logo<\/li>\n<li>Weight: 0.65 kg<\/li>\n<li>7-year warranty.<\/li>\n<li>Unisex bag<\/li>\n<\/ul>","protected":false},"featured_media":4098,"comment_status":"open","ping_status":"closed","template":"","meta":{"_et_pb_use_builder":"on","_et_pb_old_content":"<strong>Wszystkie dost\u0119pne kolory sk\u00f3ry<\/strong>: 1. Czarny, 2. Granat, 3. Ciemny br\u0105z, 4. Bordo, 5. Koniak.\r\nJe\u015bli chcesz wybra\u0107 inny kolor, wpisz jego nazw\u0119 w polu \u201eUwagi do zam\u00f3wienia\u201d na ostatnim etapie zam\u00f3wienia.\r\n<img class=\"alignnone size-full wp-image-10608\" src=\"https:\/\/sobczukbags.com\/wp-content\/uploads\/2024\/09\/Aa-Tekst.png\" alt=\"\" width=\"700\" height=\"150\" \/>\r\n\r\n<b>Tote Bag to najbardziej wszechstronna torba w naszej ofercie.<\/b> Idealnie sprawdzi si\u0119 do przenoszenia przedmiot\u00f3w codziennego u\u017cytku, takich jak zakupy, rzeczy do biura, a nawet na si\u0142owni\u0119.\r\n\r\nMinimalistyczne zapi\u0119cie na nap gwarantuje szybki dost\u0119p do wn\u0119trza torby, natomiast zamkni\u0119cie na suwak, dobrze zabezpieczy twoje przedmioty!\r\n\r\nWersja bez podszewki prezentuje si\u0119 bardzo minimalistycznie, wykonana jedynie z grubej sk\u00f3ry licowej garbowanej ro\u015blinnie oraz element\u00f3w metalowych z mosi\u0105dzu lub stali nierdzewnej. To po\u0142\u0105czenie gwarantuje trwa\u0142o\u015b\u0107 torby przez d\u0142ugie lata.\r\n\r\nWersja z podszewk\u0105 sprawia \u017ce torba staje si\u0119 bardziej elegancka. Podszewka wykonana jest z grubej bawe\u0142ny o uko\u015bnym splocie.\r\n\r\nKlasyczny design torby \u00a0sprawia, \u017ce nigdy nie wyjdzie z mody. Pasuje do wi\u0119kszo\u015bci stylizacji, od smart casual po styl biznesowy. Idealnie podkre\u015bli pewno\u015b\u0107 siebie i profesjonalizm.\r\n\r\n<strong>Kr\u00f3tsze r\u0105czki<\/strong> - Je\u015bli Tw\u00f3j wzrost jest ni\u017cszy ni\u017c 170 cm, wybierz t\u0105 opcj\u0119\r\n\r\n<img class=\"alignleft wp-image-4180\" src=\"https:\/\/sobczukbags.com\/wp-content\/uploads\/2024\/06\/rodzaje-zamkniecia.jpg\" alt=\"\" width=\"500\" height=\"500\" \/><b><\/b>\r\n\r\n<b>Suwak czy zatrzask?<\/b>\r\n\r\nJe\u015bli chcesz, aby Twoje przedmioty by\u0142y dobrze zabezpieczone np. przed deszczem, b\u0119dziesz czu\u0107 si\u0119 bezpieczniej gdy torba b\u0119dzie w pe\u0142ni zamkni\u0119ta? Wybierz suwak.\r\n\r\nJe\u015bli potrzebujesz bardzo szybkiego dost\u0119pu do torby, chcesz aby torba wygl\u0105da\u0142a minimalistycznie? Wybierz zatrzask\r\n\r\nNap jest najcz\u0119strzym wyborem w\u015br\u00f3d klient\u00f3w.\r\n\r\n&nbsp;\r\n\r\n<img class=\"wp-image-4770 alignright\" src=\"https:\/\/sobczukbags.com\/wp-content\/uploads\/2024\/04\/grubosc-torby-tote-bag.jpg\" alt=\"\" width=\"500\" height=\"500\" \/>\r\n\r\n&nbsp;\r\n\r\n&nbsp;\r\n\r\n&nbsp;\r\n\r\n&nbsp;\r\n\r\n&nbsp;\r\n\r\n<b>Grubo\u015b\u0107 torby 10cm czy 15cm?<\/b>\r\n\r\nJe\u015bli lubisz nosi\u0107 wi\u0119cej rzeczy, chcesz wyje\u017cdza\u0107 za miasto, robi\u0107 wi\u0119ksze zakupy i chodzi\u0107 na si\u0142owni\u0119 zabieraj\u0105c r\u0119cznik itp. Wybierz 15cm.\r\n\r\nJe\u015bli chcesz u\u017cywa\u0107 torby do wyj\u015b\u0107 do biura, nosi\u0107 w niej laptop, lunxbox, wod\u0119 i ma\u0142e zakupy, wybierz Ci 10 cm.\r\n\r\nTorba 10cm wydaje si\u0119 by\u0107 bardziej elegancka ni\u017c 15cm poniewa\u017c jest smuklejsza.\r\n\r\n&nbsp;\r\n\r\n<img class=\"wp-image-4311 alignleft\" src=\"https:\/\/sobczukbags.com\/wp-content\/uploads\/2024\/06\/rodzaje-wnetrza.jpg\" alt=\"\" width=\"500\" height=\"500\" \/>\r\n\r\n&nbsp;\r\n\r\n&nbsp;\r\n\r\n<b>Z podszewk\u0105 czy bez?<\/b>\r\n\r\nJe\u015bli chcesz utrzyma\u0107 minimalistyczny styl torby, lubisz gdy jest lekka, wybierz wersj\u0119 bez podszewki.\r\n\r\nJe\u015bli chcesz, aby torba by\u0142a sztywniejsza, by wygl\u0105da\u0142a bardziej ekskluzywnie, wybierz wersj\u0119 z podszewk\u0105.\r\n\r\nPrzewa\u017cnie klienci wybieraj\u0105 wersj\u0119 bez podszewki.\r\n\r\n&nbsp;\r\n\r\n&nbsp;\r\n\r\n&nbsp;\r\n\r\n&nbsp;\r\n\r\n&nbsp;\r\n\r\nNa ka\u017cd\u0105 torb\u0119 udzielamy 7 lat gwarancji, obejmuj\u0105cej darmow\u0105 napraw\u0119 i regeneracj\u0119 w tym okresie. Oferujemy r\u00f3wnie\u017c serwis pogwarancyjny, aby torba mog\u0142a s\u0142u\u017cy\u0107 jeszcze d\u0142u\u017cej.\r\n\r\nW odpowiedzi na wymagania najbardziej wymagaj\u0105cych u\u017cytkownik\u00f3w, kierujemy si\u0119 filozofi\u0105 \u201eQuiet luxury\u201d czyli \u201eCichy luksus\u201d nie dodaj\u0105c logotyp\u00f3w w widocznych miejscach na zewn\u0105trz produktu.<span class=\"Apple-converted-space\">\r\n<\/span>\r\n\r\n[embed]https:\/\/youtube.com\/shorts\/FIZzRyOEIX8?feature=share[\/embed]\r\n\r\n<span class=\"Apple-converted-space\">\u00a0<\/span>","_et_gb_content_width":"","content-type":""},"product_brand":[],"product_cat":[36,38,37],"product_tag":[],"class_list":{"0":"post-1109","1":"product","2":"type-product","3":"status-publish","4":"has-post-thumbnail","6":"product_cat-bestsellery","7":"product_cat-torby","8":"product_cat-wszystkie-produkty","9":"product_shipping_class-xl-torby-codzienne-tote-bag-classic-bag-torba-na-laprop-plecak-itp","10":"wcpa_has_options","12":"first","13":"onbackorder","14":"taxable","15":"shipping-taxable","16":"purchasable","17":"product-type-variable","18":"has-default-attributes","19":"wvs-archive-product-wrapper"},"wcpa_form_fields":{"wcpaData":{"product":{"product_price":1990,"price_html":"<span class='wmc-cache-pid ' data-wmc_product_id='1109'><span class=\"woocommerce-Price-amount amount\">1990,00<span class=\"woocommerce-Price-currencySymbol\">&#122;&#322;<\/span><\/span> <span aria-hidden=\"true\">&ndash;<\/span> <span class=\"woocommerce-Price-amount amount\">2890,00<span class=\"woocommerce-Price-currencySymbol\">&#122;&#322;<\/span><\/span><span class=\"screen-reader-text\">Zakres cen: od 1990,00&#122;&#322; do 2890,00&#122;&#322;<\/span><\/span>","original_product_price":1990,"price_including_tax":1990,"price_excluding_tax":1617.886179,"product_id":{"parent":1109,"variation":false},"is_variable":true,"stock_status":"onbackorder","stock_quantity":null,"parent_sku":"229a11","product_attributes":{"pa_tote-bag-kolor-skory":{"is_variation":false,"values":["tote-bag-ciemny-braz-kolor-skory"]},"pa_monogram-personalizacja":{"is_variation":false,"values":["w-kolorze-okuc","nie","monogram-bez-koloru"]},"pa_zamkniecie":{"is_variation":true,"values":[]},"pa_wnetrze":{"is_variation":true,"values":[]}},"custom_fields":{"wcpa_pcf_monogram_visibility":"show"},"is_taxable":true,"product_name":"Tote Bag, ciemny br\u0105z","hasImage":false},"fields":{"sec_56781439e54c34":{"extra":{"key":"sec_56781439e54c34","section_id":"sec_56781439e54c34","name":"Default","status":1,"toggle":true,"form_id":9345,"form_rules":{"exclude_from_discount":false,"fee_label":"Fee","disp_hide_options_price":false,"disp_show_section_price":false,"disp_show_field_price":true,"layout_option":"standard","pric_use_as_fee":false,"process_fee_as":"woo_fee"},"layout_option":"standard"},"fields":[[{"active":true,"col":6,"relations":[{"operator":false,"rules":[{"operator":false,"rules":{"cl_field":"select_7261061410","cl_relation":"is","cl_val":"hide"}}]}],"cl_rule":"hide","enableCl":true,"price":"","enablePrice":false,"className":"","type":"text","subtype":"text","required":false,"elementId":"text_5247103151","label":"Personalizacja \/ monogram","name":"hide_text_field","value":"","error":false,"placeholder":"J.K \/ J.Kowalski","description":"Wpisz tekst do personalizacji (do 10 znak\u00f3w) lub pozostaw puste pole.","maxlength":"10","repeater":false,"repeater_field_label":"{field_label}","repeater_bind":"","enableDesign":true,"LabelColor":"#000000","DescColor":"#4a4a4a","DescSize":"10","enableWeight":false,"mapToCheckout":false,"tooltip":"Inicja\u0142y b\u0119d\u0105 umieszczone na przywieszce (je\u015bli jest zawarta w produkcie). Tekst powy\u017cej 5 znak\u00f3w b\u0119dzie umieszczomny na korpusie produktu.","gt_translate_keys":["label","placeholder","description","value","tooltip","repeater_field_label"],"price_dependency":false,"cl_dependency":false}]]},"sec_467f0e652b6088":{"extra":{"key":"sec_467f0e652b6088","section_id":"sec_467f0e652b6088","name":"Default","status":1,"cl_rule":"show","enableCl":false,"relations":[],"toggle":true,"title_tag":"h3","show_title":false,"showPrice":"default","form_id":11723,"form_rules":{"exclude_from_discount":false,"fee_label":"Fee","disp_hide_options_price":false,"disp_show_section_price":false,"disp_show_field_price":true,"layout_option":"standard","pric_use_as_fee":false,"process_fee_as":"woo_fee"},"layout_option":"standard"},"fields":[[{"active":true,"col":6,"relations":[{"operator":false,"rules":[{"operator":"AND","rules":{"cl_field":"attribute","cl_relation":"is","cl_val":"bez","cl_field_sub":"pa_wnetrze"}}]}],"cl_rule":"hide","enableCl":true,"price":"","enablePrice":false,"className":".pswp__img {     object-fit: contain !important;     width: auto !important;     height: auto !important;     max-width: 100% !important;     max-height: 100% !important; }","label_position":"default","desc_position":"default","type":"image-group","required":true,"elementId":"image-group_867f0e652b60ac","label":"Kolor podszewki: (Kliknij w lupk\u0119 aby powi\u0119kszy\u0107 zdj\u0119cie)","name":"image-group_867f0e652b60ac","enable_popup":"all","multiple":false,"layOut":"inline","img_selection_type":"outline","disp_type":"square","values":[{"label":"Czarny","value":"Czarny","selected":false,"image":"https:\/\/sobczukbags.com\/wp-content\/uploads\/2025\/04\/9-6-3.jpg","thumb":"https:\/\/sobczukbags.com\/wp-content\/uploads\/2025\/04\/9-6-3-150x150.jpg","tempId":"aco_4411","image_id":11725,"thumb_src":"https:\/\/sobczukbags.com\/wp-content\/uploads\/2025\/04\/9-6-3-100x100.jpg","gt_translate_keys":["label"]},{"label":"Granat","value":"Granat","selected":false,"image":"https:\/\/sobczukbags.com\/wp-content\/uploads\/2025\/04\/9-6-2.jpg","thumb":"https:\/\/sobczukbags.com\/wp-content\/uploads\/2025\/04\/9-6-2-150x150.jpg","tempId":"aco_4412","image_id":11724,"thumb_src":"https:\/\/sobczukbags.com\/wp-content\/uploads\/2025\/04\/9-6-2-100x100.jpg","gt_translate_keys":["label"]},{"label":"Bordowy","value":"Bordowy","selected":false,"image":"https:\/\/sobczukbags.com\/wp-content\/uploads\/2025\/04\/9-6-4.jpg","thumb":"https:\/\/sobczukbags.com\/wp-content\/uploads\/2025\/04\/9-6-4-150x150.jpg","tempId":"aco_25","image_id":11726,"thumb_src":"https:\/\/sobczukbags.com\/wp-content\/uploads\/2025\/04\/9-6-4-100x100.jpg","gt_translate_keys":["label"]},{"label":"Ciemna ziele\u0144","value":"Ciemna ziele\u0144","selected":true,"image":"https:\/\/sobczukbags.com\/wp-content\/uploads\/2025\/04\/9-6-5.jpg","thumb":"https:\/\/sobczukbags.com\/wp-content\/uploads\/2025\/04\/9-6-5-150x150.jpg","tempId":"aco_4413","image_id":11736,"thumb_src":"https:\/\/sobczukbags.com\/wp-content\/uploads\/2025\/04\/9-6-5-100x100.jpg","gt_translate_keys":["label"]}],"disp_size_img":{"width":"70","height":"70"},"error":false,"img_preview":false,"img_preview_disable_mobile":true,"description":"","tooltip":"Domy\u015blnie kolor podszewki to \u201eciemnozielony\u201d. Aby go zmieni\u0107, kliknij wybrany kolor.<br \/>\n<br \/>\nPodszewka wykonana jest z bawe\u0142ny z domieszk\u0105 poliestru, z wyj\u0105tkiem koloru \u201eciemna ziele\u0144\u201d, kt\u00f3ry jest w 100% bawe\u0142niany. <br \/>\nKolor podszewki na zdj\u0119ciu mo\u017ce lekko odbiega\u0107 od rzeczywistego.","repeater":false,"repeater_field_label":"{field_label}","repeater_bind":"","show_as_product_image":false,"enable_product_image":false,"enableClearSelection":false,"options_description":false,"show_selected_option":true,"scrollBar":false,"gt_translate_keys":["label","description","tooltip","repeater_field_label"],"price_dependency":false,"cl_dependency":false,"value":""}]]},"sec_1067c3259e344ac":{"extra":{"key":"sec_1067c3259e344ac","section_id":"sec_1067c3259e344ac","name":"Default","status":1,"cl_rule":"show","enableCl":false,"relations":[],"toggle":true,"title_tag":"h3","show_title":false,"showPrice":"default","form_id":11105,"form_rules":{"exclude_from_discount":false,"fee_label":"Fee","disp_hide_options_price":false,"disp_show_section_price":false,"disp_show_field_price":true,"layout_option":"standard","pric_use_as_fee":false,"process_fee_as":"woo_fee"},"layout_option":"standard"},"fields":[[{"active":true,"col":6,"relations":[{"operator":false,"rules":[]}],"cl_rule":"show","enableCl":false,"price":"","enablePrice":false,"className":"","label_position":"default","desc_position":"default","type":"select","required":false,"elementId":"select_7261061410","label":"Personalizacja","name":"monogram_select","values":[{"label":"W kolorze oku\u0107 ","value":"show 2","selected":true,"tempId":"aco_199","gt_translate_keys":["label"]},{"label":"Bez koloru (blind)","value":"show","selected":false,"tempId":"aco_200","gt_translate_keys":["label"]},{"label":"Nie","value":"hide","selected":false,"tempId":"aco_201","gt_translate_keys":["label"]}],"dropdown_type":"basic","error":false,"gt_translate_keys":["label"],"price_dependency":false,"cl_dependency":["text_5247103151"],"value":""}],[{"active":true,"col":6,"relations":false,"cl_rule":"show","enableCl":false,"price":"","enablePrice":false,"className":"","label_position":"default","desc_position":"default","type":"select","required":false,"elementId":"select_8424051982","label":"Kolor oku\u0107","name":"select_8424051982","values":[{"label":"Z\u0142oty","value":"z\u0142oty","selected":true,"tempId":"aco_470","gt_translate_keys":["label"]},{"label":"Srebrny","value":"srebrny","selected":false,"tempId":"aco_471","gt_translate_keys":["label"]}],"dropdown_type":"basic","error":false,"gt_translate_keys":["label"],"price_dependency":false,"cl_dependency":false,"value":""}],[{"active":true,"col":6,"relations":false,"cl_rule":"show","enableCl":false,"price":"","enablePrice":false,"className":"","label_position":"default","desc_position":"default","type":"select","required":false,"elementId":"select_8424031491","label":"Grubo\u015b\u0107 torby","name":"select_8424031491","values":[{"label":"10 cm","value":"10 cm","selected":true,"tempId":"aco_192","gt_translate_keys":["label"]},{"label":"15 cm","value":"15 cm","selected":false,"tempId":"aco_193","gt_translate_keys":["label"]}],"dropdown_type":"basic","error":false,"gt_translate_keys":["label"],"price_dependency":false,"cl_dependency":false,"value":""}],[{"active":true,"col":6,"relations":false,"cl_rule":"show","enableCl":false,"price":"","enablePrice":false,"className":"","label_position":"default","desc_position":"default","type":"select","required":false,"elementId":"select_5884801145","label":"Kr\u00f3tsze r\u0105czki","name":"select_5884801145","values":[{"label":"Tak","value":"tak","selected":false,"tempId":"aco_1334","gt_translate_keys":["label"]},{"label":"Nie","value":"nie","selected":true,"tempId":"aco_1436","gt_translate_keys":["label"]}],"dropdown_type":"basic","error":false,"gt_translate_keys":["label"],"price_dependency":false,"cl_dependency":false,"value":""}]]}},"config":{"price_override":"","enable_recaptcha":false,"bind_quantity":false,"quantity_bind_formula":false,"disp_summ_show_option_price":true,"disp_summ_show_product_price":true,"disp_summ_show_total_price":true,"disp_summ_show_fee":false,"disp_summ_show_discount":false,"summary_title":"","options_total_label":"Options Price","total_label":"Total","options_product_label":"Product Price","fee_label":"Fee","discount_label":"Discount","has_price":true,"has_quantity_formula":false},"mc_unit":1,"tax_rate":1,"tax_rate_real":0.23,"discount":{"percentage":0,"fixed":0},"design":{"conf":{"LabelPosition":"above","DescPosition":"above","UploadField":"custom_1","QuantityFieldStyle":"default"},"css":{"LeftLabelWidth":"120px"}},"formulas":[],"lookuptables":[],"clones":false,"cartKey":false}},"_links":{"self":[{"href":"https:\/\/sobczukbags.com\/en\/wp-json\/wp\/v2\/product\/1109","targetHints":{"allow":["GET"]}}],"collection":[{"href":"https:\/\/sobczukbags.com\/en\/wp-json\/wp\/v2\/product"}],"about":[{"href":"https:\/\/sobczukbags.com\/en\/wp-json\/wp\/v2\/types\/product"}],"replies":[{"embeddable":true,"href":"https:\/\/sobczukbags.com\/en\/wp-json\/wp\/v2\/comments?post=1109"}],"wp:featuredmedia":[{"embeddable":true,"href":"https:\/\/sobczukbags.com\/en\/wp-json\/wp\/v2\/media\/4098"}],"wp:attachment":[{"href":"https:\/\/sobczukbags.com\/en\/wp-json\/wp\/v2\/media?parent=1109"}],"wp:term":[{"taxonomy":"product_brand","embeddable":true,"href":"https:\/\/sobczukbags.com\/en\/wp-json\/wp\/v2\/product_brand?post=1109"},{"taxonomy":"product_cat","embeddable":true,"href":"https:\/\/sobczukbags.com\/en\/wp-json\/wp\/v2\/product_cat?post=1109"},{"taxonomy":"product_tag","embeddable":true,"href":"https:\/\/sobczukbags.com\/en\/wp-json\/wp\/v2\/product_tag?post=1109"}],"curies":[{"name":"wp","href":"https:\/\/api.w.org\/{rel}","templated":true}]}}