{"id":1129,"date":"2024-04-14T19:30:22","date_gmt":"2024-04-14T19:30:22","guid":{"rendered":"https:\/\/sobczukbags.com\/?post_type=product&#038;p=1129"},"modified":"2026-04-13T09:55:19","modified_gmt":"2026-04-13T08:55:19","slug":"tote-bag-black-3","status":"publish","type":"product","link":"https:\/\/sobczukbags.com\/en\/product-3\/tote-bag-black-3\/","title":{"rendered":"Tote Bag, black"},"content":{"rendered":"<p><strong>All available leather colours<\/strong>: 1) Black, 2) Navy blue, 3) Dark brown, 4) Maroon, 5) Cognac.<br \/>\nIf you would like to choose a different colour, please enter the name of the colour in the \"Order notes\" field at the last stage of your order.<br \/>\n<img loading=\"lazy\" decoding=\"async\" class=\"alignnone size-full wp-image-10608\" src=\"https:\/\/sobczukbags.com\/wp-content\/uploads\/2024\/09\/Aa-Tekst.png\" alt=\"\" width=\"700\" height=\"150\" srcset=\"https:\/\/sobczukbags.com\/wp-content\/uploads\/2024\/09\/Aa-Tekst.png 700w, https:\/\/sobczukbags.com\/wp-content\/uploads\/2024\/09\/Aa-Tekst-480x103.png 480w\" sizes=\"(min-width: 0px) and (max-width: 480px) 480px, (min-width: 481px) 700px, 100vw\" \/><\/p>\n<p><b>The Tote Bag is the most versatile bag in our offer.<\/b> It is perfect for carrying everyday items, such as groceries, office supplies, or even gym gear.<\/p>\n<p>The minimalist snap closure ensures quick access to the interior of the bag, while the zipper closure securely protects your belongings.<\/p>\n<p>The version without lining has a very minimalist look, made only from thick vegetable-tanned full-grain leather and metal elements made of brass or stainless steel. This combination guarantees the durability of the bag for many years.<\/p>\n<p>The version with lining adds a touch of elegance to the bag. The lining is made of thick, diagonal weave cotton fabric.<\/p>\n<p>The classic design of the bag ensures that it will never go out of style. It fits most outfits, from smart casual to business attire. It will perfectly highlight your confidence and professionalism.<\/p>\n<p><img loading=\"lazy\" decoding=\"async\" class=\"alignleft wp-image-4180\" src=\"https:\/\/sobczukbags.com\/wp-content\/uploads\/2024\/06\/rodzaje-zamkniecia.jpg\" alt=\"\" width=\"500\" height=\"500\" \/><\/p>\n<p>&nbsp;<\/p>\n<p>&nbsp;<\/p>\n<p>&nbsp;<\/p>\n<p><b>Zipper or press snap?<\/b><\/p>\n<p>If you want your belongings to be well-secured, for example, from rain, and feel safer with your bag fully closed, choose the zipper.<\/p>\n<p>If you need quick access to your bag and want it to look minimalist, choose the snap.<\/p>\n<p>The snap closure is the most common choice among customers.<\/p>\n<p>&nbsp;<\/p>\n<p><img loading=\"lazy\" decoding=\"async\" class=\"wp-image-4770 alignright\" src=\"https:\/\/sobczukbags.com\/wp-content\/uploads\/2024\/04\/grubosc-torby-tote-bag.jpg\" alt=\"\" width=\"500\" height=\"500\" \/><\/p>\n<p>&nbsp;<\/p>\n<p>&nbsp;<\/p>\n<p><b>Bag thickness: 10cm or 15cm?<\/b><\/p>\n<p>If you like to carry more items, plan to go out of town, do larger shopping, or take your towel to the gym, choose the 15cm option.<\/p>\n<p>If you want to use the bag for office outings, carry your laptop, lunchbox, water, and small purchases, choose the 10cm option.<\/p>\n<p>The 10cm bag seems more elegant than the 15cm one because it is slimmer.<\/p>\n<p>&nbsp;<\/p>\n<p><img loading=\"lazy\" decoding=\"async\" class=\"wp-image-4311 alignleft\" src=\"https:\/\/sobczukbags.com\/wp-content\/uploads\/2024\/06\/rodzaje-wnetrza.jpg\" alt=\"\" width=\"500\" height=\"500\" \/><\/p>\n<p>&nbsp;<\/p>\n<p>&nbsp;<\/p>\n<p><b>.\nWith lining or without?<\/b><\/p>\n<p>If you want to maintain a minimalist style for the bag and prefer it to be lightweight, choose the version without lining.<\/p>\n<p>If you want the bag to be stiffer and appear more exclusive, choose the version with lining.<\/p>\n<p>Most customers opt for the version without lining.<\/p>\n<p>&nbsp;<\/p>\n<p>&nbsp;<\/p>\n<p>&nbsp;<\/p>\n<p>&nbsp;<\/p>\n<p>&nbsp;<\/p>\n<p>Each bag comes with a 7-year warranty, which includes free repairs and restoration during this period. We also offer post-warranty service to ensure the bag lasts even longer.<\/p>\n<p>Catering to the needs of the most demanding users, we follow the philosophy of \"Quiet Luxury,\" avoiding visible logos on the exterior of the product.<span class=\"Apple-converted-space\">\u00a0<\/span><\/p>","protected":false},"excerpt":{"rendered":"<ul>\n<li>Leather color: Black<\/li>\n<li>Long handles allow the bag to be worn on the shoulder or by hand.<\/li>\n<li>Two external pockets<\/li>\n<li>Minimalist clasp<\/li>\n<li>Metal elements made of solid brass or stainless steel<\/li>\n<li>Large internal pocket for wallet or tablet<\/li>\n<li>Large pocket for 16\" laptop<\/li>\n<li>Version without lining<\/li>\n<li>Free monogram embossing (personalization).<\/li>\n<li>Dimensions: 40x35x10 cm or 40x35x15 cm<\/li>\n<li>No visible brand logo<\/li>\n<li>Weight: 0.65 kg<\/li>\n<li>7-year warranty.<\/li>\n<li>Unisex bag<\/li>\n<\/ul>","protected":false},"featured_media":4389,"comment_status":"open","ping_status":"closed","template":"","meta":{"_et_pb_use_builder":"off","_et_pb_old_content":"Tote Bag to najbardziej wszechstronna torba w naszej ofercie. Idealnie sprawdzi si\u0119 do przenoszenia przedmiot\u00f3w codziennego u\u017cytku, takich jak zakupy, rzeczy do biura, a nawet na si\u0142owni\u0119. Nasi klienci zabieraj\u0105 j\u0105 na kr\u00f3tkie wypady za miasto! Minimalistyczne zapi\u0119cie na nap gwarantuje szybki dost\u0119p do wn\u0119trza torby, pozwalaj\u0105c mie\u0107 wszystkie potrzebne przedmioty pod r\u0119k\u0105. Ze wzgl\u0119du na brak podszewki, torba prezentuje si\u0119 bardzo minimalistycznie, wykonana jedynie z grubej sk\u00f3ry licowej garbowanej ro\u015blinnie oraz element\u00f3w metalowych z mosi\u0105dzu lub stali nierdzewnej. To po\u0142\u0105czenie gwarantuje trwa\u0142o\u015b\u0107 torby przez d\u0142ugie lata. Klasyczny design sprawia, \u017ce nigdy nie wyjdzie z mody. Pasuje do wi\u0119kszo\u015bci stylizacji, od smart casual po styl biznesowy. Idealnie podkre\u015bla pewno\u015b\u0107 siebie i profesjonalizm. Torba jest uniwersalna i sprawdzi si\u0119 zar\u00f3wno w d\u0142oni m\u0119\u017cczyzny, jak i kobiety. Na ka\u017cd\u0105 torb\u0119 udzielamy 7 lat gwarancji, obejmuj\u0105cej darmow\u0105 napraw\u0119 i regeneracj\u0119 w tym okresie. Oferujemy r\u00f3wnie\u017c serwis pogwarancyjny, aby torba mog\u0142a s\u0142u\u017cy\u0107 jeszcze d\u0142u\u017cej. W odpowiedzi na wymagania najbardziej wymagaj\u0105cych u\u017cytkownik\u00f3w, kierujemy si\u0119 filozofi\u0105 \u201eQuiet luxury\u201d czyli \u201eCichy luksus\u201d nie dodaj\u0105c logotyp\u00f3w w widocznych miejscach na zewn\u0105trz produktu.","_et_gb_content_width":"","content-type":""},"product_brand":[],"product_cat":[38,37],"product_tag":[],"class_list":{"0":"post-1129","1":"product","2":"type-product","3":"status-publish","4":"has-post-thumbnail","6":"product_cat-torby","7":"product_cat-wszystkie-produkty","8":"product_shipping_class-xl-torby-codzienne-tote-bag-classic-bag-torba-na-laprop-plecak-itp","9":"wcpa_has_options","11":"first","12":"instock","13":"taxable","14":"shipping-taxable","15":"purchasable","16":"product-type-variable","17":"has-default-attributes","18":"wvs-archive-product-wrapper"},"wcpa_form_fields":{"wcpaData":{"product":{"product_price":1990,"price_html":"<span class='wmc-cache-pid ' data-wmc_product_id='1129'><span class=\"woocommerce-Price-amount amount\">1990,00<span class=\"woocommerce-Price-currencySymbol\">&#122;&#322;<\/span><\/span> <span aria-hidden=\"true\">&ndash;<\/span> <span class=\"woocommerce-Price-amount amount\">2890,00<span class=\"woocommerce-Price-currencySymbol\">&#122;&#322;<\/span><\/span><span class=\"screen-reader-text\">Zakres cen: od 1990,00&#122;&#322; do 2890,00&#122;&#322;<\/span><\/span>","original_product_price":1990,"price_including_tax":1990,"price_excluding_tax":1617.886179,"product_id":{"parent":1129,"variation":false},"is_variable":true,"stock_status":"instock","stock_quantity":null,"parent_sku":"","product_attributes":{"pa_monogram-personalizacja":{"is_variation":false,"values":["w-kolorze-okuc","nie","monogram-bez-koloru"]},"pa_tote-bag-kolor-skory":{"is_variation":false,"values":["tote-bag-czarny-kolor-skory"]},"pa_zamkniecie":{"is_variation":true,"values":[]},"pa_wnetrze":{"is_variation":true,"values":[]}},"custom_fields":{"wcpa_pcf_monogram_visibility":"show"},"is_taxable":true,"product_name":"Tote Bag, czer\u0144","hasImage":false},"fields":{"sec_56781439e54c34":{"extra":{"key":"sec_56781439e54c34","section_id":"sec_56781439e54c34","name":"Default","status":1,"toggle":true,"form_id":9345,"form_rules":{"exclude_from_discount":false,"fee_label":"Op\u0142ata","disp_hide_options_price":false,"disp_show_section_price":false,"disp_show_field_price":true,"layout_option":"standard","pric_use_as_fee":false,"process_fee_as":"woo_fee"},"layout_option":"standard"},"fields":[[{"active":true,"col":6,"relations":[{"operator":false,"rules":[{"operator":false,"rules":{"cl_field":"select_7261061410","cl_relation":"is","cl_val":"hide"}}]}],"cl_rule":"hide","enableCl":true,"price":"","enablePrice":false,"className":"","type":"text","subtype":"text","required":false,"elementId":"text_5247103151","label":"Personalizacja \/ monogram","name":"hide_text_field","value":"","error":false,"placeholder":"J.K \/ J.Kowalski","description":"Wpisz tekst do personalizacji (do 10 znak\u00f3w) lub pozostaw puste pole.","maxlength":"10","repeater":false,"repeater_field_label":"{field_label}","repeater_bind":"","enableDesign":true,"LabelColor":"#000000","DescColor":"#4a4a4a","DescSize":"10","enableWeight":false,"mapToCheckout":false,"tooltip":"Inicja\u0142y b\u0119d\u0105 umieszczone na przywieszce (je\u015bli jest zawarta w produkcie). Tekst powy\u017cej 5 znak\u00f3w b\u0119dzie umieszczomny na korpusie produktu.","gt_translate_keys":["label","placeholder","description","value","tooltip","repeater_field_label"],"price_dependency":false,"cl_dependency":false}]]},"sec_467f0e652b6088":{"extra":{"key":"sec_467f0e652b6088","section_id":"sec_467f0e652b6088","name":"Default","status":1,"cl_rule":"show","enableCl":false,"relations":[],"toggle":true,"title_tag":"h3","show_title":false,"showPrice":"default","form_id":11723,"form_rules":{"exclude_from_discount":false,"fee_label":"Op\u0142ata","disp_hide_options_price":false,"disp_show_section_price":false,"disp_show_field_price":true,"layout_option":"standard","pric_use_as_fee":false,"process_fee_as":"woo_fee"},"layout_option":"standard"},"fields":[[{"active":true,"col":6,"relations":[{"operator":false,"rules":[{"operator":"AND","rules":{"cl_field":"attribute","cl_relation":"is","cl_val":"bez","cl_field_sub":"pa_wnetrze"}}]}],"cl_rule":"hide","enableCl":true,"price":"","enablePrice":false,"className":".pswp__img {     object-fit: contain !important;     width: auto !important;     height: auto !important;     max-width: 100% !important;     max-height: 100% !important; }","label_position":"default","desc_position":"default","type":"image-group","required":true,"elementId":"image-group_867f0e652b60ac","label":"Kolor podszewki: (Kliknij w lupk\u0119 aby powi\u0119kszy\u0107 zdj\u0119cie)","name":"image-group_867f0e652b60ac","enable_popup":"all","multiple":false,"layOut":"inline","img_selection_type":"outline","disp_type":"square","values":[{"label":"Czarny","value":"Czarny","selected":false,"image":"https:\/\/sobczukbags.com\/wp-content\/uploads\/2025\/04\/9-6-3.jpg","thumb":"https:\/\/sobczukbags.com\/wp-content\/uploads\/2025\/04\/9-6-3-150x150.jpg","tempId":"aco_4411","image_id":11725,"thumb_src":"https:\/\/sobczukbags.com\/wp-content\/uploads\/2025\/04\/9-6-3-100x100.jpg","gt_translate_keys":["label"]},{"label":"Granat","value":"Granat","selected":false,"image":"https:\/\/sobczukbags.com\/wp-content\/uploads\/2025\/04\/9-6-2.jpg","thumb":"https:\/\/sobczukbags.com\/wp-content\/uploads\/2025\/04\/9-6-2-150x150.jpg","tempId":"aco_4412","image_id":11724,"thumb_src":"https:\/\/sobczukbags.com\/wp-content\/uploads\/2025\/04\/9-6-2-100x100.jpg","gt_translate_keys":["label"]},{"label":"Bordowy","value":"Bordowy","selected":false,"image":"https:\/\/sobczukbags.com\/wp-content\/uploads\/2025\/04\/9-6-4.jpg","thumb":"https:\/\/sobczukbags.com\/wp-content\/uploads\/2025\/04\/9-6-4-150x150.jpg","tempId":"aco_25","image_id":11726,"thumb_src":"https:\/\/sobczukbags.com\/wp-content\/uploads\/2025\/04\/9-6-4-100x100.jpg","gt_translate_keys":["label"]},{"label":"Ciemna ziele\u0144","value":"Ciemna ziele\u0144","selected":true,"image":"https:\/\/sobczukbags.com\/wp-content\/uploads\/2025\/04\/9-6-5.jpg","thumb":"https:\/\/sobczukbags.com\/wp-content\/uploads\/2025\/04\/9-6-5-150x150.jpg","tempId":"aco_4413","image_id":11736,"thumb_src":"https:\/\/sobczukbags.com\/wp-content\/uploads\/2025\/04\/9-6-5-100x100.jpg","gt_translate_keys":["label"]}],"disp_size_img":{"width":"70","height":"70"},"error":false,"img_preview":false,"img_preview_disable_mobile":true,"description":"","tooltip":"Domy\u015blnie kolor podszewki to \u201eciemnozielony\u201d. Aby go zmieni\u0107, kliknij wybrany kolor.<br \/>\n<br \/>\nPodszewka wykonana jest z bawe\u0142ny z domieszk\u0105 poliestru, z wyj\u0105tkiem koloru \u201eciemna ziele\u0144\u201d, kt\u00f3ry jest w 100% bawe\u0142niany. <br \/>\nKolor podszewki na zdj\u0119ciu mo\u017ce lekko odbiega\u0107 od rzeczywistego.","repeater":false,"repeater_field_label":"{field_label}","repeater_bind":"","show_as_product_image":false,"enable_product_image":false,"enableClearSelection":false,"options_description":false,"show_selected_option":true,"scrollBar":false,"gt_translate_keys":["label","description","tooltip","repeater_field_label"],"price_dependency":false,"cl_dependency":false,"value":""}]]},"sec_1067c3259e344ac":{"extra":{"key":"sec_1067c3259e344ac","section_id":"sec_1067c3259e344ac","name":"Default","status":1,"cl_rule":"show","enableCl":false,"relations":[],"toggle":true,"title_tag":"h3","show_title":false,"showPrice":"default","form_id":11105,"form_rules":{"exclude_from_discount":false,"fee_label":"Op\u0142ata","disp_hide_options_price":false,"disp_show_section_price":false,"disp_show_field_price":true,"layout_option":"standard","pric_use_as_fee":false,"process_fee_as":"woo_fee"},"layout_option":"standard"},"fields":[[{"active":true,"col":6,"relations":[{"operator":false,"rules":[]}],"cl_rule":"show","enableCl":false,"price":"","enablePrice":false,"className":"","label_position":"default","desc_position":"default","type":"select","required":false,"elementId":"select_7261061410","label":"Personalizacja","name":"monogram_select","values":[{"label":"W kolorze oku\u0107 ","value":"show 2","selected":true,"tempId":"aco_199","gt_translate_keys":["label"]},{"label":"Bez koloru (blind)","value":"show","selected":false,"tempId":"aco_200","gt_translate_keys":["label"]},{"label":"Nie","value":"hide","selected":false,"tempId":"aco_201","gt_translate_keys":["label"]}],"dropdown_type":"basic","error":false,"gt_translate_keys":["label"],"price_dependency":false,"cl_dependency":["text_5247103151"],"value":""}],[{"active":true,"col":6,"relations":false,"cl_rule":"show","enableCl":false,"price":"","enablePrice":false,"className":"","label_position":"default","desc_position":"default","type":"select","required":false,"elementId":"select_8424051982","label":"Kolor oku\u0107","name":"select_8424051982","values":[{"label":"Z\u0142oty","value":"z\u0142oty","selected":true,"tempId":"aco_470","gt_translate_keys":["label"]},{"label":"Srebrny","value":"srebrny","selected":false,"tempId":"aco_471","gt_translate_keys":["label"]}],"dropdown_type":"basic","error":false,"gt_translate_keys":["label"],"price_dependency":false,"cl_dependency":false,"value":""}],[{"active":true,"col":6,"relations":false,"cl_rule":"show","enableCl":false,"price":"","enablePrice":false,"className":"","label_position":"default","desc_position":"default","type":"select","required":false,"elementId":"select_8424031491","label":"Grubo\u015b\u0107 torby","name":"select_8424031491","values":[{"label":"10 cm","value":"10 cm","selected":true,"tempId":"aco_192","gt_translate_keys":["label"]},{"label":"15 cm","value":"15 cm","selected":false,"tempId":"aco_193","gt_translate_keys":["label"]}],"dropdown_type":"basic","error":false,"gt_translate_keys":["label"],"price_dependency":false,"cl_dependency":false,"value":""}],[{"active":true,"col":6,"relations":false,"cl_rule":"show","enableCl":false,"price":"","enablePrice":false,"className":"","label_position":"default","desc_position":"default","type":"select","required":false,"elementId":"select_5884801145","label":"Kr\u00f3tsze r\u0105czki","name":"select_5884801145","values":[{"label":"Tak","value":"tak","selected":false,"tempId":"aco_1334","gt_translate_keys":["label"]},{"label":"Nie","value":"nie","selected":true,"tempId":"aco_1436","gt_translate_keys":["label"]}],"dropdown_type":"basic","error":false,"gt_translate_keys":["label"],"price_dependency":false,"cl_dependency":false,"value":""}]]}},"config":{"price_override":"","enable_recaptcha":false,"bind_quantity":false,"quantity_bind_formula":false,"disp_summ_show_option_price":true,"disp_summ_show_product_price":true,"disp_summ_show_total_price":true,"disp_summ_show_fee":false,"disp_summ_show_discount":false,"summary_title":"","options_total_label":"Cena opcji","total_label":"\u0141\u0105cznie","options_product_label":"Cena produktu","fee_label":"Op\u0142ata","discount_label":"Zni\u017cka","has_price":true,"has_quantity_formula":false},"mc_unit":1,"tax_rate":1,"tax_rate_real":0.23,"discount":{"percentage":0,"fixed":0},"design":{"conf":{"LabelPosition":"above","DescPosition":"above","UploadField":"custom_1","QuantityFieldStyle":"default"},"css":{"LeftLabelWidth":"120px"}},"formulas":[],"lookuptables":[],"clones":false,"cartKey":false}},"_links":{"self":[{"href":"https:\/\/sobczukbags.com\/en\/wp-json\/wp\/v2\/product\/1129","targetHints":{"allow":["GET"]}}],"collection":[{"href":"https:\/\/sobczukbags.com\/en\/wp-json\/wp\/v2\/product"}],"about":[{"href":"https:\/\/sobczukbags.com\/en\/wp-json\/wp\/v2\/types\/product"}],"replies":[{"embeddable":true,"href":"https:\/\/sobczukbags.com\/en\/wp-json\/wp\/v2\/comments?post=1129"}],"wp:featuredmedia":[{"embeddable":true,"href":"https:\/\/sobczukbags.com\/en\/wp-json\/wp\/v2\/media\/4389"}],"wp:attachment":[{"href":"https:\/\/sobczukbags.com\/en\/wp-json\/wp\/v2\/media?parent=1129"}],"wp:term":[{"taxonomy":"product_brand","embeddable":true,"href":"https:\/\/sobczukbags.com\/en\/wp-json\/wp\/v2\/product_brand?post=1129"},{"taxonomy":"product_cat","embeddable":true,"href":"https:\/\/sobczukbags.com\/en\/wp-json\/wp\/v2\/product_cat?post=1129"},{"taxonomy":"product_tag","embeddable":true,"href":"https:\/\/sobczukbags.com\/en\/wp-json\/wp\/v2\/product_tag?post=1129"}],"curies":[{"name":"wp","href":"https:\/\/api.w.org\/{rel}","templated":true}]}}