{"id":1160,"date":"2024-04-14T19:42:05","date_gmt":"2024-04-14T19:42:05","guid":{"rendered":"https:\/\/sobczukbags.com\/?post_type=product&#038;p=1160"},"modified":"2025-11-08T09:58:22","modified_gmt":"2025-11-08T08:58:22","slug":"weekender-bag-dark-brown-3","status":"publish","type":"product","link":"https:\/\/sobczukbags.com\/en\/product-3\/weekender-bag-dark-brown-3\/","title":{"rendered":"Weekender Bag, dark brown"},"content":{"rendered":"<p><strong>All available leather colours<\/strong>: 1) Black, 2) Navy blue, 3) Dark brown, 4) Maroon, 5) Cognac.<br \/>\nIf you would like to choose a different colour, please enter the name of the colour in the \"Order notes\" field at the last stage of your order.<br \/>\n<img loading=\"lazy\" decoding=\"async\" class=\"alignnone size-full wp-image-10608\" src=\"https:\/\/sobczukbags.com\/wp-content\/uploads\/2024\/09\/Aa-Tekst.png\" alt=\"\" width=\"700\" height=\"150\" srcset=\"https:\/\/sobczukbags.com\/wp-content\/uploads\/2024\/09\/Aa-Tekst.png 700w, https:\/\/sobczukbags.com\/wp-content\/uploads\/2024\/09\/Aa-Tekst-480x103.png 480w\" sizes=\"(min-width: 0px) and (max-width: 480px) 480px, (min-width: 481px) 700px, 100vw\" \/><\/p>\n<p>The Weekender Bag is ideal for a business trip or a short break away. The classic design means it will never go out of fashion. It goes with most outfits, from smart casual to business style. It will perfectly underline your confidence and professionalism.<br \/>\nThe lack of internal compartments further enhances its capacity.<\/p>\n<p>Secured with two buckle straps, it provides unique character and extra security for your belongings. The travel case holder will allow the bag to be placed comfortably on your suitcase.<br \/>\nWe offer a 7-year warranty on every bag, including free repairs and restoration during this period.<br \/>\nWe also provide post-warranty services to extend the life of your bag.<br \/>\nWith proper care, the bag will last for generations.<br \/>\nThe zipper, being the most delicate part of the bag, is from the RiRi brand. Known for its reliability, it's a common choice for luxury brands.<br \/>\nThe bag is made of thick, vegetable-tanned leather with brass or stainless steel hardware, crafted with attention to every detail. All of this ensures the bag's reliability, so you can enjoy your trip without unnecessary worries.<br \/>\nCatering to the needs of the most demanding users, we follow the philosophy of \"Quiet Luxury,\" avoiding visible logos on the exterior of the product.<\/p>\n<p>Size dimensions:<\/p>\n<p>S - 50 x 24 x 24 cm<br \/>\nM - 50 x 27 x 26 cm<br \/>\nL - 52 x 28 x 27<\/p>\n<p><iframe loading=\"lazy\" title=\"Leather Weekend Bag made by Sobczuk Leather Goods\" width=\"1080\" height=\"608\" src=\"https:\/\/www.youtube.com\/embed\/IwVGBIoypdM?feature=oembed\"  allow=\"accelerometer; autoplay; clipboard-write; encrypted-media; gyroscope; picture-in-picture; web-share\" referrerpolicy=\"strict-origin-when-cross-origin\" allowfullscreen><\/iframe><\/p>","protected":false},"excerpt":{"rendered":"<ul>\n<li>Skin colour: dark brown.<\/li>\n<li>Initials \/ Personalization on the bag tag (optional).<\/li>\n<li>Reliable RiRi zipper. The length allows for easy packing of the bag.<\/li>\n<li>Additional security of the bag with two buckle straps.<\/li>\n<li>Wide, adjustable, fully leather shoulder strap with a non-slip coating.<\/li>\n<li>Tag for bag owner details.<\/li>\n<li>Pocket on the back of the bag closes with a magnet.<\/li>\n<li>Travel case holder on the back of the bag.<\/li>\n<li>Metal feet at the bottom of the bag protect it from wear and tear.<\/li>\n<li>Spacious interior pocket with a zipper.<\/li>\n<li>Thick cotton inner lining in a beautiful dark green color.<\/li>\n<li>Weight 2.0 - 2.5kg.<\/li>\n<li>7-year warranty.<\/li>\n<li>Unisex bag .<\/li>\n<li>No visible brand logo.<\/li>\n<li>The model's height in the photo is 180 cm, \"M\" size Bag<\/li>\n<li>Size availability: S, M, L<\/li>\n<\/ul>","protected":false},"featured_media":4112,"comment_status":"open","ping_status":"closed","template":"","meta":{"_et_pb_use_builder":"","_et_pb_old_content":"","_et_gb_content_width":"","content-type":""},"product_brand":[],"product_cat":[38,37],"product_tag":[],"class_list":{"0":"post-1160","1":"product","2":"type-product","3":"status-publish","4":"has-post-thumbnail","6":"product_cat-torby","7":"product_cat-wszystkie-produkty","8":"product_shipping_class-xxl-torby-podrozne","9":"wcpa_has_options","11":"first","12":"onbackorder","13":"taxable","14":"shipping-taxable","15":"purchasable","16":"product-type-variable","17":"has-default-attributes","18":"wvs-archive-product-wrapper"},"wcpa_form_fields":{"wcpaData":{"product":{"product_price":7690,"price_html":"<span class='wmc-cache-pid ' data-wmc_product_id='1160'><span class=\"woocommerce-Price-amount amount\">7690,00<span class=\"woocommerce-Price-currencySymbol\">&#122;&#322;<\/span><\/span> <span aria-hidden=\"true\">&ndash;<\/span> <span class=\"woocommerce-Price-amount amount\">8090,00<span class=\"woocommerce-Price-currencySymbol\">&#122;&#322;<\/span><\/span><span class=\"screen-reader-text\">Zakres cen: od 7690,00&#122;&#322; do 8090,00&#122;&#322;<\/span><\/span>","original_product_price":7690,"price_including_tax":7690,"price_excluding_tax":6252.03252,"product_id":{"parent":1160,"variation":false},"is_variable":true,"stock_status":"onbackorder","stock_quantity":null,"parent_sku":"","product_attributes":{"pa_weekender-bag-kolor-skory":{"is_variation":false,"values":["weekender-bag-ciemny-braz"]},"pa_rozmiar":{"is_variation":true,"values":[]}},"custom_fields":{"wcpa_pcf_monogram_visibility":"show"},"is_taxable":true,"product_name":"Weekender Bag, ciemny br\u0105z","hasImage":false},"fields":{"sec_56781439e54c34":{"extra":{"key":"sec_56781439e54c34","section_id":"sec_56781439e54c34","name":"Default","status":1,"toggle":true,"form_id":9345,"form_rules":{"exclude_from_discount":false,"fee_label":"Fee","disp_hide_options_price":false,"disp_show_section_price":false,"disp_show_field_price":true,"layout_option":"standard","pric_use_as_fee":false,"process_fee_as":"woo_fee"},"layout_option":"standard"},"fields":[[{"active":true,"col":6,"relations":[{"operator":false,"rules":[{"operator":false,"rules":{"cl_field":"select_7261061410","cl_relation":"is","cl_val":"hide"}}]}],"cl_rule":"hide","enableCl":true,"price":"","enablePrice":false,"className":"","type":"text","subtype":"text","required":false,"elementId":"text_5247103151","label":"Personalizacja \/ monogram","name":"hide_text_field","value":"","error":false,"placeholder":"J.K \/ J.Kowalski","description":"Wpisz tekst do personalizacji (do 10 znak\u00f3w) lub pozostaw puste pole.","maxlength":"10","repeater":false,"repeater_field_label":"{field_label}","repeater_bind":"","enableDesign":true,"LabelColor":"#000000","DescColor":"#4a4a4a","DescSize":"10","enableWeight":false,"mapToCheckout":false,"tooltip":"Inicja\u0142y b\u0119d\u0105 umieszczone na przywieszce (je\u015bli jest zawarta w produkcie). Tekst powy\u017cej 5 znak\u00f3w b\u0119dzie umieszczomny na korpusie produktu.","gt_translate_keys":["label","placeholder","description","value","tooltip","repeater_field_label"],"price_dependency":false,"cl_dependency":false}]]},"sec_967f0c32ff3e0c":{"extra":{"key":"sec_967f0c32ff3e0c","section_id":"sec_967f0c32ff3e0c","name":"Default","status":1,"cl_rule":"show","enableCl":false,"relations":[],"toggle":true,"title_tag":"h3","show_title":false,"showPrice":"default","form_id":11718,"form_rules":{"exclude_from_discount":false,"fee_label":"Fee","disp_hide_options_price":false,"disp_show_section_price":false,"disp_show_field_price":true,"layout_option":"standard","pric_use_as_fee":false,"process_fee_as":"woo_fee"},"layout_option":"standard"},"fields":[[{"active":true,"col":6,"relations":[{"operator":false,"rules":[{"operator":"AND","rules":{"cl_field":"attribute","cl_relation":"is","cl_val":"bez","cl_field_sub":"pa_wnetrze"}}]}],"cl_rule":"hide","enableCl":true,"price":"","enablePrice":false,"className":"","label_position":"default","desc_position":"default","type":"image-group","required":true,"elementId":"image-group_067f0c32ff3e33","label":"Kolor podszewki:","name":"image-group_067f0c32ff3e33","enable_popup":"all","multiple":false,"layOut":"inline","img_selection_type":"outline","disp_type":"squircle","values":[{"label":"Czarny","value":"Czarny","selected":false,"image":"https:\/\/sobczukbags.com\/wp-content\/uploads\/2025\/04\/e-1-3.jpg","thumb":"https:\/\/sobczukbags.com\/wp-content\/uploads\/2025\/04\/e-1-3-150x150.jpg","tempId":"aco_4411","image_id":11720,"thumb_src":"https:\/\/sobczukbags.com\/wp-content\/uploads\/2025\/04\/e-1-3-50x50.jpg","gt_translate_keys":["label"]},{"label":"Granat","value":"Granat","selected":false,"image":"https:\/\/sobczukbags.com\/wp-content\/uploads\/2025\/04\/e-1-2.jpg","thumb":"https:\/\/sobczukbags.com\/wp-content\/uploads\/2025\/04\/e-1-2-150x150.jpg","tempId":"aco_4412","image_id":11719,"thumb_src":"https:\/\/sobczukbags.com\/wp-content\/uploads\/2025\/04\/e-1-2-50x50.jpg","gt_translate_keys":["label"]},{"label":"Bordowy","value":"Bordowy","selected":false,"image":"https:\/\/sobczukbags.com\/wp-content\/uploads\/2025\/04\/e-1-4.jpg","thumb":"https:\/\/sobczukbags.com\/wp-content\/uploads\/2025\/04\/e-1-4-150x150.jpg","tempId":"aco_25","image_id":11721,"thumb_src":"https:\/\/sobczukbags.com\/wp-content\/uploads\/2025\/04\/e-1-4-50x50.jpg","gt_translate_keys":["label"]},{"label":"Ciemna ziele\u0144","value":"Ciemna ziele\u0144","selected":true,"image":"https:\/\/sobczukbags.com\/wp-content\/uploads\/2025\/04\/e-1-5.jpg","thumb":"https:\/\/sobczukbags.com\/wp-content\/uploads\/2025\/04\/e-1-5-150x150.jpg","tempId":"aco_4413","image_id":11722,"thumb_src":"https:\/\/sobczukbags.com\/wp-content\/uploads\/2025\/04\/e-1-5-50x50.jpg","gt_translate_keys":["label"]}],"disp_size_img":{"width":"50","height":"50"},"error":false,"img_preview":false,"img_preview_disable_mobile":false,"description":"","tooltip":"Domy\u015blnie kolor podszewki to \u201eciemnozielony\u201d. Aby go zmieni\u0107, kliknij wybrany kolor.<br \/>\n<br \/>\nPodszewka wykonana jest z bawe\u0142ny z domieszk\u0105 poliestru, z wyj\u0105tkiem koloru \u201eciemna ziele\u0144\u201d, kt\u00f3ry jest w 100% bawe\u0142niany.","repeater":false,"repeater_field_label":"{field_label}","repeater_bind":"","show_as_product_image":false,"enable_product_image":false,"enableClearSelection":false,"options_description":false,"show_selected_option":true,"gt_translate_keys":["label","description","tooltip","repeater_field_label"],"price_dependency":false,"cl_dependency":false,"value":""}]]}},"config":{"price_override":"","enable_recaptcha":false,"bind_quantity":false,"quantity_bind_formula":false,"disp_summ_show_option_price":true,"disp_summ_show_product_price":true,"disp_summ_show_total_price":true,"disp_summ_show_fee":false,"disp_summ_show_discount":false,"summary_title":"","options_total_label":"Options Price","total_label":"Total","options_product_label":"Product Price","fee_label":"Fee","discount_label":"Discount","has_price":true,"has_quantity_formula":false},"mc_unit":1,"tax_rate":1,"tax_rate_real":0.23,"discount":{"percentage":0,"fixed":0},"design":{"conf":{"LabelPosition":"above","DescPosition":"above","UploadField":"custom_1","QuantityFieldStyle":"default"},"css":{"LeftLabelWidth":"120px"}},"formulas":[],"lookuptables":[],"clones":false,"cartKey":false}},"_links":{"self":[{"href":"https:\/\/sobczukbags.com\/en\/wp-json\/wp\/v2\/product\/1160","targetHints":{"allow":["GET"]}}],"collection":[{"href":"https:\/\/sobczukbags.com\/en\/wp-json\/wp\/v2\/product"}],"about":[{"href":"https:\/\/sobczukbags.com\/en\/wp-json\/wp\/v2\/types\/product"}],"replies":[{"embeddable":true,"href":"https:\/\/sobczukbags.com\/en\/wp-json\/wp\/v2\/comments?post=1160"}],"wp:featuredmedia":[{"embeddable":true,"href":"https:\/\/sobczukbags.com\/en\/wp-json\/wp\/v2\/media\/4112"}],"wp:attachment":[{"href":"https:\/\/sobczukbags.com\/en\/wp-json\/wp\/v2\/media?parent=1160"}],"wp:term":[{"taxonomy":"product_brand","embeddable":true,"href":"https:\/\/sobczukbags.com\/en\/wp-json\/wp\/v2\/product_brand?post=1160"},{"taxonomy":"product_cat","embeddable":true,"href":"https:\/\/sobczukbags.com\/en\/wp-json\/wp\/v2\/product_cat?post=1160"},{"taxonomy":"product_tag","embeddable":true,"href":"https:\/\/sobczukbags.com\/en\/wp-json\/wp\/v2\/product_tag?post=1160"}],"curies":[{"name":"wp","href":"https:\/\/api.w.org\/{rel}","templated":true}]}}