{"id":11962,"date":"2025-11-01T16:24:30","date_gmt":"2025-11-01T15:24:30","guid":{"rendered":"https:\/\/sobczukbags.com\/?post_type=product&#038;p=11962"},"modified":"2025-11-08T11:04:46","modified_gmt":"2025-11-08T10:04:46","slug":"imperial-briefcase","status":"publish","type":"product","link":"https:\/\/sobczukbags.com\/en\/product-3\/imperial-briefcase\/","title":{"rendered":"Imperial Briefcase"},"content":{"rendered":"<p data-start=\"190\" data-end=\"266\"><strong data-start=\"190\" data-end=\"264\">Imperial Briefcase - the quintessence of craftsmanship and elegance.<\/strong><\/p>\n<p data-start=\"268\" data-end=\"666\">A bag created for those who appreciate timeless style and perfect workmanship. Made entirely by hand from vegetable-tanned cowhide at the prestigious Tuscan tannery <strong data-start=\"457\" data-end=\"480\">Artigiano del Cuoio<\/strong>, quality-certified <strong data-start=\"514\" data-end=\"555\">Pelle Conciata al Vegetale in Toscana<\/strong>. Every leather is unique - over time it develops a depth of colour and a natural patina that adds to its character.<\/p>\n<p data-start=\"668\" data-end=\"942\">Lock made of solid brass by a renowned Italian company <strong data-start=\"731\" data-end=\"744\">MMColombo<\/strong> works with extraordinary precision and lightness. It is a detail that any connoisseur of luxury will appreciate. The whole is complemented by elegant solid brass fittings, corrosion-resistant and made to last for decades.<\/p>\n<p data-start=\"944\" data-end=\"1192\">The interior of the bag has been designed with functionality in mind - holding a laptop up to 15\u2033, documents and essential accessories. It will be perfect for a lawyer, doctor, judge or entrepreneur who values elegance, discretion and reliability.<\/p>\n<p data-start=\"1194\" data-end=\"1433\">The bag is covered by <strong data-start=\"1218\" data-end=\"1240\">10-year guarantee<\/strong>, including free regeneration.<br data-start=\"1283\" data-end=\"1286\" \/>We create products in line with the philosophy of <strong data-start=\"1323\" data-end=\"1341\">\u201eQuiet Luxury\u201d<\/strong> - without visible logos, with an emphasis on form, proportion and first-class materials.<\/p>\n<p data-start=\"1435\" data-end=\"1551\"><strong data-start=\"1435\" data-end=\"1457\">Imperial Briefcase<\/strong> is not just a bag - it is a symbol of prestige, responsible craftsmanship and refined taste.<\/p>","protected":false},"excerpt":{"rendered":"<ul>\n<li>Leather color: Cognac<\/li>\n<li>Initials \/ Personalisation (optional).<\/li>\n<li>Encrypted locking mechanism<\/li>\n<li>Three main compartments<\/li>\n<li>Compartment for 13\u201d or 15\u201d laptop\u201d<\/li>\n<li>Two large internal zipped pockets.<\/li>\n<li>Three pen spaces<\/li>\n<li>Two internal pockets for accessories<\/li>\n<li>Pouch for visor (optional)<\/li>\n<li>Wide, adjustable, full leather shoulder strap with anti-slip coating<span class=\"Apple-converted-space\">\u00a0<\/span><\/li>\n<li>Business card holder<\/li>\n<li>Inner lining in thick cotton with a beautiful bottle-green colour. Leather trims.<span class=\"Apple-converted-space\">\u00a0<\/span><\/li>\n<li>No visible brand logo<\/li>\n<li>Dimensions: 45 cm wide x 35 cm high (without handle) x 15 cm deep (average depth)<\/li>\n<li>The thickness adapts to the degree to which the bag is filled.<span class=\"Apple-converted-space\">\u00a0<\/span><\/li>\n<li>10 year guarantee<\/li>\n<li>Brass fittings<\/li>\n<li>Unisex bag.<span class=\"Apple-converted-space\">\u00a0<\/span><\/li>\n<li>Weight 2800g<\/li>\n<\/ul>","protected":false},"featured_media":11967,"comment_status":"open","ping_status":"closed","template":"","meta":{"_et_pb_use_builder":"","_et_pb_old_content":"","_et_gb_content_width":"","content-type":""},"product_brand":[],"product_cat":[38,37],"product_tag":[],"class_list":{"0":"post-11962","1":"product","2":"type-product","3":"status-publish","4":"has-post-thumbnail","6":"product_cat-torby","7":"product_cat-wszystkie-produkty","8":"wcpa_has_options","10":"first","11":"onbackorder","12":"taxable","13":"shipping-taxable","14":"purchasable","15":"product-type-simple"},"wcpa_form_fields":{"wcpaData":{"product":{"product_price":9990,"price_html":"<span class='wmc-cache-pid ' data-wmc_product_id='11962'><span class=\"woocommerce-Price-amount amount\">9990,00<span class=\"woocommerce-Price-currencySymbol\">&#122;&#322;<\/span><\/span><\/span>","original_product_price":9990,"price_including_tax":9990,"price_excluding_tax":8121.95122,"product_id":{"parent":11962,"variation":false},"is_variable":false,"stock_status":"onbackorder","stock_quantity":null,"parent_sku":"","product_attributes":[],"custom_fields":{"wcpa_pcf_monogram_visibility":"show"},"is_taxable":true,"product_name":"Imperial Briefcase","hasImage":false},"fields":{"sec_56781439e54c34":{"extra":{"key":"sec_56781439e54c34","section_id":"sec_56781439e54c34","name":"Default","status":1,"toggle":true,"form_id":9345,"form_rules":{"exclude_from_discount":false,"fee_label":"Op\u0142ata","disp_hide_options_price":false,"disp_show_section_price":false,"disp_show_field_price":true,"layout_option":"standard","pric_use_as_fee":false,"process_fee_as":"woo_fee"},"layout_option":"standard"},"fields":[[{"active":true,"col":6,"relations":[{"operator":false,"rules":[{"operator":false,"rules":{"cl_field":"select_7261061410","cl_relation":"is","cl_val":"hide"}}]}],"cl_rule":"hide","enableCl":true,"price":"","enablePrice":false,"className":"","type":"text","subtype":"text","required":false,"elementId":"text_5247103151","label":"Personalizacja \/ monogram","name":"hide_text_field","value":"","error":false,"placeholder":"J.K \/ J.Kowalski","description":"Wpisz tekst do personalizacji (do 10 znak\u00f3w) lub pozostaw puste pole.","maxlength":"10","repeater":false,"repeater_field_label":"{field_label}","repeater_bind":"","enableDesign":true,"LabelColor":"#000000","DescColor":"#4a4a4a","DescSize":"10","enableWeight":false,"mapToCheckout":false,"tooltip":"Inicja\u0142y b\u0119d\u0105 umieszczone na przywieszce (je\u015bli jest zawarta w produkcie). Tekst powy\u017cej 5 znak\u00f3w b\u0119dzie umieszczomny na korpusie produktu.","gt_translate_keys":["label","placeholder","description","value","tooltip","repeater_field_label"],"price_dependency":false,"cl_dependency":false}]]}},"config":{"price_override":"","enable_recaptcha":false,"bind_quantity":false,"quantity_bind_formula":false,"disp_summ_show_option_price":true,"disp_summ_show_product_price":true,"disp_summ_show_total_price":true,"disp_summ_show_fee":false,"disp_summ_show_discount":false,"summary_title":"","options_total_label":"Cena opcji","total_label":"\u0141\u0105cznie","options_product_label":"Cena produktu","fee_label":"Op\u0142ata","discount_label":"Zni\u017cka","has_price":true,"has_quantity_formula":false},"mc_unit":1,"tax_rate":1,"tax_rate_real":0.23,"discount":{"percentage":0,"fixed":0},"design":{"conf":{"LabelPosition":"above","DescPosition":"above","UploadField":"custom_1","QuantityFieldStyle":"default"},"css":{"LeftLabelWidth":"120px"}},"formulas":[],"lookuptables":[],"clones":false,"cartKey":false}},"_links":{"self":[{"href":"https:\/\/sobczukbags.com\/en\/wp-json\/wp\/v2\/product\/11962","targetHints":{"allow":["GET"]}}],"collection":[{"href":"https:\/\/sobczukbags.com\/en\/wp-json\/wp\/v2\/product"}],"about":[{"href":"https:\/\/sobczukbags.com\/en\/wp-json\/wp\/v2\/types\/product"}],"replies":[{"embeddable":true,"href":"https:\/\/sobczukbags.com\/en\/wp-json\/wp\/v2\/comments?post=11962"}],"wp:featuredmedia":[{"embeddable":true,"href":"https:\/\/sobczukbags.com\/en\/wp-json\/wp\/v2\/media\/11967"}],"wp:attachment":[{"href":"https:\/\/sobczukbags.com\/en\/wp-json\/wp\/v2\/media?parent=11962"}],"wp:term":[{"taxonomy":"product_brand","embeddable":true,"href":"https:\/\/sobczukbags.com\/en\/wp-json\/wp\/v2\/product_brand?post=11962"},{"taxonomy":"product_cat","embeddable":true,"href":"https:\/\/sobczukbags.com\/en\/wp-json\/wp\/v2\/product_cat?post=11962"},{"taxonomy":"product_tag","embeddable":true,"href":"https:\/\/sobczukbags.com\/en\/wp-json\/wp\/v2\/product_tag?post=11962"}],"curies":[{"name":"wp","href":"https:\/\/api.w.org\/{rel}","templated":true}]}}