{"id":1784,"date":"2024-04-27T15:30:12","date_gmt":"2024-04-27T15:30:12","guid":{"rendered":"https:\/\/sobczukbags.com\/?post_type=product&#038;p=1784"},"modified":"2025-11-03T11:41:39","modified_gmt":"2025-11-03T10:41:39","slug":"vintage-briefcase-for-laptop-and-documents-2","status":"publish","type":"product","link":"https:\/\/sobczukbags.com\/en\/product-3\/vintage-briefcase-for-laptop-and-documents-2\/","title":{"rendered":"Vintage Briefcase for laptop &amp; documents"},"content":{"rendered":"<p>[et_pb_section fb_built=&#8221;1&#8243; _builder_version=&#8221;4.16&#8243; custom_padding=&#8221;0px||||false|false&#8221; global_colors_info=&#8221;{}&#8221;][et_pb_row _builder_version=&#8221;4.16&#8243; background_size=&#8221;initial&#8221; background_position=&#8221;top_left&#8221; background_repeat=&#8221;repeat&#8221; width=&#8221;100%&#8221; custom_padding=&#8221;0px||0px||false|false&#8221; global_colors_info=&#8221;{}&#8221;][et_pb_column type=&#8221;4_4&#8243; _builder_version=&#8221;4.16&#8243; custom_padding=&#8221;|||&#8221; global_colors_info=&#8221;{}&#8221; custom_padding__hover=&#8221;|||&#8221;][et_pb_wc_breadcrumb _builder_version=&#8221;4.16&#8243; global_colors_info=&#8221;{}&#8221;][\/et_pb_wc_breadcrumb][et_pb_wc_cart_notice _builder_version=&#8221;4.16&#8243; global_colors_info=&#8221;{}&#8221;][\/et_pb_wc_cart_notice][\/et_pb_column][\/et_pb_row][et_pb_row column_structure=&#8221;1_2,1_2&#8243; _builder_version=&#8221;4.16&#8243; background_size=&#8221;initial&#8221; background_position=&#8221;top_left&#8221; background_repeat=&#8221;repeat&#8221; width=&#8221;100%&#8221; custom_padding=&#8221;0px||||false|false&#8221; global_colors_info=&#8221;{}&#8221;][et_pb_column type=&#8221;1_2&#8243; _builder_version=&#8221;4.16&#8243; custom_padding=&#8221;|||&#8221; global_colors_info=&#8221;{}&#8221; custom_padding__hover=&#8221;|||&#8221;][et_pb_wc_images _builder_version=&#8221;4.16&#8243; global_colors_info=&#8221;{}&#8221;][\/et_pb_wc_images][\/et_pb_column][et_pb_column type=&#8221;1_2&#8243; _builder_version=&#8221;4.16&#8243; custom_padding=&#8221;|||&#8221; global_colors_info=&#8221;{}&#8221; custom_padding__hover=&#8221;|||&#8221;][et_pb_wc_title _builder_version=&#8221;4.16&#8243; global_colors_info=&#8221;{}&#8221;][\/et_pb_wc_title][et_pb_wc_rating _builder_version=&#8221;4.16&#8243; global_colors_info=&#8221;{}&#8221;][\/et_pb_wc_rating][et_pb_wc_price _builder_version=&#8221;4.16&#8243; global_colors_info=&#8221;{}&#8221;][\/et_pb_wc_price][et_pb_wc_description _builder_version=&#8221;4.16&#8243; global_colors_info=&#8221;{}&#8221;][\/et_pb_wc_description][et_pb_wc_add_to_cart _builder_version=&#8221;4.16&#8243; global_colors_info=&#8221;{}&#8221;][\/et_pb_wc_add_to_cart][et_pb_wc_meta _builder_version=&#8221;4.16&#8243; global_colors_info=&#8221;{}&#8221;][\/et_pb_wc_meta][\/et_pb_column][\/et_pb_row][et_pb_row _builder_version=&#8221;4.16&#8243; background_size=&#8221;initial&#8221; background_position=&#8221;top_left&#8221; background_repeat=&#8221;repeat&#8221; width=&#8221;100%&#8221; global_colors_info=&#8221;{}&#8221;][et_pb_column type=&#8221;4_4&#8243; _builder_version=&#8221;4.16&#8243; custom_padding=&#8221;|||&#8221; global_colors_info=&#8221;{}&#8221; custom_padding__hover=&#8221;|||&#8221;][et_pb_wc_related_products _builder_version=&#8221;4.16&#8243; global_colors_info=&#8221;{}&#8221;][\/et_pb_wc_related_products][et_pb_wc_tabs _builder_version=&#8221;4.16&#8243; global_colors_info=&#8221;{}&#8221;] [\/et_pb_wc_tabs][et_pb_wc_upsells admin_label=&#8221;Promocja produkt\u00f3w Woo&#8221; _builder_version=&#8221;4.25.2&#8243; global_colors_info=&#8221;{}&#8221;][\/et_pb_wc_upsells][\/et_pb_column][\/et_pb_row][\/et_pb_section]<\/p>","protected":false},"excerpt":{"rendered":"<p>&nbsp;<\/p>\n<ul>\n<li>Leather Color: Dark Brown<\/li>\n<li>Initials \/ Personalisation (optional).<\/li>\n<li>Buckle fastenings.<\/li>\n<li>Compartment for 13\" or 15\" laptop.<\/li>\n<li>Large internal zipped pocket.<\/li>\n<li>Space for two pens.<\/li>\n<li>Internal pocket for phone.<\/li>\n<li>Wide, adjustable, full leather shoulder strap with anti-slip coating<span class=\"Apple-converted-space\">\u00a0<\/span><\/li>\n<li>Pocket on the back of the bag.<\/li>\n<li>Inner lining in thick cotton with a beautiful bottle-green colour. Leather trims.<span class=\"Apple-converted-space\">\u00a0<\/span><\/li>\n<li>No visible brand logo<\/li>\n<li>Dimensions: 40.5cm x 29cm x 8 to 10.5cm<span class=\"Apple-converted-space\">\u00a0<\/span><\/li>\n<li>The thickness adapts to the degree to which the bag is filled.<span class=\"Apple-converted-space\">\u00a0<\/span><\/li>\n<li>7-year warranty.<\/li>\n<li>Unisex bag.<span class=\"Apple-converted-space\">\u00a0<\/span><\/li>\n<\/ul>","protected":false},"featured_media":4106,"comment_status":"open","ping_status":"closed","template":"","meta":{"_et_pb_use_builder":"on","_et_pb_old_content":"<strong>Wszystkie dost\u0119pne kolory sk\u00f3ry<\/strong>: 1. Czarny, 2. Granat, 3. Ciemny br\u0105z, 4. Bordo, 5. Koniak.\r\nJe\u015bli chcesz wybra\u0107 inny kolor, wpisz jego nazw\u0119 w polu \u201eUwagi do zam\u00f3wienia\u201d na ostatnim etapie zam\u00f3wienia.\r\n<img class=\"alignnone size-full wp-image-10608\" src=\"https:\/\/sobczukbags.com\/wp-content\/uploads\/2024\/09\/Aa-Tekst.png\" alt=\"\" width=\"700\" height=\"150\" \/>\r\n\r\nTorba Idealna na co dzie\u0144. Dobrze sprawdzi si\u0119 do przenoszenia laptopa, dokument\u00f3w lub przedmiot\u00f3w codziennego u\u017cytku.\r\nPas na rami\u0119 wyposa\u017cony jest w szeroki antypo\u015blizgowy naramiennik. Zapobiega ze\u015blizgiwaniu si\u0119 pasa z ramienia podczas podr\u00f3\u017cy.\r\n\r\nW tylnej komorze wewn\u0105trz torby znajduje si\u0119 du\u017ca kiesze\u0144 na laptop do 15\u201d zapinana na zatrzask.\r\nW przegrodzie znajduje si\u0119 du\u017ca kiesze\u0144 zamykana na suwak.\r\nW komorze przedniej jest kiesze\u0144 na smartfon i dwa d\u0142ugopisy.\r\nKlasyczny design sprawia, \u017ce nigdy nie wyjdzie z mody. Pasuje do wi\u0119kszo\u015bci stylizacji, od smart casual po styl biznesowy. Idealnie podkre\u015bli Twoj\u0105 pewno\u015b\u0107 siebie i profesjonalizm.\r\n\r\nNa ka\u017cd\u0105 torb\u0119, udzielamy 7 lat gwarancji, darmow\u0105 napraw\u0119 i regeneracj\u0119 w tym okresie.\r\nOferujemy r\u00f3wnie\u017c serwis pogwarancyjny, tak by torba s\u0142u\u017cy\u0142a jeszcze d\u0142u\u017cej.\r\nPrzy odpowiedniej piel\u0119gnacji, produkt b\u0119dzie s\u0142u\u017cy\u0142 wiele d\u0142ugich lat.<span class=\"Apple-converted-space\">\u00a0<\/span>\r\n\r\nW odpowiedzi na wymagania najbardziej wymagaj\u0105cych u\u017cytkownik\u00f3w, kierujemy si\u0119 filozofi\u0105 \u201eQuiet luxury\u201d czyli \u201eCichy luksus\u201d nie dodaj\u0105c logotyp\u00f3w w widocznych miejscach na zewn\u0105trz produktu.<span class=\"Apple-converted-space\">\u00a0<\/span>","_et_gb_content_width":"","content-type":""},"product_brand":[],"product_cat":[38,37],"product_tag":[],"class_list":{"0":"post-1784","1":"product","2":"type-product","3":"status-publish","4":"has-post-thumbnail","6":"product_cat-torby","7":"product_cat-wszystkie-produkty","8":"product_shipping_class-xl-torby-codzienne-tote-bag-classic-bag-torba-na-laprop-plecak-itp","9":"wcpa_has_options","11":"first","12":"onbackorder","13":"taxable","14":"shipping-taxable","15":"purchasable","16":"product-type-variable","17":"has-default-attributes","18":"wvs-archive-product-wrapper"},"wcpa_form_fields":{"wcpaData":{"product":{"product_price":6690,"price_html":"<span class='wmc-cache-pid ' data-wmc_product_id='1784'><span class=\"woocommerce-Price-amount amount\">6690,00<span class=\"woocommerce-Price-currencySymbol\">&#122;&#322;<\/span><\/span><\/span>","original_product_price":6690,"price_including_tax":6690,"price_excluding_tax":5439.0243900000005,"product_id":{"parent":1784,"variation":false},"is_variable":true,"stock_status":"onbackorder","stock_quantity":null,"parent_sku":"","product_attributes":{"pa_monogram-personalizacja":{"is_variation":true,"values":[]}},"custom_fields":{"wcpa_pcf_monogram_visibility":"show"},"is_taxable":true,"product_name":"Torba Vintage Briefcase na laptop i dokumenty","hasImage":false},"fields":{"sec_56781439e54c34":{"extra":{"key":"sec_56781439e54c34","section_id":"sec_56781439e54c34","name":"Default","status":1,"toggle":true,"form_id":9345,"form_rules":{"exclude_from_discount":false,"fee_label":"Fee","disp_hide_options_price":false,"disp_show_section_price":false,"disp_show_field_price":true,"layout_option":"standard","pric_use_as_fee":false,"process_fee_as":"woo_fee"},"layout_option":"standard"},"fields":[[{"active":true,"col":6,"relations":[{"operator":false,"rules":[{"operator":false,"rules":{"cl_field":"select_7261061410","cl_relation":"is","cl_val":"hide"}}]}],"cl_rule":"hide","enableCl":true,"price":"","enablePrice":false,"className":"","type":"text","subtype":"text","required":false,"elementId":"text_5247103151","label":"Personalizacja \/ monogram","name":"hide_text_field","value":"","error":false,"placeholder":"J.K \/ J.Kowalski","description":"Wpisz tekst do personalizacji (do 10 znak\u00f3w) lub pozostaw puste pole.","maxlength":"10","repeater":false,"repeater_field_label":"{field_label}","repeater_bind":"","enableDesign":true,"LabelColor":"#000000","DescColor":"#4a4a4a","DescSize":"10","enableWeight":false,"mapToCheckout":false,"tooltip":"Inicja\u0142y b\u0119d\u0105 umieszczone na przywieszce (je\u015bli jest zawarta w produkcie). Tekst powy\u017cej 5 znak\u00f3w b\u0119dzie umieszczomny na korpusie produktu.","gt_translate_keys":["label","placeholder","description","value","tooltip","repeater_field_label"],"price_dependency":false,"cl_dependency":false}]]},"sec_267c098b558d36":{"extra":{"key":"sec_267c098b558d36","section_id":"sec_267c098b558d36","name":"Default","status":1,"cl_rule":"show","enableCl":false,"relations":[],"toggle":true,"title_tag":"h3","show_title":false,"showPrice":"default","form_id":10589,"form_rules":{"exclude_from_discount":false,"fee_label":"Fee","disp_hide_options_price":false,"disp_show_section_price":false,"disp_show_field_price":true,"layout_option":"standard","pric_use_as_fee":false,"process_fee_as":"woo_fee"},"layout_option":"standard"},"fields":[[{"active":true,"col":6,"relations":[{"operator":false,"rules":[{"operator":"AND","rules":{"cl_field":"attribute","cl_relation":"is","cl_val":"bez","cl_field_sub":"pa_wnetrze"}}]}],"cl_rule":"hide","enableCl":true,"price":"","enablePrice":false,"className":"","label_position":"default","desc_position":"default","type":"image-group","required":true,"elementId":"image_6752702441","label":"Kolor podszewki:","name":"image_6752702441","enable_popup":"all","multiple":false,"layOut":"inline","img_selection_type":"outline","disp_type":"squircle","values":[{"label":"Czarny","value":"Czarny","selected":false,"image":"https:\/\/sobczukbags.com\/wp-content\/uploads\/2025\/02\/Zrzut-ekranu-2025-02-26-o-19.20.44-2.jpeg","thumb":"https:\/\/sobczukbags.com\/wp-content\/uploads\/2025\/02\/Zrzut-ekranu-2025-02-26-o-19.20.44-2-150x150.jpeg","tempId":"aco_4411","image_id":10592,"thumb_src":"https:\/\/sobczukbags.com\/wp-content\/uploads\/2025\/02\/Zrzut-ekranu-2025-02-26-o-19.20.44-2-100x100.jpeg","gt_translate_keys":["label"]},{"label":"Granat","value":"Granat","selected":false,"image":"https:\/\/sobczukbags.com\/wp-content\/uploads\/2025\/02\/Zrzut-ekranu-2025-02-26-o-19.23.05-1.jpeg","thumb":"https:\/\/sobczukbags.com\/wp-content\/uploads\/2025\/02\/Zrzut-ekranu-2025-02-26-o-19.23.05-1-150x150.jpeg","tempId":"aco_4412","image_id":10594,"thumb_src":"https:\/\/sobczukbags.com\/wp-content\/uploads\/2025\/02\/Zrzut-ekranu-2025-02-26-o-19.23.05-1-100x100.jpeg","gt_translate_keys":["label"]},{"label":"Bordowy","value":"Bordowy","selected":false,"image":"https:\/\/sobczukbags.com\/wp-content\/uploads\/2025\/02\/Zrzut-ekranu-2025-02-27-o-08.00.10.jpeg","thumb":"https:\/\/sobczukbags.com\/wp-content\/uploads\/2025\/02\/Zrzut-ekranu-2025-02-27-o-08.00.10-150x150.jpeg","tempId":"aco_25","image_id":10590,"thumb_src":"https:\/\/sobczukbags.com\/wp-content\/uploads\/2025\/02\/Zrzut-ekranu-2025-02-27-o-08.00.10-100x100.jpeg","gt_translate_keys":["label"]},{"label":"Ciemna ziele\u0144","value":"Ciemna ziele\u0144","selected":true,"image":"https:\/\/sobczukbags.com\/wp-content\/uploads\/2025\/02\/Zrzut-ekranu-2025-02-26-o-19.20.44.jpeg","thumb":"https:\/\/sobczukbags.com\/wp-content\/uploads\/2025\/02\/Zrzut-ekranu-2025-02-26-o-19.20.44-150x150.jpeg","tempId":"aco_4413","image_id":10593,"thumb_src":"https:\/\/sobczukbags.com\/wp-content\/uploads\/2025\/02\/Zrzut-ekranu-2025-02-26-o-19.20.44-100x100.jpeg","gt_translate_keys":["label"]}],"disp_size_img":{"width":"50","height":"50"},"error":false,"img_preview":false,"img_preview_disable_mobile":false,"description":"","tooltip":"Domy\u015blnie kolor podszewki to \u201eciemnozielony\u201d. Aby go zmieni\u0107, kliknij wybrany kolor.<br \/>\n<br \/>\nPodszewka wykonana jest z bawe\u0142ny z domieszk\u0105 poliestru, z wyj\u0105tkiem koloru \u201eciemna ziele\u0144\u201d, kt\u00f3ry jest w 100% bawe\u0142niany.","repeater":false,"repeater_field_label":"{field_label}","repeater_bind":"","show_as_product_image":false,"enable_product_image":false,"enableClearSelection":false,"options_description":false,"show_selected_option":true,"gt_translate_keys":["label","description","tooltip","repeater_field_label"],"price_dependency":false,"cl_dependency":false,"value":""}]]}},"config":{"price_override":"","enable_recaptcha":false,"bind_quantity":false,"quantity_bind_formula":false,"disp_summ_show_option_price":true,"disp_summ_show_product_price":true,"disp_summ_show_total_price":true,"disp_summ_show_fee":false,"disp_summ_show_discount":false,"summary_title":"","options_total_label":"Options Price","total_label":"Total","options_product_label":"Product Price","fee_label":"Fee","discount_label":"Discount","has_price":true,"has_quantity_formula":false},"mc_unit":1,"tax_rate":1,"tax_rate_real":0.23,"discount":{"percentage":0,"fixed":0},"design":{"conf":{"LabelPosition":"above","DescPosition":"above","UploadField":"custom_1","QuantityFieldStyle":"default"},"css":{"LeftLabelWidth":"120px"}},"formulas":[],"lookuptables":[],"clones":false,"cartKey":false}},"_links":{"self":[{"href":"https:\/\/sobczukbags.com\/en\/wp-json\/wp\/v2\/product\/1784","targetHints":{"allow":["GET"]}}],"collection":[{"href":"https:\/\/sobczukbags.com\/en\/wp-json\/wp\/v2\/product"}],"about":[{"href":"https:\/\/sobczukbags.com\/en\/wp-json\/wp\/v2\/types\/product"}],"replies":[{"embeddable":true,"href":"https:\/\/sobczukbags.com\/en\/wp-json\/wp\/v2\/comments?post=1784"}],"wp:featuredmedia":[{"embeddable":true,"href":"https:\/\/sobczukbags.com\/en\/wp-json\/wp\/v2\/media\/4106"}],"wp:attachment":[{"href":"https:\/\/sobczukbags.com\/en\/wp-json\/wp\/v2\/media?parent=1784"}],"wp:term":[{"taxonomy":"product_brand","embeddable":true,"href":"https:\/\/sobczukbags.com\/en\/wp-json\/wp\/v2\/product_brand?post=1784"},{"taxonomy":"product_cat","embeddable":true,"href":"https:\/\/sobczukbags.com\/en\/wp-json\/wp\/v2\/product_cat?post=1784"},{"taxonomy":"product_tag","embeddable":true,"href":"https:\/\/sobczukbags.com\/en\/wp-json\/wp\/v2\/product_tag?post=1784"}],"curies":[{"name":"wp","href":"https:\/\/api.w.org\/{rel}","templated":true}]}}