{"id":2617,"date":"2024-03-23T17:18:56","date_gmt":"2024-03-23T17:18:56","guid":{"rendered":"https:\/\/sobczukbags.com\/produkt\/laptop-sleeve-black\/"},"modified":"2024-07-01T16:27:11","modified_gmt":"2024-07-01T16:27:11","slug":"laptop-sleeve-black-2","status":"publish","type":"product","link":"https:\/\/sobczukbags.com\/en\/product-3\/laptop-sleeve-black-2\/","title":{"rendered":"Laptop sleeve, black"},"content":{"rendered":"<p>Want to take your laptop to the office or coffee shop without unnecessary accessories?<br \/>\nA laptop sleeve will work perfectly for this.<br \/>\nIt will perfectly protect your laptop from falls, scratches or weather conditions.<br \/>\nInside the case there is a beautiful bottle green lining made of natural leather - suede.<br \/>\nThanks to its properties, the leather \"wraps\" the laptop with its softness, protecting it from scratches.<br \/>\nAn additional lining element is foam lining, which adds more softness to the case, protecting the laptop from drops and absorbing shocks.<br \/>\nIts classic design ensures that it never goes out of style. It complements most outfits, from smart casual to business attire, It will perfectly highlight your confidence and professionalism.<br \/>\nLaptop case, will also fulfil the role of \"briefcase to hand\".<br \/>\nYou can also carry small everyday items like smaller documents in it,<\/p>\n<p>power bank, headphones.<\/p>\n<p>For laptop cases, we provide a 7-year warranty, free repair and reconditioning during this period.<br \/>\nWe also offer post-warranty service, so that the product will serve even longer.<\/p>\n<p>In response to the requirements of the most demanding users, we follow the philosophy of \"Quiet luxury\", without adding logos in visible places on the outside of the product.<\/p>\n<p>&nbsp;<\/p>\n<p><iframe loading=\"lazy\" title=\"MacBook Case - Customer review\" width=\"1080\" height=\"608\" src=\"https:\/\/www.youtube.com\/embed\/ZWR7DhNr5rE?feature=oembed\"  allow=\"accelerometer; autoplay; clipboard-write; encrypted-media; gyroscope; picture-in-picture; web-share\" referrerpolicy=\"strict-origin-when-cross-origin\" allowfullscreen><\/iframe><\/p>","protected":false},"excerpt":{"rendered":"<ul>\n<li>Leather Color: Black.<\/li>\n<li>Laptop size of 13 or 15 inches.<\/li>\n<li>Additional invisible clasp opening.<\/li>\n<li>Soft suede leather inside.<\/li>\n<li>Laptop compartment lined with soft foam.<\/li>\n<li>Pocket on the back with A4 size.<\/li>\n<li>Classic and luxurious design.<\/li>\n<li>Securing sensitive areas with additional rivets.<\/li>\n<li>Made from some of the most prestigious leathers<\/li>\n<li>Manufactured in Poland<\/li>\n<li>No brand logo in a prominent location.<\/li>\n<li>7 year warranty<\/li>\n<li>Dimensions: 13\u2033 - 35x24x2.5cm<\/li>\n<\/ul>","protected":false},"featured_media":4043,"comment_status":"open","ping_status":"closed","template":"","meta":{"_et_pb_use_builder":"","_et_pb_old_content":"Want to take your laptop to the office or coffee shop without unnecessary accessories?\r\nA laptop sleeve will work perfectly for this.\r\nIt will perfectly protect your laptop from falls, scratches or weather conditions.\r\nInside the case there is a beautiful bottle green lining made of natural leather - suede.\r\nThanks to its properties, the leather \"wraps\" the laptop with its softness, protecting it from scratches.\r\nAn additional lining element is foam lining, which adds more softness to the case, protecting the laptop from drops and absorbing shocks.\r\nThe classic design means it will never go out of style. Fits most styles, from smart casual to business style. It will perfectly highlight your confidence and professionalism.\r\nLaptop case, will also fulfill the role of \"briefcase to hand\".\r\nYou can also carry small everyday items like smaller documents in it,\r\n\r\npower bank, headphones.\r\n\r\nFor laptop cases, we provide a 7-year warranty, free repair and reconditioning during this period.\r\nWe also offer post-warranty service, so that the product will serve even longer.\r\n\r\nIn response to the requirements of the most demanding users, we follow the philosophy of \"Quiet luxury\" or \"Quiet luxury\" without adding logos in visible places on the outside of the product.","_et_gb_content_width":"","content-type":""},"product_brand":[],"product_cat":[59,82],"product_tag":[],"class_list":{"0":"post-2617","1":"product","2":"type-product","3":"status-publish","4":"has-post-thumbnail","6":"product_cat-all-products","7":"product_cat-accessories","8":"product_shipping_class-l-portfolio-laptop-case-etc","9":"wcpa_has_options","11":"first","12":"onbackorder","13":"taxable","14":"shipping-taxable","15":"purchasable","16":"product-type-variable","17":"has-default-attributes","18":"wvs-archive-product-wrapper"},"wcpa_form_fields":{"wcpaData":{"product":{"product_price":1190,"price_html":"<span class='wmc-cache-pid ' data-wmc_product_id='2617'><span class=\"woocommerce-Price-amount amount\">1190,00<span class=\"woocommerce-Price-currencySymbol\">&#122;&#322;<\/span><\/span><\/span>","original_product_price":1190,"price_including_tax":1190,"price_excluding_tax":967.479675,"product_id":{"parent":2617,"variation":false},"is_variable":true,"stock_status":"onbackorder","stock_quantity":null,"parent_sku":"","product_attributes":{"pa_rozmiar":{"is_variation":true,"values":[]},"pa_monogram-personalizacja":{"is_variation":true,"values":[]}},"custom_fields":{"wcpa_pcf_monogram_visibility":"show"},"is_taxable":true,"product_name":"Laptop sleeve, black","hasImage":false},"fields":{"sec_56781439e54c34":{"extra":{"key":"sec_56781439e54c34","section_id":"sec_56781439e54c34","name":"Default","status":1,"toggle":true,"form_id":9345,"form_rules":{"exclude_from_discount":false,"fee_label":"Op\u0142ata","disp_hide_options_price":false,"disp_show_section_price":false,"disp_show_field_price":true,"layout_option":"standard","pric_use_as_fee":false,"process_fee_as":"woo_fee"},"layout_option":"standard"},"fields":[[{"active":true,"col":6,"relations":[{"operator":false,"rules":[{"operator":false,"rules":{"cl_field":"select_7261061410","cl_relation":"is","cl_val":"hide"}}]}],"cl_rule":"hide","enableCl":true,"price":"","enablePrice":false,"className":"","type":"text","subtype":"text","required":false,"elementId":"text_5247103151","label":"Personalizacja \/ monogram","name":"hide_text_field","value":"","error":false,"placeholder":"J.K \/ J.Kowalski","description":"Wpisz tekst do personalizacji (do 10 znak\u00f3w) lub pozostaw puste pole.","maxlength":"10","repeater":false,"repeater_field_label":"{field_label}","repeater_bind":"","enableDesign":true,"LabelColor":"#000000","DescColor":"#4a4a4a","DescSize":"10","enableWeight":false,"mapToCheckout":false,"tooltip":"Inicja\u0142y b\u0119d\u0105 umieszczone na przywieszce (je\u015bli jest zawarta w produkcie). Tekst powy\u017cej 5 znak\u00f3w b\u0119dzie umieszczomny na korpusie produktu.","gt_translate_keys":["label","placeholder","description","value","tooltip","repeater_field_label"],"price_dependency":false,"cl_dependency":false}]]}},"config":{"price_override":"","enable_recaptcha":false,"bind_quantity":false,"quantity_bind_formula":false,"disp_summ_show_option_price":true,"disp_summ_show_product_price":true,"disp_summ_show_total_price":true,"disp_summ_show_fee":false,"disp_summ_show_discount":false,"summary_title":"","options_total_label":"Cena opcji","total_label":"\u0141\u0105cznie","options_product_label":"Cena produktu","fee_label":"Op\u0142ata","discount_label":"Zni\u017cka","has_price":true,"has_quantity_formula":false},"mc_unit":4.230909,"tax_rate":1,"tax_rate_real":0.23,"discount":{"percentage":0,"fixed":0},"design":{"conf":{"LabelPosition":"above","DescPosition":"above","UploadField":"custom_1","QuantityFieldStyle":"default"},"css":{"LeftLabelWidth":"120px"}},"formulas":[],"lookuptables":[],"clones":false,"cartKey":false}},"_links":{"self":[{"href":"https:\/\/sobczukbags.com\/en\/wp-json\/wp\/v2\/product\/2617","targetHints":{"allow":["GET"]}}],"collection":[{"href":"https:\/\/sobczukbags.com\/en\/wp-json\/wp\/v2\/product"}],"about":[{"href":"https:\/\/sobczukbags.com\/en\/wp-json\/wp\/v2\/types\/product"}],"replies":[{"embeddable":true,"href":"https:\/\/sobczukbags.com\/en\/wp-json\/wp\/v2\/comments?post=2617"}],"wp:featuredmedia":[{"embeddable":true,"href":"https:\/\/sobczukbags.com\/en\/wp-json\/wp\/v2\/media\/4043"}],"wp:attachment":[{"href":"https:\/\/sobczukbags.com\/en\/wp-json\/wp\/v2\/media?parent=2617"}],"wp:term":[{"taxonomy":"product_brand","embeddable":true,"href":"https:\/\/sobczukbags.com\/en\/wp-json\/wp\/v2\/product_brand?post=2617"},{"taxonomy":"product_cat","embeddable":true,"href":"https:\/\/sobczukbags.com\/en\/wp-json\/wp\/v2\/product_cat?post=2617"},{"taxonomy":"product_tag","embeddable":true,"href":"https:\/\/sobczukbags.com\/en\/wp-json\/wp\/v2\/product_tag?post=2617"}],"curies":[{"name":"wp","href":"https:\/\/api.w.org\/{rel}","templated":true}]}}