{"id":3008,"date":"2024-06-03T18:32:08","date_gmt":"2024-06-03T18:32:08","guid":{"rendered":"https:\/\/sobczukbags.com\/?post_type=product&#038;p=3008"},"modified":"2025-11-08T11:20:10","modified_gmt":"2025-11-08T10:20:10","slug":"classic-bag-2","status":"publish","type":"product","link":"https:\/\/sobczukbags.com\/en\/product-3\/classic-bag-2\/","title":{"rendered":"Classic Bag"},"content":{"rendered":"<p>[et_pb_section fb_built=&#8221;1&#8243; _builder_version=&#8221;4.16&#8243; custom_padding=&#8221;0px||||false|false&#8221; global_colors_info=&#8221;{}&#8221;][et_pb_row _builder_version=&#8221;4.16&#8243; background_size=&#8221;initial&#8221; background_position=&#8221;top_left&#8221; background_repeat=&#8221;repeat&#8221; width=&#8221;100%&#8221; custom_padding=&#8221;0px||0px||false|false&#8221; global_colors_info=&#8221;{}&#8221;][et_pb_column type=&#8221;4_4&#8243; _builder_version=&#8221;4.16&#8243; custom_padding=&#8221;|||&#8221; global_colors_info=&#8221;{}&#8221; custom_padding__hover=&#8221;|||&#8221;][et_pb_wc_breadcrumb _builder_version=&#8221;4.16&#8243; global_colors_info=&#8221;{}&#8221;][\/et_pb_wc_breadcrumb][et_pb_wc_cart_notice _builder_version=&#8221;4.16&#8243; global_colors_info=&#8221;{}&#8221;][\/et_pb_wc_cart_notice][\/et_pb_column][\/et_pb_row][et_pb_row column_structure=&#8221;1_2,1_2&#8243; _builder_version=&#8221;4.16&#8243; background_size=&#8221;initial&#8221; background_position=&#8221;top_left&#8221; background_repeat=&#8221;repeat&#8221; width=&#8221;100%&#8221; custom_padding=&#8221;0px||||false|false&#8221; global_colors_info=&#8221;{}&#8221;][et_pb_column type=&#8221;1_2&#8243; _builder_version=&#8221;4.16&#8243; custom_padding=&#8221;|||&#8221; global_colors_info=&#8221;{}&#8221; custom_padding__hover=&#8221;|||&#8221;][et_pb_wc_images _builder_version=&#8221;4.16&#8243; global_colors_info=&#8221;{}&#8221;][\/et_pb_wc_images][\/et_pb_column][et_pb_column type=&#8221;1_2&#8243; _builder_version=&#8221;4.16&#8243; custom_padding=&#8221;|||&#8221; global_colors_info=&#8221;{}&#8221; custom_padding__hover=&#8221;|||&#8221;][et_pb_wc_title _builder_version=&#8221;4.16&#8243; global_colors_info=&#8221;{}&#8221;][\/et_pb_wc_title][et_pb_wc_rating _builder_version=&#8221;4.16&#8243; global_colors_info=&#8221;{}&#8221;][\/et_pb_wc_rating][et_pb_wc_price _builder_version=&#8221;4.16&#8243; global_colors_info=&#8221;{}&#8221;][\/et_pb_wc_price][et_pb_wc_description _builder_version=&#8221;4.16&#8243; global_colors_info=&#8221;{}&#8221;][\/et_pb_wc_description][et_pb_wc_add_to_cart admin_label=&#8221;Produkt Woo Dodaj do koszyka&#8221; _builder_version=&#8221;4.16&#8243; global_colors_info=&#8221;{}&#8221;][\/et_pb_wc_add_to_cart][et_pb_wc_meta _builder_version=&#8221;4.16&#8243; global_colors_info=&#8221;{}&#8221;][\/et_pb_wc_meta][\/et_pb_column][\/et_pb_row][et_pb_row _builder_version=&#8221;4.16&#8243; background_size=&#8221;initial&#8221; background_position=&#8221;top_left&#8221; background_repeat=&#8221;repeat&#8221; width=&#8221;100%&#8221; global_colors_info=&#8221;{}&#8221;][et_pb_column type=&#8221;4_4&#8243; _builder_version=&#8221;4.16&#8243; custom_padding=&#8221;|||&#8221; global_colors_info=&#8221;{}&#8221; custom_padding__hover=&#8221;|||&#8221;][et_pb_wc_tabs _builder_version=&#8221;4.16&#8243; global_colors_info=&#8221;{}&#8221;] [\/et_pb_wc_tabs][et_pb_wc_upsells _builder_version=&#8221;4.16&#8243; global_colors_info=&#8221;{}&#8221;][\/et_pb_wc_upsells][et_pb_wc_related_products _builder_version=&#8221;4.16&#8243; global_colors_info=&#8221;{}&#8221;][\/et_pb_wc_related_products][\/et_pb_column][\/et_pb_row][\/et_pb_section]<\/p>","protected":false},"excerpt":{"rendered":"<p>&nbsp;<\/p>\n<ul>\n<li>Leather colour: Black smooth<\/li>\n<li>The long handle allows the bag to be carried on the shoulder or in the hand.<\/li>\n<li>Large brass key lock<\/li>\n<li>Metal parts made of brass<\/li>\n<li>Large internal pocket for laptop<\/li>\n<li>Small card case pocket<\/li>\n<li>Unlined version of the bag<\/li>\n<li>Bag tag concealing a key<\/li>\n<li>Free monogram embossing (personalization).<\/li>\n<li>Dimensions: 40 x35 x 6cm<\/li>\n<li>Handle clearance: 20cm<\/li>\n<li>No visible brand logo<\/li>\n<li>Weight: 1kg<\/li>\n<li>7-year warranty.<\/li>\n<li>Unisex bag<\/li>\n<\/ul>","protected":false},"featured_media":4026,"comment_status":"open","ping_status":"closed","template":"","meta":{"_et_pb_use_builder":"on","_et_pb_old_content":"Dost\u0119pne inne kolory:\r\n- ciemny br\u0105z\r\nJe\u015bli chcesz wybra\u0107 inny kolor, wpisz jego nazw\u0119 w polu \u201eUwagi do zam\u00f3wienia\u201d na ostatnim etapie zam\u00f3wienia.\r\n\r\nTorba Classic Bag jest jedn\u0105 z bajbardziej klasycznych a zarazem odwa\u017cnych toreb w naszej kolekcji. Przeznaczona do przenoszenia laptopa do 16\" i dokument\u00f3w. Zmie\u015bci r\u00f3wnie\u017c portfel, telefon, ksi\u0105\u017ck\u0119 drobne akcesoria.\r\nZ torb\u0105 Classic Bag b\u0119dziesz wygl\u0105dac klasycznie, a jednocze\u015bnie przyci\u0105gniesz na siebie wzrok.\r\nU\u017cycie d\u0142ugiej r\u0105czki w torbie typu briefcase, prze\u0142ama\u0142o schemat standardowych projekt\u00f3w tego typu, przez co torba bardzo si\u0119 wyr\u00f3\u017cnia, jednak wci\u0105\u017c pozostaje klasyczna. Idealnie pasuje do klasycznych stylizacji biznesowych i tam gdzie chcesz wygl\u0105da\u0107 niepowtarzalnie.\r\n\r\nInicja\u0142y nadadz\u0105 wi\u0119kszej personalizacji. Sprawdz\u0105 si\u0119 idealnie jako prezent. Miejsce na przywieszce lub tu\u017c pod z\u0142otym zamkiem.\r\n\r\nNa produkt, udzielamy 7 lat gwarancji, darmow\u0105 napraw\u0119 i regeneracj\u0119 w tym okresie.\r\nOferujemy r\u00f3wnie\u017c serwis pogwarancyjny, tak, by produkt s\u0142u\u017cy\u0142 jeszcze d\u0142u\u017cej.\r\nW odpowiedzi na wymagania najbardziej wymagaj\u0105cych u\u017cytkownik\u00f3w, kierujemy si\u0119 filozofi\u0105 \u201eQuiet luxury\u201d czyli \u201eCichy luksus\u201d nie dodaj\u0105c logotyp\u00f3w w widocznych miejscach na zewn\u0105trz produktu.","_et_gb_content_width":"","content-type":""},"product_brand":[],"product_cat":[38,37],"product_tag":[],"class_list":{"0":"post-3008","1":"product","2":"type-product","3":"status-publish","4":"has-post-thumbnail","6":"product_cat-torby","7":"product_cat-wszystkie-produkty","8":"product_shipping_class-xl-torby-codzienne-tote-bag-classic-bag-torba-na-laprop-plecak-itp","9":"wcpa_has_options","11":"first","12":"onbackorder","13":"taxable","14":"shipping-taxable","15":"purchasable","16":"product-type-variable","17":"has-default-attributes","18":"wvs-archive-product-wrapper"},"wcpa_form_fields":{"wcpaData":{"product":{"product_price":2890,"price_html":"<span class='wmc-cache-pid ' data-wmc_product_id='3008'><span class=\"woocommerce-Price-amount amount\">2890,00<span class=\"woocommerce-Price-currencySymbol\">&#122;&#322;<\/span><\/span><\/span>","original_product_price":2890,"price_including_tax":2890,"price_excluding_tax":2349.593496,"product_id":{"parent":3008,"variation":false},"is_variable":true,"stock_status":"onbackorder","stock_quantity":null,"parent_sku":"","product_attributes":{"pa_okucia":{"is_variation":true,"values":[]},"pa_monogram-personalizacja":{"is_variation":true,"values":[]}},"custom_fields":{"wcpa_pcf_monogram_visibility":"show"},"is_taxable":true,"product_name":"Classic Bag","hasImage":false},"fields":{"sec_56781439e54c34":{"extra":{"key":"sec_56781439e54c34","section_id":"sec_56781439e54c34","name":"Default","status":1,"toggle":true,"form_id":9345,"form_rules":{"exclude_from_discount":false,"fee_label":"Op\u0142ata","disp_hide_options_price":false,"disp_show_section_price":false,"disp_show_field_price":true,"layout_option":"standard","pric_use_as_fee":false,"process_fee_as":"woo_fee"},"layout_option":"standard"},"fields":[[{"active":true,"col":6,"relations":[{"operator":false,"rules":[{"operator":false,"rules":{"cl_field":"select_7261061410","cl_relation":"is","cl_val":"hide"}}]}],"cl_rule":"hide","enableCl":true,"price":"","enablePrice":false,"className":"","type":"text","subtype":"text","required":false,"elementId":"text_5247103151","label":"Personalizacja \/ monogram","name":"hide_text_field","value":"","error":false,"placeholder":"J.K \/ J.Kowalski","description":"Wpisz tekst do personalizacji (do 10 znak\u00f3w) lub pozostaw puste pole.","maxlength":"10","repeater":false,"repeater_field_label":"{field_label}","repeater_bind":"","enableDesign":true,"LabelColor":"#000000","DescColor":"#4a4a4a","DescSize":"10","enableWeight":false,"mapToCheckout":false,"tooltip":"Inicja\u0142y b\u0119d\u0105 umieszczone na przywieszce (je\u015bli jest zawarta w produkcie). Tekst powy\u017cej 5 znak\u00f3w b\u0119dzie umieszczomny na korpusie produktu.","gt_translate_keys":["label","placeholder","description","value","tooltip","repeater_field_label"],"price_dependency":false,"cl_dependency":false}]]}},"config":{"price_override":"","enable_recaptcha":false,"bind_quantity":false,"quantity_bind_formula":false,"disp_summ_show_option_price":true,"disp_summ_show_product_price":true,"disp_summ_show_total_price":true,"disp_summ_show_fee":false,"disp_summ_show_discount":false,"summary_title":"","options_total_label":"Cena opcji","total_label":"\u0141\u0105cznie","options_product_label":"Cena produktu","fee_label":"Op\u0142ata","discount_label":"Zni\u017cka","has_price":true,"has_quantity_formula":false},"mc_unit":1,"tax_rate":1,"tax_rate_real":0.23,"discount":{"percentage":0,"fixed":0},"design":{"conf":{"LabelPosition":"above","DescPosition":"above","UploadField":"custom_1","QuantityFieldStyle":"default"},"css":{"LeftLabelWidth":"120px"}},"formulas":[],"lookuptables":[],"clones":false,"cartKey":false}},"_links":{"self":[{"href":"https:\/\/sobczukbags.com\/en\/wp-json\/wp\/v2\/product\/3008","targetHints":{"allow":["GET"]}}],"collection":[{"href":"https:\/\/sobczukbags.com\/en\/wp-json\/wp\/v2\/product"}],"about":[{"href":"https:\/\/sobczukbags.com\/en\/wp-json\/wp\/v2\/types\/product"}],"replies":[{"embeddable":true,"href":"https:\/\/sobczukbags.com\/en\/wp-json\/wp\/v2\/comments?post=3008"}],"wp:featuredmedia":[{"embeddable":true,"href":"https:\/\/sobczukbags.com\/en\/wp-json\/wp\/v2\/media\/4026"}],"wp:attachment":[{"href":"https:\/\/sobczukbags.com\/en\/wp-json\/wp\/v2\/media?parent=3008"}],"wp:term":[{"taxonomy":"product_brand","embeddable":true,"href":"https:\/\/sobczukbags.com\/en\/wp-json\/wp\/v2\/product_brand?post=3008"},{"taxonomy":"product_cat","embeddable":true,"href":"https:\/\/sobczukbags.com\/en\/wp-json\/wp\/v2\/product_cat?post=3008"},{"taxonomy":"product_tag","embeddable":true,"href":"https:\/\/sobczukbags.com\/en\/wp-json\/wp\/v2\/product_tag?post=3008"}],"curies":[{"name":"wp","href":"https:\/\/api.w.org\/{rel}","templated":true}]}}