{"id":637,"date":"2024-03-23T17:05:32","date_gmt":"2024-03-23T17:05:32","guid":{"rendered":"https:\/\/sobczukbags.com\/?post_type=product&#038;p=637"},"modified":"2025-11-08T12:31:17","modified_gmt":"2025-11-08T11:31:17","slug":"key-case-bronze-2-2","status":"publish","type":"product","link":"https:\/\/sobczukbags.com\/en\/product-3\/key-case-bronze-2-2\/","title":{"rendered":"Key case, dark brown"},"content":{"rendered":"<p>[et_pb_section fb_built=\u201d1\u2033 _builder_version=\u201d4.16\u2033 custom_padding=\u201d0px||||false|false\u201d global_colors_info=\u201d{}\u201d][et_pb_row _builder_version=\u201d4.16\u2033 background_size=\u201dinitial\u201d background_position=\u201dtop_left\u201d background_repeat=\u201drepeat\u201d width=\u201d100%\u201d custom_padding=\u201d0px||0px||false|false\u201d global_colors_info=\u201d{}\u201d][et_pb_column type=\u201d4_4\u2033 _builder_version=\u201d4.16\u2033 custom_padding=\u201d|||\u201d global_colors_info=\u201d{}\u201d custom_padding__hover=\u201d|||\u201d][et_pb_wc_cart_notice _builder_version=\u201d4.16\u2033 global_colors_info=\u201d{}\u201d][\/et_pb_wc_cart_notice][\/et_pb_column][\/et_pb_row][et_pb_row column_structure=\u201d1_2,1_2\u2033 _builder_version=\u201d4.16\u2033 background_size=\u201dinitial\u201d background_position=\u201dtop_left\u201d background_repeat=\u201drepeat\u201d width=\u201d100%\u201d custom_padding=\u201d0px||||false|false\u201d global_colors_info=\u201d{}\u201d][et_pb_column type=\u201d1_2\u2033 _builder_version=\u201d4.16\u2033 custom_padding=\u201d|||\u201d global_colors_info=\u201d{}\u201d custom_padding__hover=\u201d|||\u201d][et_pb_wc_images _builder_version=\u201d4.16\u2033 global_colors_info=\u201d{}\u201d][\/et_pb_wc_images][\/et_pb_column][et_pb_column type=\u201d1_2\u2033 _builder_version=\u201d4.16\u2033 custom_padding=\u201d|||\u201d global_colors_info=\u201d{}\u201d custom_padding__hover=\u201d|||\u201d][et_pb_wc_title _builder_version=\u201d4.16\u2033 global_colors_info=\u201d{}\u201d][\/et_pb_wc_title][et_pb_wc_rating _builder_version=\u201d4.16\u2033 global_colors_info=\u201d{}\u201d][\/et_pb_wc_rating][et_pb_wc_price _builder_version=\u201d4.16\u2033 global_colors_info=\u201d{}\u201d][\/et_pb_wc_price][et_pb_wc_description _builder_version=\u201d4.16\u2033 global_colors_info=\u201d{}\u201d][\/et_pb_wc_description][et_pb_wc_add_to_cart _builder_version=\u201d4.16\u2033 global_colors_info=\u201d{}\u201d][\/et_pb_wc_add_to_cart][et_pb_wc_meta _builder_version=\u201d4.16\u2033 global_colors_info=\u201d{}\u201d][\/et_pb_wc_meta][\/et_pb_column][\/et_pb_row][et_pb_row _builder_version=\u201d4.16\u2033 background_size=\u201dinitial\u201d background_position=\u201dtop_left\u201d background_repeat=\u201drepeat\u201d width=\u201d100%\u201d global_colors_info=\u201d{}\u201d][et_pb_column type=\u201d4_4\u2033 _builder_version=\u201d4.16\u2033 custom_padding=\u201d|||\u201d global_colors_info=\u201d{}\u201d custom_padding__hover=\u201d|||\u201d][et_pb_wc_tabs _builder_version=\u201d4.16\u2033 global_colors_info=\u201d{}\u201d]\t\t\t\t\t[\/et_pb_wc_tabs][et_pb_wc_upsells _builder_version=\u201d4.16\u2033 global_colors_info=\u201d{}\u201d][\/et_pb_wc_upsells][et_pb_wc_related_products _builder_version=\u201d4.16\u2033 global_colors_info=\u201d{}\u201d][\/et_pb_wc_related_products][\/et_pb_column][\/et_pb_row][\/et_pb_section]<\/p>","protected":false},"excerpt":{"rendered":"<ul>\n<li>Leather Color: Dark Brown<\/li>\n<li>Effectively protects other items from being scratched by sharp keys.<\/li>\n<li>Spacious key case with adjustable capacity.<\/li>\n<li>Brass snap closure on the flap.<\/li>\n<li>Elegant solid brass screw detail.<\/li>\n<li>Solid brass key rings for added functionality.<\/li>\n<li>Made from rich, full-grain natural leather.<\/li>\n<li>Free embossing of monograms\/initials available (optional).<\/li>\n<li>Perfect as a gift.<\/li>\n<li>Classic and timeless design.<\/li>\n<li>Dimensions: 12 x 5.5 x 2.5 cm<\/li>\n<li>5-year warranty<\/li>\n<li>Unisex product.<\/li>\n<li>Photos depict a key case with client-embossed initials \u201cP.K.\u201d<\/li>\n<\/ul>","protected":false},"featured_media":4038,"comment_status":"open","ping_status":"closed","template":"","meta":{"_et_pb_use_builder":"on","_et_pb_old_content":"<strong>Dost\u0119pne inne kolory sk\u00f3ry<\/strong>:\r\n1. Czarny, 2. Granat, 3. Ciemny br\u0105z, 4. Bordo, 5. Koniak.\r\n(Jest to sk\u00f3ra z naturalnym, nieregularnym widoczynym wzorem \"grochu\")\r\nJe\u015bli chcesz wybra\u0107 inny kolor, wpisz jego nazw\u0119 w polu \u201eUwagi do zam\u00f3wienia\u201d na ostatnim etapie zam\u00f3wienia.\r\nSk\u00f3rzane etui na klucze to praktyczny dodatek do codziennego \u017cycia, \u0142\u0105cz\u0105cy styl z funkcjonalno\u015bci\u0105. Wykonane z wysokiej jako\u015bci naturalnej sk\u00f3ry, etui jest nie tylko trwa\u0142e, ale tak\u017ce pi\u0119knie nabiera charakteru z biegiem czasu.\r\n<img class=\"alignnone size-full wp-image-10608\" src=\"https:\/\/sobczukbags.com\/wp-content\/uploads\/2024\/09\/Aa-Tekst.png\" alt=\"\" width=\"700\" height=\"150\" \/>\r\n\r\nJego kompaktowa konstrukcja sprawia, \u017ce jest \u0142atwe do przenoszenia w kieszeni, torebce czy plecaku, umo\u017cliwiaj\u0105c bezpieczne przechowywanie kluczy bez obawy o przypadkowe zarysowania innych przedmiot\u00f3w. Solidny, mosi\u0119\u017cny, regulowany zatrzask zapewnia pewne zamkni\u0119cie etui, chroni\u0105c klucze przed przypadkowym wypadni\u0119ciem.\r\nEtui na klucze bardzo dobrze sprawdzi si\u0119 jako prezent, lub ma\u0142y upominek zar\u00f3wno dla kobiet jak i m\u0119\u017cczyzn.\r\nSpersonalizowane inicja\u0142y sprawi\u0105, \u017ce obdarowana osoba poczuje si\u0119 jeszcze bardziej wyj\u0105tkowo.\r\n\r\nNa etui udzielamy 5 lat gwarancji, darmow\u0105 napraw\u0119 i regeneracj\u0119 w tym okresie.\r\nOferujemy r\u00f3wnie\u017c serwis pogwarancyjny, tak by produkt s\u0142u\u017cy\u0142 jeszcze d\u0142u\u017cej. Przy odpowiedniej piel\u0119gnacji, produkt b\u0119dzie s\u0142u\u017cy\u0142 wiele d\u0142ugich lat.\r\n\r\n[embed]https:\/\/youtu.be\/qx5qkhZkkms[\/embed]","_et_gb_content_width":"","content-type":""},"product_brand":[],"product_cat":[39,36,216,37],"product_tag":[],"class_list":{"0":"post-637","1":"product","2":"type-product","3":"status-publish","4":"has-post-thumbnail","6":"product_cat-akcesoria","7":"product_cat-bestsellery","8":"product_cat-wszystkie-akcesoria","9":"product_cat-wszystkie-produkty","10":"product_shipping_class-s-portfele-breloki-i-mala-galanteria","12":"first","13":"onbackorder","14":"taxable","15":"shipping-taxable","16":"purchasable","17":"product-type-variable","18":"has-default-attributes","19":"wvs-archive-product-wrapper"},"wcpa_form_fields":null,"_links":{"self":[{"href":"https:\/\/sobczukbags.com\/en\/wp-json\/wp\/v2\/product\/637","targetHints":{"allow":["GET"]}}],"collection":[{"href":"https:\/\/sobczukbags.com\/en\/wp-json\/wp\/v2\/product"}],"about":[{"href":"https:\/\/sobczukbags.com\/en\/wp-json\/wp\/v2\/types\/product"}],"replies":[{"embeddable":true,"href":"https:\/\/sobczukbags.com\/en\/wp-json\/wp\/v2\/comments?post=637"}],"wp:featuredmedia":[{"embeddable":true,"href":"https:\/\/sobczukbags.com\/en\/wp-json\/wp\/v2\/media\/4038"}],"wp:attachment":[{"href":"https:\/\/sobczukbags.com\/en\/wp-json\/wp\/v2\/media?parent=637"}],"wp:term":[{"taxonomy":"product_brand","embeddable":true,"href":"https:\/\/sobczukbags.com\/en\/wp-json\/wp\/v2\/product_brand?post=637"},{"taxonomy":"product_cat","embeddable":true,"href":"https:\/\/sobczukbags.com\/en\/wp-json\/wp\/v2\/product_cat?post=637"},{"taxonomy":"product_tag","embeddable":true,"href":"https:\/\/sobczukbags.com\/en\/wp-json\/wp\/v2\/product_tag?post=637"}],"curies":[{"name":"wp","href":"https:\/\/api.w.org\/{rel}","templated":true}]}}