{"id":686,"date":"2024-03-23T17:32:57","date_gmt":"2024-03-23T17:32:57","guid":{"rendered":"https:\/\/sobczukbags.com\/?post_type=product&#038;p=686"},"modified":"2025-11-08T10:23:08","modified_gmt":"2025-11-08T09:23:08","slug":"burgundy-make-up-bag-2","status":"publish","type":"product","link":"https:\/\/sobczukbags.com\/en\/product-3\/burgundy-make-up-bag-2\/","title":{"rendered":"Wash Bag, burgundy"},"content":{"rendered":"<p><strong>All available leather colours<\/strong>: 1) Black, 2) Navy blue, 3) Dark brown, 4) Maroon, 5) Cognac.<br \/>\nIf you would like to choose a different colour, please enter the name of the colour in the \"Order notes\" field at the last stage of your order.<br \/>\n<img loading=\"lazy\" decoding=\"async\" class=\"alignnone size-full wp-image-10608\" src=\"https:\/\/sobczukbags.com\/wp-content\/uploads\/2024\/09\/Aa-Tekst.png\" alt=\"\" width=\"700\" height=\"150\" srcset=\"https:\/\/sobczukbags.com\/wp-content\/uploads\/2024\/09\/Aa-Tekst.png 700w, https:\/\/sobczukbags.com\/wp-content\/uploads\/2024\/09\/Aa-Tekst-480x103.png 480w\" sizes=\"(min-width: 0px) and (max-width: 480px) 480px, (min-width: 481px) 700px, 100vw\" \/><\/p>\n<p>Heading to a trip and need a place to store your cosmetics? Or perhaps you're looking for a gift idea?<br \/>\nA toiletry bag is one of the most timeless and reliable gifts for both men and women!<br \/>\nIts classic and universal design makes it a perfect choice for almost anyone's taste and needs.<\/p>\n<p>The exceptional craftsmanship and top-quality materials ensure that even with such a simple item, you'll feel truly special.<br \/>\nThis toiletry bag is spacious enough to hold all your daily care essentials\u2014even an electric toothbrush!<\/p>\n<p>We offer a 5-year warranty on every cosmetic bag, including free repair and restoration during this period.<br \/>\nWe also provide post-warranty service so that the product lasts even longer. With proper care, the product will serve you for many long years.<br \/>\nThe cosmetic bag requires regular care by applying oils and special waxes.<\/p>\n<p>You will also find them in our store.<\/p>\n<p>&nbsp;<\/p>","protected":false},"excerpt":{"rendered":"<ul>\n<li>Leather color: Burgundy<\/li>\n<li>Spacious wash bag, capable of holding all your essential items.<\/li>\n<li>Brass snap fasteners on the corners give the cosmetic bag a unique character.<\/li>\n<li>Thick cow-hide natural leather.<\/li>\n<li>Reliable Riri brand zipper.<\/li>\n<li>Brass feet at the bottom of the cosmetic bag protect it from moisture and wear.<\/li>\n<li>Reinforced, stiff bottom.<\/li>\n<li>An additional interior pocket for small items.<\/li>\n<li>Waterproof, thick lining that helps keep the cosmetic bag clean.<\/li>\n<li>Free embossing of monogram\/initials (optional).<\/li>\n<li>Option to choose a product without the brand's external logo.<\/li>\n<li>Classic and timeless design.<\/li>\n<li>5-year warranty<\/li>\n<li>Unisex product.<\/li>\n<li>Dimensions: 26 x 14 x 13 cm.<\/li>\n<li>The photos show a cosmetic bag with the client's initials embossed.<\/li>\n<\/ul>","protected":false},"featured_media":4044,"comment_status":"open","ping_status":"closed","template":"","meta":{"_et_pb_use_builder":"","_et_pb_old_content":"","_et_gb_content_width":"","content-type":""},"product_brand":[],"product_cat":[39,216,37],"product_tag":[],"class_list":{"0":"post-686","1":"product","2":"type-product","3":"status-publish","4":"has-post-thumbnail","6":"product_cat-akcesoria","7":"product_cat-wszystkie-akcesoria","8":"product_cat-wszystkie-produkty","9":"product_shipping_class-m-kosmetyczki-kosmetyczki-kuferki","10":"wcpa_has_options","12":"first","13":"instock","14":"taxable","15":"shipping-taxable","16":"purchasable","17":"product-type-simple"},"wcpa_form_fields":{"wcpaData":{"product":{"product_price":1290,"price_html":"<span class='wmc-cache-pid ' data-wmc_product_id='686'><span class=\"woocommerce-Price-amount amount\">1290,00<span class=\"woocommerce-Price-currencySymbol\">&#122;&#322;<\/span><\/span><\/span>","original_product_price":1290,"price_including_tax":1290,"price_excluding_tax":1048.7804879999999,"product_id":{"parent":686,"variation":false},"is_variable":false,"stock_status":"instock","stock_quantity":null,"parent_sku":"","product_attributes":{"pa_kosmetyczka-kolor-skory":{"is_variation":false,"values":["kosmetyczka-bordowy"]}},"custom_fields":{"wcpa_pcf_monogram_visibility":"show"},"is_taxable":true,"product_name":"Kosmetyczka, bordowa","hasImage":false},"fields":{"sec_4690f08b621794":{"extra":{"key":"sec_4690f08b621794","section_id":"sec_4690f08b621794","name":"Default","status":1,"cl_rule":"show","enableCl":false,"relations":[],"toggle":true,"title_tag":"h3","show_title":false,"showPrice":"default","form_id":12078,"form_rules":{"exclude_from_discount":false,"fee_label":"Fee","disp_hide_options_price":false,"disp_show_section_price":false,"disp_show_field_price":true,"layout_option":"standard","pric_use_as_fee":false,"process_fee_as":"woo_fee"},"layout_option":"standard"},"fields":[[{"active":true,"col":6,"relations":false,"cl_rule":"show","enableCl":false,"price":"","enablePrice":false,"className":"","label_position":"default","desc_position":"default","type":"select","required":true,"elementId":"select_9651421055","label":"Kolor oku\u0107","name":"select_9651421055","values":[{"label":"Z\u0142oty","value":"z\u0142oty","selected":true,"tempId":"aco_1533","gt_translate_keys":["label"]},{"label":"Srebrny","value":"srebrny","selected":false,"tempId":"aco_1534","gt_translate_keys":["label"]}],"isWeightTemplate":false,"error":false,"isTemplate":false,"min_quantity":"1","quantity_decimal":false,"quantity_step":"1","quantity_label":"Quantity","repeater_field_label":"{field_label}","repeater_bind":"","dropdown_type":"basic","gt_translate_keys":["label","repeater_field_label","quantity_label"],"price_dependency":false,"cl_dependency":false,"value":""}],[{"active":true,"col":6,"relations":false,"cl_rule":"show","enableCl":false,"price":"","enablePrice":false,"className":"","label_position":"default","desc_position":"default","type":"select","required":false,"elementId":"select_0655092227","label":"Personalizacja","name":"select_0655092227","values":[{"label":"Nie","value":"Option - 1","selected":false,"tempId":"aco_2609","gt_translate_keys":["label"]},{"label":"W kolorze oku\u0107","value":"Option - 2","selected":true,"tempId":"aco_2610","gt_translate_keys":["label"]},{"label":"Bez koloru (samo t\u0142oczenie)","value":"Option - 3","selected":false,"tempId":"aco_2611","gt_translate_keys":["label"]}],"isWeightTemplate":false,"error":false,"isTemplate":false,"min_quantity":"1","quantity_decimal":false,"quantity_step":"1","quantity_label":"Quantity","repeater_field_label":"{field_label}","repeater_bind":"","dropdown_type":"basic","tooltip":"Je\u015bli nie chesz np. inicja\u0142\u00f3w na produkcie, wybierz \"nie\".","gt_translate_keys":["label","tooltip","repeater_field_label","quantity_label"],"price_dependency":false,"cl_dependency":false,"value":""}],[{"active":true,"col":6,"relations":false,"cl_rule":"show","enableCl":false,"price":"","enablePrice":false,"className":"","label_position":"default","desc_position":"default","type":"select","required":false,"elementId":"select_2158794583","label":"Logotyp SOBCZUK","name":"select_2158794583","values":[{"label":"Tak","value":"Option - 1","selected":true,"tempId":"aco_4989","gt_translate_keys":["label"]},{"label":"Nie","value":"Option - 2","selected":false,"tempId":"aco_4990","gt_translate_keys":["label"]}],"isWeightTemplate":false,"error":false,"isTemplate":false,"min_quantity":"1","quantity_decimal":false,"quantity_step":"1","quantity_label":"Quantity","repeater_field_label":"{field_label}","repeater_bind":"","dropdown_type":"basic","gt_translate_keys":["label","repeater_field_label","quantity_label"],"price_dependency":false,"cl_dependency":false,"value":""}]]},"sec_56781439e54c34":{"extra":{"key":"sec_56781439e54c34","section_id":"sec_56781439e54c34","name":"Default","status":1,"toggle":true,"form_id":9345,"form_rules":{"exclude_from_discount":false,"fee_label":"Fee","disp_hide_options_price":false,"disp_show_section_price":false,"disp_show_field_price":true,"layout_option":"standard","pric_use_as_fee":false,"process_fee_as":"woo_fee"},"layout_option":"standard"},"fields":[[{"active":true,"col":6,"relations":[{"operator":false,"rules":[{"operator":false,"rules":{"cl_field":"select_7261061410","cl_relation":"is","cl_val":"hide"}}]}],"cl_rule":"hide","enableCl":true,"price":"","enablePrice":false,"className":"","type":"text","subtype":"text","required":false,"elementId":"text_5247103151","label":"Personalizacja \/ monogram","name":"hide_text_field","value":"","error":false,"placeholder":"J.K \/ J.Kowalski","description":"Wpisz tekst do personalizacji (do 10 znak\u00f3w) lub pozostaw puste pole.","maxlength":"10","repeater":false,"repeater_field_label":"{field_label}","repeater_bind":"","enableDesign":true,"LabelColor":"#000000","DescColor":"#4a4a4a","DescSize":"10","enableWeight":false,"mapToCheckout":false,"tooltip":"Inicja\u0142y b\u0119d\u0105 umieszczone na przywieszce (je\u015bli jest zawarta w produkcie). Tekst powy\u017cej 5 znak\u00f3w b\u0119dzie umieszczomny na korpusie produktu.","gt_translate_keys":["label","placeholder","description","value","tooltip","repeater_field_label"],"price_dependency":false,"cl_dependency":false}]]}},"config":{"price_override":"","enable_recaptcha":false,"bind_quantity":false,"quantity_bind_formula":false,"disp_summ_show_option_price":true,"disp_summ_show_product_price":true,"disp_summ_show_total_price":true,"disp_summ_show_fee":false,"disp_summ_show_discount":false,"summary_title":"","options_total_label":"Options Price","total_label":"Total","options_product_label":"Product Price","fee_label":"Fee","discount_label":"Discount","has_price":true,"has_quantity_formula":false},"mc_unit":1,"tax_rate":1,"tax_rate_real":0.23,"discount":{"percentage":0,"fixed":0},"design":{"conf":{"LabelPosition":"above","DescPosition":"above","UploadField":"custom_1","QuantityFieldStyle":"default"},"css":{"LeftLabelWidth":"120px"}},"formulas":[],"lookuptables":[],"clones":false,"cartKey":false}},"_links":{"self":[{"href":"https:\/\/sobczukbags.com\/en\/wp-json\/wp\/v2\/product\/686","targetHints":{"allow":["GET"]}}],"collection":[{"href":"https:\/\/sobczukbags.com\/en\/wp-json\/wp\/v2\/product"}],"about":[{"href":"https:\/\/sobczukbags.com\/en\/wp-json\/wp\/v2\/types\/product"}],"replies":[{"embeddable":true,"href":"https:\/\/sobczukbags.com\/en\/wp-json\/wp\/v2\/comments?post=686"}],"wp:featuredmedia":[{"embeddable":true,"href":"https:\/\/sobczukbags.com\/en\/wp-json\/wp\/v2\/media\/4044"}],"wp:attachment":[{"href":"https:\/\/sobczukbags.com\/en\/wp-json\/wp\/v2\/media?parent=686"}],"wp:term":[{"taxonomy":"product_brand","embeddable":true,"href":"https:\/\/sobczukbags.com\/en\/wp-json\/wp\/v2\/product_brand?post=686"},{"taxonomy":"product_cat","embeddable":true,"href":"https:\/\/sobczukbags.com\/en\/wp-json\/wp\/v2\/product_cat?post=686"},{"taxonomy":"product_tag","embeddable":true,"href":"https:\/\/sobczukbags.com\/en\/wp-json\/wp\/v2\/product_tag?post=686"}],"curies":[{"name":"wp","href":"https:\/\/api.w.org\/{rel}","templated":true}]}}