{"id":694,"date":"2024-03-23T17:39:08","date_gmt":"2024-03-23T17:39:08","guid":{"rendered":"https:\/\/sobczukbags.com\/?post_type=product&#038;p=694"},"modified":"2025-11-08T10:21:44","modified_gmt":"2025-11-08T09:21:44","slug":"cosmetic-bag-dark-brown-3","status":"publish","type":"product","link":"https:\/\/sobczukbags.com\/en\/product-3\/cosmetic-bag-dark-brown-3\/","title":{"rendered":"Wash Bag, dark brown"},"content":{"rendered":"<p>[et_pb_section fb_built=\u201d1\u2033 _builder_version=\u201d4.16\u2033 custom_padding=\u201d0px||||false|false\u201d global_colors_info=\u201d{}\u201d][et_pb_row _builder_version=\u201d4.16\u2033 background_size=\u201dinitial\u201d background_position=\u201dtop_left\u201d background_repeat=\u201drepeat\u201d width=\u201d100%\u201d custom_padding=\u201d0px||0px|false|false\u201d global_colors_info=\u201d{}\u201d][et_pb_column type=\u201d4_4\u2033 _builder_version=\u201d4.16\u2033 custom_padding=\u201d|||\u201d global_colors_info=\u201d{}\u201d custom_padding__hover=\u201d|||\u201d][et_pb_wc_breadcrumb _builder_version=\u201d4.16\u2033 global_colors_info=\u201d{}\u201d][\/et_pb_wc_breadcrumb][et_pb_wc_cart_notice _builder_version=\u201d4.16\u2033 global_colors_info=\u201d{}\u201d][\/et_pb_wc_cart_notice][\/et_pb_column][\/et_pb_row][et_pb_row column_structure=\u201d1_2,1_2\u2033 _builder_version=\u201d4.16\u2033 background_size=\u201dinitial\u201d background_position=\u201dtop_left\u201d background_repeat=\u201drepeat\u201d width=\u201d100%\u201d custom_padding=\u201d0px||||false|false\u201d global_colors_info=\u201d{}\u201d][et_pb_column type=\u201d1_2\u2033 _builder_version=\u201d4.16\u2033 custom_padding=\u201d|||\u201d global_colors_info=\u201d{}\u201d custom_padding__hover=\u201d|||\u201d][et_pb_wc_images _builder_version=\u201d4.16\u2033 global_colors_info=\u201d{}\u201d][\/et_pb_wc_images][\/et_pb_column][et_pb_column type=\u201d1_2\u2033 _builder_version=\u201d4.16\u2033 custom_padding=\u201d|||\u201d global_colors_info=\u201d{}\u201d custom_padding__hover=\u201d|||\u201d][et_pb_wc_title _builder_version=\u201d4.16\u2033 global_colors_info=\u201d{}\u201d][\/et_pb_wc_title][et_pb_wc_rating _builder_version=\u201d4.16\u2033 global_colors_info=\u201d{}\u201d][\/et_pb_wc_rating][et_pb_wc_price _builder_version=\u201d4.16\u2033 global_colors_info=\u201d{}\u201d][\/et_pb_wc_price][et_pb_wc_description _builder_version=\u201d4.16\u2033 global_colors_info=\u201d{}\u201d][\/et_pb_wc_description][et_pb_wc_add_to_cart _builder_version=\u201d4.16\u2033 global_colors_info=\u201d{}\u201d][\/et_pb_wc_add_to_cart][et_pb_wc_meta _builder_version=\u201d4.16\u2033 global_colors_info=\u201d{}\u201d][\/et_pb_wc_meta][\/et_pb_column][\/et_pb_row][et_pb_row _builder_version=\u201d4.16\u2033 background_size=\u201dinitial\u201d background_position=\u201dtop_left\u201d background_repeat=\u201drepeat\u201d width=\u201d100%\u201d global_colors_info=\u201d{}\u201d][et_pb_column type=\u201d4_4\u2033 _builder_version=\u201d4.16\u2033 custom_padding=\u201d|||\u201d global_colors_info=\u201d{}\u201d custom_padding__hover=\u201d|||\u201d][et_pb_wc_tabs _builder_version=\u201d4.16\u2033 global_colors_info=\u201d{}\u201d][\/et_pb_wc_tabs][et_pb_wc_upsells _builder_version=\u201d4.16\u2033 global_colors_info=\u201d{}\u201d][\/et_pb_wc_upsells][et_pb_wc_related_products _builder_version=\u201d4.16\u2033 global_colors_info=\u201d{}\u201d][\/et_pb_wc_related_products][\/et_pb_column][\/et_pb_row][\/et_pb_section].<\/p>","protected":false},"excerpt":{"rendered":"<ul>\n<li>Leather Color: Dark Brown<\/li>\n<li>Spacious wash bag, capable of holding all your essential items.<\/li>\n<li>Brass snap fasteners on the corners give the cosmetic bag a unique character.<\/li>\n<li>Thick cow-hide natural leather.<\/li>\n<li>Reliable Riri brand zipper.<\/li>\n<li>Brass feet at the bottom of the cosmetic bag protect it from moisture and wear.<\/li>\n<li>Reinforced, stiff bottom.<\/li>\n<li>An additional interior pocket for small items.<\/li>\n<li>Waterproof, thick lining that helps keep the cosmetic bag clean.<\/li>\n<li>Free embossing of monogram\/initials (optional).<\/li>\n<li>Option to choose a product without the brand's external logo.<\/li>\n<li>Classic and timeless design.<\/li>\n<li>5-year warranty<\/li>\n<li>Unisex product.<\/li>\n<li>Dimensions: 26 x 14 x 13 cm.<\/li>\n<li>The photos show a cosmetic bag with the client's initials embossed.<\/li>\n<\/ul>","protected":false},"featured_media":4046,"comment_status":"open","ping_status":"closed","template":"","meta":{"_et_pb_use_builder":"on","_et_pb_old_content":"<strong>Wszystkie dost\u0119pne kolory sk\u00f3ry<\/strong>: 1. Czarny, 2. Granat, 3. Ciemny br\u0105z, 4. Bordo, 5. Koniak.\r\nJe\u015bli chcesz wybra\u0107 inny kolor, wpisz jego nazw\u0119 w polu \u201eUwagi do zam\u00f3wienia\u201d na ostatnim etapie zam\u00f3wienia.\r\n<img class=\"alignnone size-full wp-image-10608\" src=\"https:\/\/sobczukbags.com\/wp-content\/uploads\/2024\/09\/Aa-Tekst.png\" alt=\"\" width=\"700\" height=\"150\" \/>\r\n\r\nWybierasz si\u0119 w podr\u00f3\u017c, ale nie masz w co schowa\u0107 kosmetyk\u00f3w? A mo\u017ce szukasz przedmiotu na prezent?\r\nKosmetyczka to najbardziej sprawdzony prezent dla m\u0119\u017cczyzny i kobiety!\r\nJest to produkt tak bardzo klasyczny i uniwersalny, \u017ce trafi w gusta i potrzeby niemal ka\u017cdej osoby,\r\n\r\nPerfekcyjne wykonanie i najwy\u017cszej jako\u015bci materia\u0142y sprawi\u0105, \u017ce nawet z tak prostym przedmiotem poczujesz si\u0119 wyj\u0105tkowo.\r\nKosmetyczka zmie\u015bci wszystkie kosmetyki potrzebne do codziennej piel\u0119gnacji, nawet elektryczn\u0105 szczoteczk\u0119 do z\u0119b\u00f3w!\r\n\r\nNa ka\u017cd\u0105 kosmetyczk\u0119 udzielamy 5 lat gwarancji, darmow\u0105 napraw\u0119 i regeneracj\u0119 w tym okresie.\r\nOferujemy r\u00f3wnie\u017c serwis pogwarancyjny, tak by s\u0142u\u017cy\u0142a jeszcze d\u0142u\u017cej. Przy odpowiedniej piel\u0119gnacji, produkt b\u0119dzie s\u0142u\u017cy\u0142 wiele d\u0142ugich lat.\r\nKosmetyczka wymaga regularnej piel\u0119gnacji przez nat\u0142uszczanie i konserwowanie specjalnymi woskami.\r\n\r\n[embed]https:\/\/www.youtube.com\/watch?v=xb9SaUIeP68[\/embed]\r\n\r\n&nbsp;","_et_gb_content_width":"","content-type":""},"product_brand":[],"product_cat":[39,36,216,37],"product_tag":[],"class_list":{"0":"post-694","1":"product","2":"type-product","3":"status-publish","4":"has-post-thumbnail","6":"product_cat-akcesoria","7":"product_cat-bestsellery","8":"product_cat-wszystkie-akcesoria","9":"product_cat-wszystkie-produkty","10":"product_shipping_class-m-kosmetyczki-kosmetyczki-kuferki","11":"wcpa_has_options","13":"first","14":"instock","15":"taxable","16":"shipping-taxable","17":"purchasable","18":"product-type-simple"},"wcpa_form_fields":{"wcpaData":{"product":{"product_price":1290,"price_html":"<span class='wmc-cache-pid ' data-wmc_product_id='694'><span class=\"woocommerce-Price-amount amount\">1290,00<span class=\"woocommerce-Price-currencySymbol\">&#122;&#322;<\/span><\/span><\/span>","original_product_price":1290,"price_including_tax":1290,"price_excluding_tax":1048.7804879999999,"product_id":{"parent":694,"variation":false},"is_variable":false,"stock_status":"instock","stock_quantity":null,"parent_sku":"","product_attributes":{"pa_kosmetyczka-kolor-skory":{"is_variation":false,"values":["kosmetyczka-ciemny-braz"]}},"custom_fields":{"wcpa_pcf_monogram_visibility":"show"},"is_taxable":true,"product_name":"Kosmetyczka, ciemny br\u0105z","hasImage":false},"fields":{"sec_4690f08b621794":{"extra":{"key":"sec_4690f08b621794","section_id":"sec_4690f08b621794","name":"Default","status":1,"cl_rule":"show","enableCl":false,"relations":[],"toggle":true,"title_tag":"h3","show_title":false,"showPrice":"default","form_id":12078,"form_rules":{"exclude_from_discount":false,"fee_label":"Op\u0142ata","disp_hide_options_price":false,"disp_show_section_price":false,"disp_show_field_price":true,"layout_option":"standard","pric_use_as_fee":false,"process_fee_as":"woo_fee"},"layout_option":"standard"},"fields":[[{"active":true,"col":6,"relations":false,"cl_rule":"show","enableCl":false,"price":"","enablePrice":false,"className":"","label_position":"default","desc_position":"default","type":"select","required":true,"elementId":"select_9651421055","label":"Kolor oku\u0107","name":"select_9651421055","values":[{"label":"Z\u0142oty","value":"z\u0142oty","selected":true,"tempId":"aco_1533","gt_translate_keys":["label"]},{"label":"Srebrny","value":"srebrny","selected":false,"tempId":"aco_1534","gt_translate_keys":["label"]}],"isWeightTemplate":false,"error":false,"isTemplate":false,"min_quantity":"1","quantity_decimal":false,"quantity_step":"1","quantity_label":"Quantity","repeater_field_label":"{field_label}","repeater_bind":"","dropdown_type":"basic","gt_translate_keys":["label","repeater_field_label","quantity_label"],"price_dependency":false,"cl_dependency":false,"value":""}],[{"active":true,"col":6,"relations":false,"cl_rule":"show","enableCl":false,"price":"","enablePrice":false,"className":"","label_position":"default","desc_position":"default","type":"select","required":false,"elementId":"select_0655092227","label":"Personalizacja","name":"select_0655092227","values":[{"label":"Nie","value":"Option - 1","selected":false,"tempId":"aco_2609","gt_translate_keys":["label"]},{"label":"W kolorze oku\u0107","value":"Option - 2","selected":true,"tempId":"aco_2610","gt_translate_keys":["label"]},{"label":"Bez koloru (samo t\u0142oczenie)","value":"Option - 3","selected":false,"tempId":"aco_2611","gt_translate_keys":["label"]}],"isWeightTemplate":false,"error":false,"isTemplate":false,"min_quantity":"1","quantity_decimal":false,"quantity_step":"1","quantity_label":"Quantity","repeater_field_label":"{field_label}","repeater_bind":"","dropdown_type":"basic","tooltip":"Je\u015bli nie chesz np. inicja\u0142\u00f3w na produkcie, wybierz \"nie\".","gt_translate_keys":["label","tooltip","repeater_field_label","quantity_label"],"price_dependency":false,"cl_dependency":false,"value":""}],[{"active":true,"col":6,"relations":false,"cl_rule":"show","enableCl":false,"price":"","enablePrice":false,"className":"","label_position":"default","desc_position":"default","type":"select","required":false,"elementId":"select_2158794583","label":"Logotyp SOBCZUK","name":"select_2158794583","values":[{"label":"Tak","value":"Option - 1","selected":true,"tempId":"aco_4989","gt_translate_keys":["label"]},{"label":"Nie","value":"Option - 2","selected":false,"tempId":"aco_4990","gt_translate_keys":["label"]}],"isWeightTemplate":false,"error":false,"isTemplate":false,"min_quantity":"1","quantity_decimal":false,"quantity_step":"1","quantity_label":"Quantity","repeater_field_label":"{field_label}","repeater_bind":"","dropdown_type":"basic","gt_translate_keys":["label","repeater_field_label","quantity_label"],"price_dependency":false,"cl_dependency":false,"value":""}]]},"sec_56781439e54c34":{"extra":{"key":"sec_56781439e54c34","section_id":"sec_56781439e54c34","name":"Default","status":1,"toggle":true,"form_id":9345,"form_rules":{"exclude_from_discount":false,"fee_label":"Op\u0142ata","disp_hide_options_price":false,"disp_show_section_price":false,"disp_show_field_price":true,"layout_option":"standard","pric_use_as_fee":false,"process_fee_as":"woo_fee"},"layout_option":"standard"},"fields":[[{"active":true,"col":6,"relations":[{"operator":false,"rules":[{"operator":false,"rules":{"cl_field":"select_7261061410","cl_relation":"is","cl_val":"hide"}}]}],"cl_rule":"hide","enableCl":true,"price":"","enablePrice":false,"className":"","type":"text","subtype":"text","required":false,"elementId":"text_5247103151","label":"Personalizacja \/ monogram","name":"hide_text_field","value":"","error":false,"placeholder":"J.K \/ J.Kowalski","description":"Wpisz tekst do personalizacji (do 10 znak\u00f3w) lub pozostaw puste pole.","maxlength":"10","repeater":false,"repeater_field_label":"{field_label}","repeater_bind":"","enableDesign":true,"LabelColor":"#000000","DescColor":"#4a4a4a","DescSize":"10","enableWeight":false,"mapToCheckout":false,"tooltip":"Inicja\u0142y b\u0119d\u0105 umieszczone na przywieszce (je\u015bli jest zawarta w produkcie). Tekst powy\u017cej 5 znak\u00f3w b\u0119dzie umieszczomny na korpusie produktu.","gt_translate_keys":["label","placeholder","description","value","tooltip","repeater_field_label"],"price_dependency":false,"cl_dependency":false}]]}},"config":{"price_override":"","enable_recaptcha":false,"bind_quantity":false,"quantity_bind_formula":false,"disp_summ_show_option_price":true,"disp_summ_show_product_price":true,"disp_summ_show_total_price":true,"disp_summ_show_fee":false,"disp_summ_show_discount":false,"summary_title":"","options_total_label":"Cena opcji","total_label":"\u0141\u0105cznie","options_product_label":"Cena produktu","fee_label":"Op\u0142ata","discount_label":"Zni\u017cka","has_price":true,"has_quantity_formula":false},"mc_unit":1,"tax_rate":1,"tax_rate_real":0.23,"discount":{"percentage":0,"fixed":0},"design":{"conf":{"LabelPosition":"above","DescPosition":"above","UploadField":"custom_1","QuantityFieldStyle":"default"},"css":{"LeftLabelWidth":"120px"}},"formulas":[],"lookuptables":[],"clones":false,"cartKey":false}},"_links":{"self":[{"href":"https:\/\/sobczukbags.com\/en\/wp-json\/wp\/v2\/product\/694","targetHints":{"allow":["GET"]}}],"collection":[{"href":"https:\/\/sobczukbags.com\/en\/wp-json\/wp\/v2\/product"}],"about":[{"href":"https:\/\/sobczukbags.com\/en\/wp-json\/wp\/v2\/types\/product"}],"replies":[{"embeddable":true,"href":"https:\/\/sobczukbags.com\/en\/wp-json\/wp\/v2\/comments?post=694"}],"wp:featuredmedia":[{"embeddable":true,"href":"https:\/\/sobczukbags.com\/en\/wp-json\/wp\/v2\/media\/4046"}],"wp:attachment":[{"href":"https:\/\/sobczukbags.com\/en\/wp-json\/wp\/v2\/media?parent=694"}],"wp:term":[{"taxonomy":"product_brand","embeddable":true,"href":"https:\/\/sobczukbags.com\/en\/wp-json\/wp\/v2\/product_brand?post=694"},{"taxonomy":"product_cat","embeddable":true,"href":"https:\/\/sobczukbags.com\/en\/wp-json\/wp\/v2\/product_cat?post=694"},{"taxonomy":"product_tag","embeddable":true,"href":"https:\/\/sobczukbags.com\/en\/wp-json\/wp\/v2\/product_tag?post=694"}],"curies":[{"name":"wp","href":"https:\/\/api.w.org\/{rel}","templated":true}]}}