{"id":754,"date":"2024-03-24T08:24:49","date_gmt":"2024-03-24T08:24:49","guid":{"rendered":"https:\/\/sobczukbags.com\/?post_type=product&#038;p=754"},"modified":"2025-11-08T12:18:23","modified_gmt":"2025-11-08T11:18:23","slug":"lofty-slim-wallet-2","status":"publish","type":"product","link":"https:\/\/sobczukbags.com\/en\/product-3\/lofty-slim-wallet-2\/","title":{"rendered":"Lofty Slim Wallet, burgundy"},"content":{"rendered":"<p><strong>All available leather colours<\/strong>: 1) Black, 2) Navy blue, 3) Dark brown, 4) Maroon, 5) Cognac.<br \/>\nIf you would like to choose a different colour, please enter the name of the colour in the \"Order notes\" field at the last stage of your order.<br \/>\n<img loading=\"lazy\" decoding=\"async\" class=\"alignnone size-full wp-image-10608\" src=\"https:\/\/sobczukbags.com\/wp-content\/uploads\/2024\/09\/Aa-Tekst.png\" alt=\"\" width=\"700\" height=\"150\" srcset=\"https:\/\/sobczukbags.com\/wp-content\/uploads\/2024\/09\/Aa-Tekst.png 700w, https:\/\/sobczukbags.com\/wp-content\/uploads\/2024\/09\/Aa-Tekst-480x103.png 480w\" sizes=\"(min-width: 0px) and (max-width: 480px) 480px, (min-width: 481px) 700px, 100vw\" \/><\/p>\n<p>Do you own a large card collection? The Lofty Slim wallet will be ideal.<\/p>\n<p>14 card slots, a large note compartment and three vertical document pockets will allow you to store everything you need. Ideal when you want to present yourself well, without stuffed pockets. It will work well in a coat pocket or bag.<\/p>\n<p>Personalized initials add a unique touch, making it an excellent gift option.<br \/>\nCatering to the needs of the most demanding users, we follow the philosophy of \"Quiet Luxury,\" avoiding visible logos on the exterior of the product.<\/p>\n<p>&nbsp;<\/p>\n<p>For the wallet, we provide a 5-year guarantee, free repair and reconditioning during this period.<br \/>\nAdditionally, we provide post-warranty service to ensure the product lasts even longer.<\/p>\n<p>Hand stitching \u2013 This method is simply the best. It creates a beautiful and incredibly strong stitch. However, it takes significantly more time to complete. Perfect for those who appreciate the highest craftsmanship and precision.<\/p>\n<p>Machine stitching \u2013 While not as elegant and durable as hand stitching, it is more than sufficient for this type of product. Our high-quality products are sure to meet your expectations.<\/p>\n<p><a href=\"https:\/\/www.youtube.com\/watch?v=\/-wT-zlq4n4s?feature=share\">https:\/\/www.youtube.com\/watch?v=\/-wT-zlq4n4s?feature=share<\/a><\/p>\n<p>&nbsp;<\/p>","protected":false},"excerpt":{"rendered":"<ul>\n<li>Leather colour: Cognac.<\/li>\n<li>Holds 14 cards.<\/li>\n<li>Large note compartment.<\/li>\n<li>3 document pockets.<\/li>\n<li>Sleek and minimalist design.<\/li>\n<li>Embossed initials of the customer (optional).<\/li>\n<li>Made from some of the most prestigious Italian leathers in its class<\/li>\n<li>Absence of brand logo in a prominent position on the outside of the product.<\/li>\n<li>5-year warranty<\/li>\n<li>Photos show wallet with machine sewing<\/li>\n<\/ul>","protected":false},"featured_media":4054,"comment_status":"open","ping_status":"closed","template":"","meta":{"_et_pb_use_builder":"","_et_pb_old_content":"","_et_gb_content_width":"","content-type":""},"product_brand":[],"product_cat":[39,46,216,37],"product_tag":[],"class_list":{"0":"post-754","1":"product","2":"type-product","3":"status-publish","4":"has-post-thumbnail","6":"product_cat-akcesoria","7":"product_cat-portfele-i-etui-na-karty","8":"product_cat-wszystkie-akcesoria","9":"product_cat-wszystkie-produkty","10":"product_shipping_class-s-portfele-breloki-i-mala-galanteria","11":"wcpa_has_options","13":"first","14":"onbackorder","15":"taxable","16":"shipping-taxable","17":"purchasable","18":"product-type-variable","19":"has-default-attributes","20":"wvs-archive-product-wrapper"},"wcpa_form_fields":{"wcpaData":{"product":{"product_price":1690,"price_html":"<span class='wmc-cache-pid ' data-wmc_product_id='754'><span class=\"woocommerce-Price-amount amount\">1690,00<span class=\"woocommerce-Price-currencySymbol\">&#122;&#322;<\/span><\/span> <span aria-hidden=\"true\">&ndash;<\/span> <span class=\"woocommerce-Price-amount amount\">2290,00<span class=\"woocommerce-Price-currencySymbol\">&#122;&#322;<\/span><\/span><span class=\"screen-reader-text\">Zakres cen: od 1690,00&#122;&#322; do 2290,00&#122;&#322;<\/span><\/span>","original_product_price":1690,"price_including_tax":1690,"price_excluding_tax":1373.9837400000001,"product_id":{"parent":754,"variation":false},"is_variable":true,"stock_status":"onbackorder","stock_quantity":null,"parent_sku":"","product_attributes":{"pa_szycie":{"is_variation":true,"values":[]},"pa_monogram-personalizacja":{"is_variation":true,"values":[]}},"custom_fields":{"wcpa_pcf_monogram_visibility":"show"},"is_taxable":true,"product_name":"Portfel Lofty Slim, bordowy","hasImage":false},"fields":{"sec_367814565334e4":{"extra":{"key":"sec_367814565334e4","section_id":"sec_367814565334e4","name":"Default","status":1,"toggle":true,"form_id":9346,"form_rules":{"exclude_from_discount":false,"fee_label":"Op\u0142ata","disp_hide_options_price":false,"disp_show_section_price":false,"disp_show_field_price":true,"layout_option":"standard","pric_use_as_fee":false,"process_fee_as":"woo_fee"},"layout_option":"standard"},"fields":[[{"active":true,"col":6,"relations":[{"operator":false,"rules":[{"operator":"AND","rules":{"cl_field":"","cl_relation":"","cl_val":""}}]}],"cl_rule":"show","enableCl":false,"price":"","enablePrice":false,"className":"","type":"text","subtype":"text","required":false,"elementId":"text_1714371342","label":"Personalizacja:","name":"text_1714371342","value":"","error":false,"placeholder":"J.K. \/ JK","description":"Do 5 liter.","maxlength":"5","gt_translate_keys":["label","placeholder","description","value"],"price_dependency":false,"cl_dependency":false}]]}},"config":{"price_override":"","enable_recaptcha":false,"bind_quantity":false,"quantity_bind_formula":false,"disp_summ_show_option_price":true,"disp_summ_show_product_price":true,"disp_summ_show_total_price":true,"disp_summ_show_fee":false,"disp_summ_show_discount":false,"summary_title":"","options_total_label":"Cena opcji","total_label":"\u0141\u0105cznie","options_product_label":"Cena produktu","fee_label":"Op\u0142ata","discount_label":"Zni\u017cka","has_price":true,"has_quantity_formula":false},"mc_unit":1,"tax_rate":1,"tax_rate_real":0.23,"discount":{"percentage":0,"fixed":0},"design":{"conf":{"LabelPosition":"above","DescPosition":"above","UploadField":"custom_1","QuantityFieldStyle":"default"},"css":{"LeftLabelWidth":"120px"}},"formulas":[],"lookuptables":[],"clones":false,"cartKey":false}},"_links":{"self":[{"href":"https:\/\/sobczukbags.com\/en\/wp-json\/wp\/v2\/product\/754","targetHints":{"allow":["GET"]}}],"collection":[{"href":"https:\/\/sobczukbags.com\/en\/wp-json\/wp\/v2\/product"}],"about":[{"href":"https:\/\/sobczukbags.com\/en\/wp-json\/wp\/v2\/types\/product"}],"replies":[{"embeddable":true,"href":"https:\/\/sobczukbags.com\/en\/wp-json\/wp\/v2\/comments?post=754"}],"wp:featuredmedia":[{"embeddable":true,"href":"https:\/\/sobczukbags.com\/en\/wp-json\/wp\/v2\/media\/4054"}],"wp:attachment":[{"href":"https:\/\/sobczukbags.com\/en\/wp-json\/wp\/v2\/media?parent=754"}],"wp:term":[{"taxonomy":"product_brand","embeddable":true,"href":"https:\/\/sobczukbags.com\/en\/wp-json\/wp\/v2\/product_brand?post=754"},{"taxonomy":"product_cat","embeddable":true,"href":"https:\/\/sobczukbags.com\/en\/wp-json\/wp\/v2\/product_cat?post=754"},{"taxonomy":"product_tag","embeddable":true,"href":"https:\/\/sobczukbags.com\/en\/wp-json\/wp\/v2\/product_tag?post=754"}],"curies":[{"name":"wp","href":"https:\/\/api.w.org\/{rel}","templated":true}]}}